{"id":102512,"date":"2023-11-29T00:00:26","date_gmt":"2023-11-28T23:00:26","guid":{"rendered":"https:\/\/rdesignconcept.com\/?post_type=product&#038;p=102512"},"modified":"2023-11-29T01:13:32","modified_gmt":"2023-11-29T00:13:32","slug":"table-vendome","status":"publish","type":"product","link":"https:\/\/rdesignconcept.com\/index.php\/product\/table-vendome\/","title":{"rendered":"Table Vendome"},"content":{"rendered":"<p style=\"text-align: center;\"><span style=\"color: #1dadeb;\"><strong>\u2013 DIMENSIONS \u2013<\/strong><\/span><\/p>\n<p style=\"text-align: center;\">Longueur :\u00a0 100 cm<br \/>\nLargeur : 100 cm<br \/>\nHauteur :\u00a0 75 cm<\/p>\n<p style=\"text-align: center;\"><span style=\"color: #1dadeb;\"><strong>\u2013 ENTRETIEN \u2013<\/strong><\/span><\/p>\n<p style=\"text-align: center;\">Il est recommand\u00e9 d&#8217;essuyer la table uniquement avec un chiffon microfibre humidifi\u00e9 \u00e0 l\u2019eau.<br \/>\n\u00c9vitez tout produit m\u00e9nage agressif.<\/p>\n","protected":false},"excerpt":{"rendered":"<p>La table vend\u00f4me et ses 4 chaises vous s\u00e9duiront par sa forme et son apparence.<\/p>\n<p>Livraison sous 2 semaines selon le stock disponible<\/p>\n","protected":false},"featured_media":102513,"comment_status":"open","ping_status":"closed","template":"","meta":{"om_disable_all_campaigns":false,"_mi_skip_tracking":false,"_monsterinsights_sitenote_active":false,"_monsterinsights_sitenote_note":"","_monsterinsights_sitenote_category":0},"product_cat":[292,326,323],"product_tag":[358,356],"aioseo_notices":[],"jetpack_sharing_enabled":true,"_links":{"self":[{"href":"https:\/\/rdesignconcept.com\/index.php\/wp-json\/wp\/v2\/product\/102512"}],"collection":[{"href":"https:\/\/rdesignconcept.com\/index.php\/wp-json\/wp\/v2\/product"}],"about":[{"href":"https:\/\/rdesignconcept.com\/index.php\/wp-json\/wp\/v2\/types\/product"}],"replies":[{"embeddable":true,"href":"https:\/\/rdesignconcept.com\/index.php\/wp-json\/wp\/v2\/comments?post=102512"}],"wp:featuredmedia":[{"embeddable":true,"href":"https:\/\/rdesignconcept.com\/index.php\/wp-json\/wp\/v2\/media\/102513"}],"wp:attachment":[{"href":"https:\/\/rdesignconcept.com\/index.php\/wp-json\/wp\/v2\/media?parent=102512"}],"wp:term":[{"taxonomy":"product_cat","embeddable":true,"href":"https:\/\/rdesignconcept.com\/index.php\/wp-json\/wp\/v2\/product_cat?post=102512"},{"taxonomy":"product_tag","embeddable":true,"href":"https:\/\/rdesignconcept.com\/index.php\/wp-json\/wp\/v2\/product_tag?post=102512"}],"curies":[{"name":"wp","href":"https:\/\/api.w.org\/{rel}","templated":true}]}}