{"id":102504,"date":"2023-11-28T23:49:35","date_gmt":"2023-11-28T22:49:35","guid":{"rendered":"https:\/\/rdesignconcept.com\/?post_type=product&#038;p=102504"},"modified":"2023-11-29T01:13:50","modified_gmt":"2023-11-29T00:13:50","slug":"table-basse-baieta-noir","status":"publish","type":"product","link":"https:\/\/rdesignconcept.com\/index.php\/product\/table-basse-baieta-noir\/","title":{"rendered":"Table Baieta noir"},"content":{"rendered":"<p style=\"text-align: center;\"><span style=\"color: #1dadeb;\"><strong>\u2013 DIMENSIONS \u2013<\/strong><\/span><\/p>\n<p style=\"text-align: center;\">Diam\u00e8tre :\u00a0 120 cm<br \/>\nHauteur :\u00a0 75 cm<\/p>\n<p style=\"text-align: center;\"><span style=\"color: #1dadeb;\"><strong>\u2013 ENTRETIEN \u2013<\/strong><\/span><\/p>\n<p style=\"text-align: center;\">Il est recommand\u00e9 d&#8217;essuyer la table uniquement avec un chiffon microfibre humidifi\u00e9 \u00e0 l\u2019eau.<br \/>\n\u00c9vitez tout produit m\u00e9nage agressif.<\/p>\n","protected":false},"excerpt":{"rendered":"<p>Envie d&#8217;une\u00a0table ronde dans votre salle \u00e0 manger pour plus de convivialit\u00e9 ? Avec ses courbes arrondies et son pieds central en placage ch\u00eane, la table \u00e0 manger Baieta apportera un vrai cachet \u00e0 votre pi\u00e8ce \u00e0 vivre.<\/p>\n<p>De longueur et de largeur 120cm, la table \u00e0 manger BAIETA vous permettra d&#8217;accueillir entre4 et 6 convives \u00e0 tables. De quoi faire de bons repas entre famille ou entre amis.<\/p>\n<p>Livraison sous 2 semaines selon le stock disponible<\/p>\n","protected":false},"featured_media":102505,"comment_status":"open","ping_status":"closed","template":"","meta":{"om_disable_all_campaigns":false,"_mi_skip_tracking":false,"_monsterinsights_sitenote_active":false,"_monsterinsights_sitenote_note":"","_monsterinsights_sitenote_category":0},"product_cat":[292,326,323],"product_tag":[358,356,384],"aioseo_notices":[],"jetpack_sharing_enabled":true,"_links":{"self":[{"href":"https:\/\/rdesignconcept.com\/index.php\/wp-json\/wp\/v2\/product\/102504"}],"collection":[{"href":"https:\/\/rdesignconcept.com\/index.php\/wp-json\/wp\/v2\/product"}],"about":[{"href":"https:\/\/rdesignconcept.com\/index.php\/wp-json\/wp\/v2\/types\/product"}],"replies":[{"embeddable":true,"href":"https:\/\/rdesignconcept.com\/index.php\/wp-json\/wp\/v2\/comments?post=102504"}],"wp:featuredmedia":[{"embeddable":true,"href":"https:\/\/rdesignconcept.com\/index.php\/wp-json\/wp\/v2\/media\/102505"}],"wp:attachment":[{"href":"https:\/\/rdesignconcept.com\/index.php\/wp-json\/wp\/v2\/media?parent=102504"}],"wp:term":[{"taxonomy":"product_cat","embeddable":true,"href":"https:\/\/rdesignconcept.com\/index.php\/wp-json\/wp\/v2\/product_cat?post=102504"},{"taxonomy":"product_tag","embeddable":true,"href":"https:\/\/rdesignconcept.com\/index.php\/wp-json\/wp\/v2\/product_tag?post=102504"}],"curies":[{"name":"wp","href":"https:\/\/api.w.org\/{rel}","templated":true}]}}