{"id":102499,"date":"2023-11-28T23:41:01","date_gmt":"2023-11-28T22:41:01","guid":{"rendered":"https:\/\/rdesignconcept.com\/?post_type=product&#038;p=102499"},"modified":"2023-11-29T01:02:08","modified_gmt":"2023-11-29T00:02:08","slug":"table-basse-sophie","status":"publish","type":"product","link":"https:\/\/rdesignconcept.com\/index.php\/product\/table-basse-sophie\/","title":{"rendered":"Table basse Sophie"},"content":{"rendered":"<p style=\"text-align: center;\"><span style=\"color: #1dadeb;\"><strong>\u2013 DIMENSIONS \u2013<\/strong><\/span><\/p>\n<p style=\"text-align: center;\">Longueur :\u00a0 120 cm<br \/>\nLargeur : 60 cm<br \/>\nHauteur :\u00a0 45 cm<\/p>\n<p style=\"text-align: center;\"><span style=\"color: #1dadeb;\"><strong>\u2013 ENTRETIEN \u2013<\/strong><\/span><\/p>\n<p style=\"text-align: center;\">Il est recommand\u00e9 d&#8217;essuyer la table basse uniquement avec un chiffon microfibre humidifi\u00e9 \u00e0 l\u2019eau.<br \/>\n\u00c9vitez tout produit m\u00e9nage agressif.<\/p>\n","protected":false},"excerpt":{"rendered":"<p>La table basse Sophie incarne l&#8217;\u00e9l\u00e9gance contemporaine avec sa structure en acier et son verre tremp\u00e9 blanc.<\/p>\n<p>Ses lignes \u00e9pur\u00e9es et son design minimaliste en font un choix tendance pour tout espace de vie.<\/p>\n<p>Livraison sous 2 semaines selon le stock disponible<\/p>\n","protected":false},"featured_media":102500,"comment_status":"open","ping_status":"closed","template":"","meta":{"om_disable_all_campaigns":false,"_mi_skip_tracking":false,"_monsterinsights_sitenote_active":false,"_monsterinsights_sitenote_note":"","_monsterinsights_sitenote_category":0},"product_cat":[287,320,316],"product_tag":[358,356,384],"aioseo_notices":[],"jetpack_sharing_enabled":true,"_links":{"self":[{"href":"https:\/\/rdesignconcept.com\/index.php\/wp-json\/wp\/v2\/product\/102499"}],"collection":[{"href":"https:\/\/rdesignconcept.com\/index.php\/wp-json\/wp\/v2\/product"}],"about":[{"href":"https:\/\/rdesignconcept.com\/index.php\/wp-json\/wp\/v2\/types\/product"}],"replies":[{"embeddable":true,"href":"https:\/\/rdesignconcept.com\/index.php\/wp-json\/wp\/v2\/comments?post=102499"}],"wp:featuredmedia":[{"embeddable":true,"href":"https:\/\/rdesignconcept.com\/index.php\/wp-json\/wp\/v2\/media\/102500"}],"wp:attachment":[{"href":"https:\/\/rdesignconcept.com\/index.php\/wp-json\/wp\/v2\/media?parent=102499"}],"wp:term":[{"taxonomy":"product_cat","embeddable":true,"href":"https:\/\/rdesignconcept.com\/index.php\/wp-json\/wp\/v2\/product_cat?post=102499"},{"taxonomy":"product_tag","embeddable":true,"href":"https:\/\/rdesignconcept.com\/index.php\/wp-json\/wp\/v2\/product_tag?post=102499"}],"curies":[{"name":"wp","href":"https:\/\/api.w.org\/{rel}","templated":true}]}}