{"id":102475,"date":"2023-11-28T22:58:38","date_gmt":"2023-11-28T21:58:38","guid":{"rendered":"https:\/\/rdesignconcept.com\/?post_type=product&#038;p=102475"},"modified":"2023-11-29T01:03:32","modified_gmt":"2023-11-29T00:03:32","slug":"table-basse-alpha","status":"publish","type":"product","link":"https:\/\/rdesignconcept.com\/index.php\/product\/table-basse-alpha\/","title":{"rendered":"Table basse Alpha"},"content":{"rendered":"<p style=\"text-align: center;\"><span style=\"color: #1dadeb;\"><strong>\u2013 DIMENSIONS \u2013<\/strong><\/span><\/p>\n<p style=\"text-align: center;\">Longueur :\u00a0 cm<br \/>\nLargeur : cm<br \/>\nHauteur :\u00a0 cm<\/p>\n<p style=\"text-align: center;\"><span style=\"color: #1dadeb;\"><strong>\u2013 ENTRETIEN \u2013<\/strong><\/span><\/p>\n<p style=\"text-align: center;\">Il est recommand\u00e9 d&#8217;essuyer la table basse uniquement avec un chiffon microfibre humidifi\u00e9 \u00e0 l\u2019eau.<br \/>\n\u00c9vitez tout produit m\u00e9nage agressif.<\/p>\n","protected":false},"excerpt":{"rendered":"<p>La table basse Alpha est un meuble \u00e9l\u00e9gant et moderne qui ajoutera une touche de sophistication \u00e0 votre salon. Avec son look miroir combin\u00e9 \u00e0 l&#8217;effet marbre, cette table basse offre une esth\u00e9tique \u00e9pur\u00e9e et contemporaine.<\/p>\n<p>Cette table basse offre suffisamment d&#8217;espace pour accueillir des magazines, des boissons et des collations lors de vos soir\u00e9es entre amis. Le design \u00e9l\u00e9gant et contemporain de cette table basse convient parfaitement aux int\u00e9rieurs modernes et contemporains.<\/p>\n<p>Livraison sous 2 semaines selon le stock disponible<\/p>\n","protected":false},"featured_media":102476,"comment_status":"open","ping_status":"closed","template":"","meta":{"om_disable_all_campaigns":false,"_mi_skip_tracking":false,"_monsterinsights_sitenote_active":false,"_monsterinsights_sitenote_note":"","_monsterinsights_sitenote_category":0},"product_cat":[287,320,316],"product_tag":[358,356,384],"aioseo_notices":[],"jetpack_sharing_enabled":true,"_links":{"self":[{"href":"https:\/\/rdesignconcept.com\/index.php\/wp-json\/wp\/v2\/product\/102475"}],"collection":[{"href":"https:\/\/rdesignconcept.com\/index.php\/wp-json\/wp\/v2\/product"}],"about":[{"href":"https:\/\/rdesignconcept.com\/index.php\/wp-json\/wp\/v2\/types\/product"}],"replies":[{"embeddable":true,"href":"https:\/\/rdesignconcept.com\/index.php\/wp-json\/wp\/v2\/comments?post=102475"}],"wp:featuredmedia":[{"embeddable":true,"href":"https:\/\/rdesignconcept.com\/index.php\/wp-json\/wp\/v2\/media\/102476"}],"wp:attachment":[{"href":"https:\/\/rdesignconcept.com\/index.php\/wp-json\/wp\/v2\/media?parent=102475"}],"wp:term":[{"taxonomy":"product_cat","embeddable":true,"href":"https:\/\/rdesignconcept.com\/index.php\/wp-json\/wp\/v2\/product_cat?post=102475"},{"taxonomy":"product_tag","embeddable":true,"href":"https:\/\/rdesignconcept.com\/index.php\/wp-json\/wp\/v2\/product_tag?post=102475"}],"curies":[{"name":"wp","href":"https:\/\/api.w.org\/{rel}","templated":true}]}}