{"id":102469,"date":"2023-11-28T22:45:21","date_gmt":"2023-11-28T21:45:21","guid":{"rendered":"https:\/\/rdesignconcept.com\/?post_type=product&#038;p=102469"},"modified":"2023-11-28T22:52:10","modified_gmt":"2023-11-28T21:52:10","slug":"table-basse-elve","status":"publish","type":"product","link":"https:\/\/rdesignconcept.com\/index.php\/product\/table-basse-elve\/","title":{"rendered":"Table basse Elve"},"content":{"rendered":"<p style=\"text-align: center;\"><span style=\"color: #1dadeb;\"><strong>\u2013 DIMENSIONS \u2013<\/strong><\/span><\/p>\n<p style=\"text-align: center;\">Diametre : 90 cm<br \/>\nHauteur :\u00a0 45 cm<\/p>\n<p style=\"text-align: center;\"><span style=\"color: #1dadeb;\"><strong>\u2013 ENTRETIEN \u2013<\/strong><\/span><\/p>\n<p style=\"text-align: center;\">Il est recommand\u00e9 d&#8217;essuyer la table basse uniquement avec un chiffon microfibre humidifi\u00e9 \u00e0 l\u2019eau.<br \/>\n\u00c9vitez tout produit m\u00e9nage agressif.<\/p>\n","protected":false},"excerpt":{"rendered":"<p>La table basse ELVE est un choix \u00e9l\u00e9gant et moderne pour votre salon. Le plateau en verre est soutenu par une base en m\u00e9tal chrom\u00e9, cr\u00e9ant un look sophistiqu\u00e9 et minimaliste. Cette table basse est non seulement esth\u00e9tiquement plaisante, mais elle est \u00e9galement fonctionnelle avec sa surface de table spacieuse pour accueillir vos collations, boissons ou livres pr\u00e9f\u00e9r\u00e9s. Laissez cette pi\u00e8ce de mobilier ajouter une touche de glamour \u00e0 votre espace de vie tout en offrant une praticit\u00e9 optimale.<\/p>\n","protected":false},"featured_media":102470,"comment_status":"open","ping_status":"closed","template":"","meta":{"om_disable_all_campaigns":false,"_mi_skip_tracking":false,"_monsterinsights_sitenote_active":false,"_monsterinsights_sitenote_note":"","_monsterinsights_sitenote_category":0},"product_cat":[287,320,316],"product_tag":[358,356,384],"aioseo_notices":[],"jetpack_sharing_enabled":true,"_links":{"self":[{"href":"https:\/\/rdesignconcept.com\/index.php\/wp-json\/wp\/v2\/product\/102469"}],"collection":[{"href":"https:\/\/rdesignconcept.com\/index.php\/wp-json\/wp\/v2\/product"}],"about":[{"href":"https:\/\/rdesignconcept.com\/index.php\/wp-json\/wp\/v2\/types\/product"}],"replies":[{"embeddable":true,"href":"https:\/\/rdesignconcept.com\/index.php\/wp-json\/wp\/v2\/comments?post=102469"}],"wp:featuredmedia":[{"embeddable":true,"href":"https:\/\/rdesignconcept.com\/index.php\/wp-json\/wp\/v2\/media\/102470"}],"wp:attachment":[{"href":"https:\/\/rdesignconcept.com\/index.php\/wp-json\/wp\/v2\/media?parent=102469"}],"wp:term":[{"taxonomy":"product_cat","embeddable":true,"href":"https:\/\/rdesignconcept.com\/index.php\/wp-json\/wp\/v2\/product_cat?post=102469"},{"taxonomy":"product_tag","embeddable":true,"href":"https:\/\/rdesignconcept.com\/index.php\/wp-json\/wp\/v2\/product_tag?post=102469"}],"curies":[{"name":"wp","href":"https:\/\/api.w.org\/{rel}","templated":true}]}}