{"id":102309,"date":"2023-11-19T22:06:57","date_gmt":"2023-11-19T21:06:57","guid":{"rendered":"https:\/\/rdesignconcept.com\/?post_type=product&#038;p=102309"},"modified":"2023-11-29T01:21:54","modified_gmt":"2023-11-29T00:21:54","slug":"ensemble-kugu","status":"publish","type":"product","link":"https:\/\/rdesignconcept.com\/index.php\/product\/ensemble-kugu\/","title":{"rendered":"Ensemble Kugu"},"content":{"rendered":"<p style=\"text-align: center;\"><span style=\"color: #1dadeb;\"><strong>\u2013 DIMENSIONS \u2013<\/strong><\/span><\/p>\n<p style=\"text-align: center;\">Berceau<br \/>\nLargeur : 123 cm<br \/>\nHauteur :\u00a0 104 cm<br \/>\nProfondeur :\u00a0 68 cm<\/p>\n<p style=\"text-align: center;\">Armoire<br \/>\nLargeur : 105 cm<br \/>\nHauteur :\u00a0 191 cm<br \/>\nProfondeur :\u00a0 51 cm<\/p>\n<p style=\"text-align: center;\">Commode<br \/>\nLargeur : 80 cm<br \/>\nHauteur :\u00a0 79 cm<br \/>\nProfondeur :\u00a0 68 cm<\/p>\n<p style=\"text-align: center;\"><span style=\"color: #1dadeb;\"><strong>\u2013 ENTRETIEN \u2013<\/strong><\/span><\/p>\n<p style=\"text-align: center;\">Il est recommand\u00e9 d&#8217;essuyer les meuble uniquement avec un chiffon microfibre humidifi\u00e9 \u00e0 l\u2019eau.<br \/>\n\u00c9vitez tout produit m\u00e9nage agressif.<\/p>\n","protected":false},"excerpt":{"rendered":"<p>L&#8217;ensemble de chambre Kugu propose un style simple, pleine de charme et reposant pour votre chambre b\u00e9b\u00e9.<\/p>\n<p>Livraison en 4 \u00e0 10 semaines selon le stock disponible<\/p>\n","protected":false},"featured_media":102310,"comment_status":"open","ping_status":"closed","template":"","meta":{"om_disable_all_campaigns":false,"_mi_skip_tracking":false,"_monsterinsights_sitenote_active":false,"_monsterinsights_sitenote_note":"","_monsterinsights_sitenote_category":0},"product_cat":[310,337,316],"product_tag":[402,403],"aioseo_notices":[],"jetpack_sharing_enabled":true,"_links":{"self":[{"href":"https:\/\/rdesignconcept.com\/index.php\/wp-json\/wp\/v2\/product\/102309"}],"collection":[{"href":"https:\/\/rdesignconcept.com\/index.php\/wp-json\/wp\/v2\/product"}],"about":[{"href":"https:\/\/rdesignconcept.com\/index.php\/wp-json\/wp\/v2\/types\/product"}],"replies":[{"embeddable":true,"href":"https:\/\/rdesignconcept.com\/index.php\/wp-json\/wp\/v2\/comments?post=102309"}],"wp:featuredmedia":[{"embeddable":true,"href":"https:\/\/rdesignconcept.com\/index.php\/wp-json\/wp\/v2\/media\/102310"}],"wp:attachment":[{"href":"https:\/\/rdesignconcept.com\/index.php\/wp-json\/wp\/v2\/media?parent=102309"}],"wp:term":[{"taxonomy":"product_cat","embeddable":true,"href":"https:\/\/rdesignconcept.com\/index.php\/wp-json\/wp\/v2\/product_cat?post=102309"},{"taxonomy":"product_tag","embeddable":true,"href":"https:\/\/rdesignconcept.com\/index.php\/wp-json\/wp\/v2\/product_tag?post=102309"}],"curies":[{"name":"wp","href":"https:\/\/api.w.org\/{rel}","templated":true}]}}