{"id":102217,"date":"2023-10-28T23:31:33","date_gmt":"2023-10-28T21:31:33","guid":{"rendered":"https:\/\/rdesignconcept.com\/?post_type=product&#038;p=102217"},"modified":"2023-11-29T01:34:44","modified_gmt":"2023-11-29T00:34:44","slug":"meuble-tv-moroni","status":"publish","type":"product","link":"https:\/\/rdesignconcept.com\/index.php\/product\/meuble-tv-moroni\/","title":{"rendered":"Meuble TV Moroni"},"content":{"rendered":"<p style=\"text-align: center;\"><span style=\"color: #1dadeb;\"><strong>\u2013 DIMENSIONS \u2013<\/strong><\/span><\/p>\n<p style=\"text-align: center;\">Largeur : 180 cm<br \/>\nHauteur :\u00a0 50 cm<br \/>\nProfondeur :\u00a0 45 cm<\/p>\n<p style=\"text-align: center;\"><span style=\"color: #1dadeb;\"><strong>\u2013 ENTRETIEN \u2013<\/strong><\/span><\/p>\n<p style=\"text-align: center;\">Il est recommand\u00e9 d&#8217;essuyer le meuble TV uniquement avec un chiffon microfibre humidifi\u00e9 \u00e0 l\u2019eau.<br \/>\n\u00c9vitez tout produit m\u00e9nage agressif.<\/p>\n","protected":false},"excerpt":{"rendered":"<p>L&#8217;ensemble salle \u00e0 manger Moroni se fondra parfaitement dans le d\u00e9cor. Avec ses lignes simples et son design moderne, le meuble TV Moroni habillera votre pi\u00e8ce de vie.<\/p>\n<p>N&#8217;oubliez pas de compl\u00e9ter l&#8217;ensemble Moroni avec son buffet, sa table \u00e0 manger et nos chaises.<\/p>\n<p>Livraison en 4 \u00e0 10 semaines<\/p>\n","protected":false},"featured_media":102264,"comment_status":"open","ping_status":"closed","template":"","meta":{"om_disable_all_campaigns":false,"_mi_skip_tracking":false,"_monsterinsights_sitenote_active":false,"_monsterinsights_sitenote_note":"","_monsterinsights_sitenote_category":0},"product_cat":[319,287,316],"product_tag":[363,364],"aioseo_notices":[],"jetpack_sharing_enabled":true,"_links":{"self":[{"href":"https:\/\/rdesignconcept.com\/index.php\/wp-json\/wp\/v2\/product\/102217"}],"collection":[{"href":"https:\/\/rdesignconcept.com\/index.php\/wp-json\/wp\/v2\/product"}],"about":[{"href":"https:\/\/rdesignconcept.com\/index.php\/wp-json\/wp\/v2\/types\/product"}],"replies":[{"embeddable":true,"href":"https:\/\/rdesignconcept.com\/index.php\/wp-json\/wp\/v2\/comments?post=102217"}],"wp:featuredmedia":[{"embeddable":true,"href":"https:\/\/rdesignconcept.com\/index.php\/wp-json\/wp\/v2\/media\/102264"}],"wp:attachment":[{"href":"https:\/\/rdesignconcept.com\/index.php\/wp-json\/wp\/v2\/media?parent=102217"}],"wp:term":[{"taxonomy":"product_cat","embeddable":true,"href":"https:\/\/rdesignconcept.com\/index.php\/wp-json\/wp\/v2\/product_cat?post=102217"},{"taxonomy":"product_tag","embeddable":true,"href":"https:\/\/rdesignconcept.com\/index.php\/wp-json\/wp\/v2\/product_tag?post=102217"}],"curies":[{"name":"wp","href":"https:\/\/api.w.org\/{rel}","templated":true}]}}