{"id":102110,"date":"2023-10-07T21:39:18","date_gmt":"2023-10-07T19:39:18","guid":{"rendered":"https:\/\/rdesignconcept.com\/?post_type=product&#038;p=102110"},"modified":"2023-11-29T01:28:36","modified_gmt":"2023-11-29T00:28:36","slug":"chaise-ballon","status":"publish","type":"product","link":"https:\/\/rdesignconcept.com\/index.php\/product\/chaise-ballon\/","title":{"rendered":"Chaise Ballon"},"content":{"rendered":"<p style=\"text-align: center;\"><span style=\"color: #1dadeb;\"><strong>&#8211; FABRICATION ET MATERIAUX &#8211;<\/strong><\/span><\/p>\n<p style=\"text-align: center;\">Chaises en velours, soutenues par des pi\u00e9tements en acier inoxydable<\/p>\n<p style=\"text-align: center;\">Vendu par lot de 2.<\/p>\n<p style=\"text-align: center;\"><span style=\"color: #1dadeb;\"><strong>&#8211; DIMENSIONS &#8211;<\/strong><\/span><\/p>\n<p style=\"text-align: center;\">Hauteur jusqu\u2019au dossier 84cm\/Hauteur jusqu\u2019\u00e0 l\u2019assise 48cm\/Largeur 72cm\/Profondeur 47cm\/Profondeur d\u2019assise 38cm<\/p>\n<p style=\"text-align: center;\">2pcs\/carton<\/p>\n<p style=\"text-align: center;\"><span style=\"color: #1dadeb;\"><strong>&#8211; ENTRETIEN &#8211;<\/strong><\/span><\/p>\n<p style=\"text-align: center;\">Le velours se nettoie \u00e0 l\u2019aide d\u2019un chiffon microfibre humidifi\u00e9 \u00e0 l\u2019eau, ou \u00e0 l\u2019aide de savons noir pour les t\u00e2ches tenaces.<\/p>\n<p style=\"text-align: center;\">La structure et les pieds, sont quant \u00e0 eux, \u00e0 nettoyer uniquement avec un chiffon microfibre humidifi\u00e9 \u00e0 l\u2019eau.<br \/>\n\u00c9vitez tout produit m\u00e9nage agressif.<\/p>\n","protected":false},"excerpt":{"rendered":"<p>La chaise Bubble incarne parfaitement la l\u00e9g\u00e8ret\u00e9, la stabilit\u00e9 et la d\u00e9licatesse. Fabriqu\u00e9e \u00e0 partir de mat\u00e9riaux de haute qualit\u00e9, elle s&#8217;adapte \u00e0 divers types de pi\u00e8ces. Cette cr\u00e9ation de design nordique repose sur une base m\u00e9tallique qui lui conf\u00e8re une grande r\u00e9sistance et stabilit\u00e9.<\/p>\n<p>Pour donner \u00e0 votre <a href=\"https:\/\/rdesignconcept.com\/index.php\/product-category\/salle-a-manger\/\">salle \u00e0 manger<\/a> une touche \u00e9l\u00e9gante, habillez votre table avec la chaise BUBBLE. Son si\u00e8ge en velours capitonn\u00e9 de haute qualit\u00e9 et son pi\u00e8tement fin dor\u00e9 apportent confort et esth\u00e9tique \u00e0 votre espace de d\u00e9tente.<\/p>\n<p>Vendu par lot de 2.<\/p>\n<p>Livraison sous 2 semaines selon le stock disponible<\/p>\n","protected":false},"featured_media":102402,"comment_status":"open","ping_status":"closed","template":"","meta":{"om_disable_all_campaigns":false,"_mi_skip_tracking":false,"_monsterinsights_sitenote_active":false,"_monsterinsights_sitenote_note":"","_monsterinsights_sitenote_category":0},"product_cat":[324,292],"product_tag":[377],"aioseo_notices":[],"jetpack_sharing_enabled":true,"_links":{"self":[{"href":"https:\/\/rdesignconcept.com\/index.php\/wp-json\/wp\/v2\/product\/102110"}],"collection":[{"href":"https:\/\/rdesignconcept.com\/index.php\/wp-json\/wp\/v2\/product"}],"about":[{"href":"https:\/\/rdesignconcept.com\/index.php\/wp-json\/wp\/v2\/types\/product"}],"replies":[{"embeddable":true,"href":"https:\/\/rdesignconcept.com\/index.php\/wp-json\/wp\/v2\/comments?post=102110"}],"wp:featuredmedia":[{"embeddable":true,"href":"https:\/\/rdesignconcept.com\/index.php\/wp-json\/wp\/v2\/media\/102402"}],"wp:attachment":[{"href":"https:\/\/rdesignconcept.com\/index.php\/wp-json\/wp\/v2\/media?parent=102110"}],"wp:term":[{"taxonomy":"product_cat","embeddable":true,"href":"https:\/\/rdesignconcept.com\/index.php\/wp-json\/wp\/v2\/product_cat?post=102110"},{"taxonomy":"product_tag","embeddable":true,"href":"https:\/\/rdesignconcept.com\/index.php\/wp-json\/wp\/v2\/product_tag?post=102110"}],"curies":[{"name":"wp","href":"https:\/\/api.w.org\/{rel}","templated":true}]}}