{"id":102089,"date":"2023-10-07T21:25:54","date_gmt":"2023-10-07T19:25:54","guid":{"rendered":"https:\/\/rdesignconcept.com\/?post_type=product&#038;p=102089"},"modified":"2023-11-29T01:11:01","modified_gmt":"2023-11-29T00:11:01","slug":"chaise-alveole","status":"publish","type":"product","link":"https:\/\/rdesignconcept.com\/index.php\/product\/chaise-alveole\/","title":{"rendered":"Chaise Alveole"},"content":{"rendered":"<p style=\"text-align: center;\"><span style=\"color: #1dadeb;\"><strong>&#8211; FABRICATION ET MATERIAUX &#8211;<\/strong><\/span><\/p>\n<p style=\"text-align: center;\">Chaises en velours, soutenues par des pi\u00e9tements en acier inoxydable<\/p>\n<p style=\"text-align: center;\">Vendu par lot de 2.<\/p>\n<p style=\"text-align: center;\"><span style=\"color: #1dadeb;\"><strong>&#8211; DIMENSIONS &#8211;<\/strong><\/span><\/p>\n<p style=\"text-align: center;\">Hauteur jusqu\u2019au dossier 85cm\/Hauteur jusqu\u2019\u00e0 l\u2019assise 50cm\/Largeur 56cm\/Profondeur 55cm<\/p>\n<p style=\"text-align: center;\">2pcs\/carton<\/p>\n<p style=\"text-align: center;\"><span style=\"color: #1dadeb;\"><strong>&#8211; ENTRETIEN &#8211;<\/strong><\/span><\/p>\n<p style=\"text-align: center;\">Le velours se nettoie \u00e0 l\u2019aide d\u2019un chiffon microfibre humidifi\u00e9 \u00e0 l\u2019eau, ou \u00e0 l\u2019aide de savons noir pour les t\u00e2ches tenaces.<\/p>\n<p style=\"text-align: center;\">La structure et les pieds, sont quant \u00e0 eux, \u00e0 nettoyer uniquement avec un chiffon microfibre humidifi\u00e9 \u00e0 l\u2019eau.<br \/>\n\u00c9vitez tout produit m\u00e9nage agressif.<\/p>\n","protected":false},"excerpt":{"rendered":"<p>La chaise Scandinave, un classique \u00e0 l&#8217;\u00e9tat pur. Avec sa version Alv\u00e9ol\u00e9, elles seront parfaites pour la d\u00e9coration de votre int\u00e9rieur. Que ce soit votre\u00a0<a href=\"https:\/\/rdesignconcept.com\/index.php\/product-category\/sejour\/\">salon<\/a>,\u00a0<a href=\"https:\/\/rdesignconcept.com\/index.php\/product-category\/salle-a-manger\/\">salle \u00e0 manger<\/a>, nos chaises scandinaves peuvent se fondre dans tous types d\u2019int\u00e9rieur.<br \/>\nSon rev\u00eatement est agr\u00e9able au toucher et gr\u00e2ce \u00e0 son assise et son dossier, ce si\u00e8ge vous garantira un certain confort.<\/p>\n<p>Vendu par lot de 2.<\/p>\n<p>Livraison sous 2 semaines selon le stock disponible<\/p>\n","protected":false},"featured_media":102419,"comment_status":"open","ping_status":"closed","template":"","meta":{"om_disable_all_campaigns":false,"_mi_skip_tracking":false,"_monsterinsights_sitenote_active":false,"_monsterinsights_sitenote_note":"","_monsterinsights_sitenote_category":0},"product_cat":[324,292],"product_tag":[377,396],"aioseo_notices":[],"jetpack_sharing_enabled":true,"_links":{"self":[{"href":"https:\/\/rdesignconcept.com\/index.php\/wp-json\/wp\/v2\/product\/102089"}],"collection":[{"href":"https:\/\/rdesignconcept.com\/index.php\/wp-json\/wp\/v2\/product"}],"about":[{"href":"https:\/\/rdesignconcept.com\/index.php\/wp-json\/wp\/v2\/types\/product"}],"replies":[{"embeddable":true,"href":"https:\/\/rdesignconcept.com\/index.php\/wp-json\/wp\/v2\/comments?post=102089"}],"wp:featuredmedia":[{"embeddable":true,"href":"https:\/\/rdesignconcept.com\/index.php\/wp-json\/wp\/v2\/media\/102419"}],"wp:attachment":[{"href":"https:\/\/rdesignconcept.com\/index.php\/wp-json\/wp\/v2\/media?parent=102089"}],"wp:term":[{"taxonomy":"product_cat","embeddable":true,"href":"https:\/\/rdesignconcept.com\/index.php\/wp-json\/wp\/v2\/product_cat?post=102089"},{"taxonomy":"product_tag","embeddable":true,"href":"https:\/\/rdesignconcept.com\/index.php\/wp-json\/wp\/v2\/product_tag?post=102089"}],"curies":[{"name":"wp","href":"https:\/\/api.w.org\/{rel}","templated":true}]}}