{"id":102052,"date":"2023-10-06T22:07:24","date_gmt":"2023-10-06T20:07:24","guid":{"rendered":"https:\/\/rdesignconcept.com\/?post_type=product&#038;p=102052"},"modified":"2023-11-29T01:11:11","modified_gmt":"2023-11-29T00:11:11","slug":"chaise-carrera","status":"publish","type":"product","link":"https:\/\/rdesignconcept.com\/index.php\/product\/chaise-carrera\/","title":{"rendered":"Chaise Carrera"},"content":{"rendered":"<p style=\"text-align: center;\"><span style=\"color: #1dadeb;\"><strong>&#8211; FABRICATION ET MATERIAUX &#8211;<\/strong><\/span><\/p>\n<p style=\"text-align: center;\">Chaises en velours, soutenues par des pi\u00e9tements en acier inoxydable<\/p>\n<p style=\"text-align: center;\">Vendu par lot de 2.<\/p>\n<p style=\"text-align: center;\"><span style=\"color: #1dadeb;\"><strong>&#8211; DIMENSIONS &#8211;<\/strong><\/span><\/p>\n<p style=\"text-align: center;\">Hauteur jusqu\u2019au dossier 86cm\/Hauteur jusqu\u2019\u00e0 l\u2019assise 49cm\/Largeur 60cm\/Profondeur 60cm\/Profondeur d\u2019assise 43cm<\/p>\n<p style=\"text-align: center;\">2pcs\/carton<\/p>\n<p style=\"text-align: center;\"><span style=\"color: #1dadeb;\"><strong>&#8211; ENTRETIEN &#8211;<\/strong><\/span><\/p>\n<p style=\"text-align: center;\">Le velours se nettoie \u00e0 l\u2019aide d\u2019un chiffon microfibre humidifi\u00e9 \u00e0 l\u2019eau, ou \u00e0 l\u2019aide de savons noir pour les t\u00e2ches tenaces.<\/p>\n<p style=\"text-align: center;\">La structure et les pieds, sont quant \u00e0 eux, \u00e0 nettoyer uniquement avec un chiffon microfibre humidifi\u00e9 \u00e0 l\u2019eau.<br \/>\n\u00c9vitez tout produit m\u00e9nage agressif.<\/p>\n","protected":false},"excerpt":{"rendered":"<p>Explorez la fusion id\u00e9ale entre le design contemporain, le confort et la praticit\u00e9 gr\u00e2ce \u00e0 notre chaise Carrera. Cette chaise polyvalente vous offre une exp\u00e9rience d&#8217;assise exceptionnelle gr\u00e2ce \u00e0 sa rotation \u00e0 360 degr\u00e9s et \u00e0 son rev\u00eatement en tweed gris r\u00e9sistant aux taches.<\/p>\n<p>Vendu par lot de 2.<\/p>\n<p>Livraison sous 2 semaines selon le stock disponible<\/p>\n","protected":false},"featured_media":102434,"comment_status":"open","ping_status":"closed","template":"","meta":{"om_disable_all_campaigns":false,"_mi_skip_tracking":false,"_monsterinsights_sitenote_active":false,"_monsterinsights_sitenote_note":"","_monsterinsights_sitenote_category":0},"product_cat":[324,292],"product_tag":[377],"aioseo_notices":[],"jetpack_sharing_enabled":true,"_links":{"self":[{"href":"https:\/\/rdesignconcept.com\/index.php\/wp-json\/wp\/v2\/product\/102052"}],"collection":[{"href":"https:\/\/rdesignconcept.com\/index.php\/wp-json\/wp\/v2\/product"}],"about":[{"href":"https:\/\/rdesignconcept.com\/index.php\/wp-json\/wp\/v2\/types\/product"}],"replies":[{"embeddable":true,"href":"https:\/\/rdesignconcept.com\/index.php\/wp-json\/wp\/v2\/comments?post=102052"}],"wp:featuredmedia":[{"embeddable":true,"href":"https:\/\/rdesignconcept.com\/index.php\/wp-json\/wp\/v2\/media\/102434"}],"wp:attachment":[{"href":"https:\/\/rdesignconcept.com\/index.php\/wp-json\/wp\/v2\/media?parent=102052"}],"wp:term":[{"taxonomy":"product_cat","embeddable":true,"href":"https:\/\/rdesignconcept.com\/index.php\/wp-json\/wp\/v2\/product_cat?post=102052"},{"taxonomy":"product_tag","embeddable":true,"href":"https:\/\/rdesignconcept.com\/index.php\/wp-json\/wp\/v2\/product_tag?post=102052"}],"curies":[{"name":"wp","href":"https:\/\/api.w.org\/{rel}","templated":true}]}}