{"id":102023,"date":"2023-10-06T21:26:23","date_gmt":"2023-10-06T19:26:23","guid":{"rendered":"https:\/\/rdesignconcept.com\/?post_type=product&#038;p=102023"},"modified":"2023-11-29T01:11:21","modified_gmt":"2023-11-29T00:11:21","slug":"chaise-luxury","status":"publish","type":"product","link":"https:\/\/rdesignconcept.com\/index.php\/product\/chaise-luxury\/","title":{"rendered":"Chaise Luxury"},"content":{"rendered":"<p style=\"text-align: center;\"><span style=\"color: #1dadeb;\"><strong>&#8211; FABRICATION ET MATERIAUX &#8211;<\/strong><\/span><\/p>\n<p style=\"text-align: center;\">Chaises en velours, soutenues par des pi\u00e9tements en acier inoxydable<\/p>\n<p style=\"text-align: center;\">Vendu par lot de 2.<\/p>\n<p style=\"text-align: center;\"><span style=\"color: #1dadeb;\"><strong>&#8211; DIMENSIONS &#8211;<\/strong><\/span><\/p>\n<p style=\"text-align: center;\">Hauteur jusqu\u2019au dossier 90cm\/Hauteur jusqu\u2019\u00e0 l\u2019assise 34cm\/Largeur 48cm\/Profondeur d\u2019assise 48cm<\/p>\n<p style=\"text-align: center;\">2pcs\/carton<\/p>\n<p style=\"text-align: center;\"><span style=\"color: #1dadeb;\"><strong>&#8211; ENTRETIEN &#8211;<\/strong><\/span><\/p>\n<p style=\"text-align: center;\">Le velours se nettoie \u00e0 l\u2019aide d\u2019un chiffon microfibre humidifi\u00e9 \u00e0 l\u2019eau, ou \u00e0 l\u2019aide de savons noir pour les t\u00e2ches tenaces.<\/p>\n<p style=\"text-align: center;\">La structure et les pieds, sont quant \u00e0 eux, \u00e0 nettoyer uniquement avec un chiffon microfibre humidifi\u00e9 \u00e0 l\u2019eau.<br \/>\n\u00c9vitez tout produit m\u00e9nage agressif.<\/p>\n","protected":false},"excerpt":{"rendered":"<p>La chaise Luxury incarne un design de fauteuil moderne.<\/p>\n<p>Ce mod\u00e8le de fauteuil se d\u00e9marque par sa robustesse, sa stabilit\u00e9 et son \u00e9l\u00e9gance, \u00e9tant fabriqu\u00e9 \u00e0 partir de bois et de m\u00e9tal de haute qualit\u00e9. La chaise Luxury est constitu\u00e9e d&#8217;un dossier et d&#8217;une assise rembourr\u00e9s de mousse, rev\u00eatus d&#8217;un magnifique tissu, reposant sur des pieds en acier inoxydable et \u00e9quip\u00e9e d&#8217;accoudoirs. Son pi\u00e9tement en acier contribue \u00e0 l&#8217;originalit\u00e9 et \u00e0 la beaut\u00e9 du style scandinave tout en garantissant un support fiable pour la chaise.<\/p>\n<p>Vendu par lot de 2.<\/p>\n<p>Livraison sous 2 semaines selon le stock disponible<\/p>\n","protected":false},"featured_media":102430,"comment_status":"open","ping_status":"closed","template":"","meta":{"om_disable_all_campaigns":false,"_mi_skip_tracking":false,"_monsterinsights_sitenote_active":false,"_monsterinsights_sitenote_note":"","_monsterinsights_sitenote_category":0},"product_cat":[324,292],"product_tag":[377],"aioseo_notices":[],"jetpack_sharing_enabled":true,"_links":{"self":[{"href":"https:\/\/rdesignconcept.com\/index.php\/wp-json\/wp\/v2\/product\/102023"}],"collection":[{"href":"https:\/\/rdesignconcept.com\/index.php\/wp-json\/wp\/v2\/product"}],"about":[{"href":"https:\/\/rdesignconcept.com\/index.php\/wp-json\/wp\/v2\/types\/product"}],"replies":[{"embeddable":true,"href":"https:\/\/rdesignconcept.com\/index.php\/wp-json\/wp\/v2\/comments?post=102023"}],"wp:featuredmedia":[{"embeddable":true,"href":"https:\/\/rdesignconcept.com\/index.php\/wp-json\/wp\/v2\/media\/102430"}],"wp:attachment":[{"href":"https:\/\/rdesignconcept.com\/index.php\/wp-json\/wp\/v2\/media?parent=102023"}],"wp:term":[{"taxonomy":"product_cat","embeddable":true,"href":"https:\/\/rdesignconcept.com\/index.php\/wp-json\/wp\/v2\/product_cat?post=102023"},{"taxonomy":"product_tag","embeddable":true,"href":"https:\/\/rdesignconcept.com\/index.php\/wp-json\/wp\/v2\/product_tag?post=102023"}],"curies":[{"name":"wp","href":"https:\/\/api.w.org\/{rel}","templated":true}]}}