{"id":101981,"date":"2023-10-05T20:52:08","date_gmt":"2023-10-05T18:52:08","guid":{"rendered":"https:\/\/rdesignconcept.com\/?post_type=product&#038;p=101981"},"modified":"2023-11-29T01:29:11","modified_gmt":"2023-11-29T00:29:11","slug":"chaise-diana-2","status":"publish","type":"product","link":"https:\/\/rdesignconcept.com\/index.php\/product\/chaise-diana-2\/","title":{"rendered":"Chaise Diana"},"content":{"rendered":"<p style=\"text-align: center;\"><span style=\"color: #1dadeb;\"><strong>&#8211; FABRICATION ET MATERIAUX &#8211;<\/strong><\/span><\/p>\n<p style=\"text-align: center;\">Chaises en velours, soutenues par des pi\u00e9tements en acier inoxydable<\/p>\n<p style=\"text-align: center;\">Vendu par lot de 2.<\/p>\n<p style=\"text-align: center;\"><span style=\"color: #1dadeb;\"><strong>&#8211; DIMENSIONS &#8211;<\/strong><\/span><\/p>\n<p style=\"text-align: center;\">Hauteur jusqu\u2019au dossier 86cm\/Hauteur jusqu\u2019\u00e0 l\u2019assise 48cm\/Largeur 67cm\/Profondeur 57cm\/Profondeur d\u2019assise 45cm<\/p>\n<p style=\"text-align: center;\">2pcs\/carton<\/p>\n<p style=\"text-align: center;\"><span style=\"color: #1dadeb;\"><strong>&#8211; ENTRETIEN &#8211;<\/strong><\/span><\/p>\n<p style=\"text-align: center;\">Le velours se nettoie \u00e0 l\u2019aide d\u2019un chiffon microfibre humidifi\u00e9 \u00e0 l\u2019eau, ou \u00e0 l\u2019aide de savons noir pour les t\u00e2ches tenaces.<\/p>\n<p style=\"text-align: center;\">La structure et les pieds, sont quant \u00e0 eux, \u00e0 nettoyer uniquement avec un chiffon microfibre humidifi\u00e9 \u00e0 l\u2019eau.<br \/>\n\u00c9vitez tout produit m\u00e9nage agressif.<\/p>\n","protected":false},"excerpt":{"rendered":"<p>Les chaises Diana sont id\u00e9ales pour la d\u00e9coration de votre int\u00e9rieur. Que ce soit votre <a href=\"https:\/\/rdesignconcept.com\/index.php\/product-category\/sejour\/\">salon<\/a>,\u00a0<a href=\"https:\/\/rdesignconcept.com\/index.php\/product-category\/salle-a-manger\/\">salle \u00e0 manger<\/a>, nos chaises scandinaves peuvent se fondre dans tous types d\u2019int\u00e9rieur.<br \/>\nSon rev\u00eatement est agr\u00e9able au toucher et gr\u00e2ce \u00e0 son assise et son dossier, ce si\u00e8ge vous garantira un certain confort.<br \/>\nAssoci\u00e9 \u00e0 une\u00a0<a href=\"https:\/\/rdesignconcept.com\/index.php\/product-category\/salle-a-manger\/tables-de-repas\/\">table \u00e0 manger<\/a>, ce mod\u00e8le apportera une esth\u00e9tique agr\u00e9able \u00e0 votre int\u00e9rieur.<\/p>\n<p>Vendu par lot de 2.<\/p>\n<p>Livraison sous 2 semaines selon le stock disponible<\/p>\n","protected":false},"featured_media":101536,"comment_status":"open","ping_status":"closed","template":"","meta":{"om_disable_all_campaigns":false,"_mi_skip_tracking":false,"_monsterinsights_sitenote_active":false,"_monsterinsights_sitenote_note":"","_monsterinsights_sitenote_category":0},"product_cat":[292,324],"product_tag":[377],"aioseo_notices":[],"jetpack_sharing_enabled":true,"_links":{"self":[{"href":"https:\/\/rdesignconcept.com\/index.php\/wp-json\/wp\/v2\/product\/101981"}],"collection":[{"href":"https:\/\/rdesignconcept.com\/index.php\/wp-json\/wp\/v2\/product"}],"about":[{"href":"https:\/\/rdesignconcept.com\/index.php\/wp-json\/wp\/v2\/types\/product"}],"replies":[{"embeddable":true,"href":"https:\/\/rdesignconcept.com\/index.php\/wp-json\/wp\/v2\/comments?post=101981"}],"wp:featuredmedia":[{"embeddable":true,"href":"https:\/\/rdesignconcept.com\/index.php\/wp-json\/wp\/v2\/media\/101536"}],"wp:attachment":[{"href":"https:\/\/rdesignconcept.com\/index.php\/wp-json\/wp\/v2\/media?parent=101981"}],"wp:term":[{"taxonomy":"product_cat","embeddable":true,"href":"https:\/\/rdesignconcept.com\/index.php\/wp-json\/wp\/v2\/product_cat?post=101981"},{"taxonomy":"product_tag","embeddable":true,"href":"https:\/\/rdesignconcept.com\/index.php\/wp-json\/wp\/v2\/product_tag?post=101981"}],"curies":[{"name":"wp","href":"https:\/\/api.w.org\/{rel}","templated":true}]}}