{"id":101593,"date":"2023-08-13T23:51:41","date_gmt":"2023-08-13T21:51:41","guid":{"rendered":"https:\/\/rdesignconcept.com\/?post_type=product&#038;p=101593"},"modified":"2023-11-29T00:32:26","modified_gmt":"2023-11-28T23:32:26","slug":"salon-hazal","status":"publish","type":"product","link":"https:\/\/rdesignconcept.com\/index.php\/product\/salon-hazal\/","title":{"rendered":"Salon Hazal"},"content":{"rendered":"<p style=\"text-align: center;\"><span style=\"color: #1dadeb;\"><strong>\u2013 FABRICATION ET MATERIAUX \u2013<\/strong><\/span><\/p>\n<p style=\"text-align: center;\">Canap\u00e9 en velours noir<br \/>\nDeux choix de mod\u00e8le : miroir et capitonn\u00e9<\/p>\n<p style=\"text-align: center;\"><span style=\"color: #1dadeb;\"><strong>\u2013 DIMENSIONS \u2013<\/strong><\/span><\/p>\n<p style=\"text-align: center;\">3 places<br \/>\nLargeur :\u00a0 cm<br \/>\nHauteur :\u00a0 cm<br \/>\nProfondeur :\u00a0 cm<\/p>\n<p style=\"text-align: center;\"><span style=\"color: #1dadeb;\"><strong>\u2013 ENTRETIEN \u2013<\/strong><\/span><\/p>\n<p style=\"text-align: center;\">Le canap\u00e9 se nettoie \u00e0 l\u2019aide d\u2019un chiffon microfibre humidifi\u00e9 \u00e0 l\u2019eau, ou \u00e0 l\u2019aide de savon noir pour les t\u00e2ches tenaces.<\/p>\n<p style=\"text-align: center;\">La structure et les pieds, sont quant \u00e0 eux, \u00e0 nettoyer uniquement avec un chiffon microfibre humidifi\u00e9 \u00e0 l\u2019eau.<br \/>\n\u00c9vitez tout produit m\u00e9nage agressif<\/p>\n","protected":false},"excerpt":{"rendered":"<p>D\u00e9couvrez le canap\u00e9 Hazal, symbole du luxe pour votre salon. Son design \u00e9l\u00e9gant et ses options 3+3+1 ou 3+3+1+1 incarnent le haut de gamme. Con\u00e7u pour un confort in\u00e9gal\u00e9, il offre une exp\u00e9rience sophistiqu\u00e9e. Personnalisez-le avec une vari\u00e9t\u00e9 de couleurs et de finitions pour qu&#8217;il s&#8217;int\u00e8gre parfaitement \u00e0 votre espace. Optez pour la qualit\u00e9 et le style sans compromis avec le canap\u00e9 Hazal, le joyau de votre d\u00e9coration int\u00e9rieure.<\/p>\n","protected":false},"featured_media":101603,"comment_status":"open","ping_status":"closed","template":"","meta":{"om_disable_all_campaigns":false,"_mi_skip_tracking":false,"_monsterinsights_sitenote_active":false,"_monsterinsights_sitenote_note":"","_monsterinsights_sitenote_category":0},"product_cat":[315,287],"product_tag":[351,352],"aioseo_notices":[],"jetpack_sharing_enabled":true,"_links":{"self":[{"href":"https:\/\/rdesignconcept.com\/index.php\/wp-json\/wp\/v2\/product\/101593"}],"collection":[{"href":"https:\/\/rdesignconcept.com\/index.php\/wp-json\/wp\/v2\/product"}],"about":[{"href":"https:\/\/rdesignconcept.com\/index.php\/wp-json\/wp\/v2\/types\/product"}],"replies":[{"embeddable":true,"href":"https:\/\/rdesignconcept.com\/index.php\/wp-json\/wp\/v2\/comments?post=101593"}],"wp:featuredmedia":[{"embeddable":true,"href":"https:\/\/rdesignconcept.com\/index.php\/wp-json\/wp\/v2\/media\/101603"}],"wp:attachment":[{"href":"https:\/\/rdesignconcept.com\/index.php\/wp-json\/wp\/v2\/media?parent=101593"}],"wp:term":[{"taxonomy":"product_cat","embeddable":true,"href":"https:\/\/rdesignconcept.com\/index.php\/wp-json\/wp\/v2\/product_cat?post=101593"},{"taxonomy":"product_tag","embeddable":true,"href":"https:\/\/rdesignconcept.com\/index.php\/wp-json\/wp\/v2\/product_tag?post=101593"}],"curies":[{"name":"wp","href":"https:\/\/api.w.org\/{rel}","templated":true}]}}