{"id":101475,"date":"2023-08-09T16:50:46","date_gmt":"2023-08-09T14:50:46","guid":{"rendered":"https:\/\/rdesignconcept.com\/?post_type=product&#038;p=101475"},"modified":"2023-11-29T01:29:52","modified_gmt":"2023-11-29T00:29:52","slug":"chaise-duna","status":"publish","type":"product","link":"https:\/\/rdesignconcept.com\/index.php\/product\/chaise-duna\/","title":{"rendered":"Chaise Duna"},"content":{"rendered":"<p style=\"text-align: center;\"><span style=\"color: #1dadeb;\"><strong>&#8211; FABRICATION ET MATERIAUX &#8211;<\/strong><\/span><\/p>\n<p style=\"text-align: center;\">Chaises en simi, soutenues par des pi\u00e9tements en acier inoxydable<\/p>\n<p style=\"text-align: center;\">Vendu par lot de 2.<\/p>\n<p style=\"text-align: center;\"><span style=\"color: #1dadeb;\"><strong>&#8211; DIMENSIONS &#8211;<\/strong><\/span><\/p>\n<p style=\"text-align: center;\">Hauteur jusqu\u2019au dossier 101cm\/Largeur 44cm\/Profondeur 51cm<\/p>\n<p style=\"text-align: center;\">6pcs\/carton<\/p>\n<p style=\"text-align: center;\"><span style=\"color: #1dadeb;\"><strong>&#8211; ENTRETIEN &#8211;<\/strong><\/span><\/p>\n<p style=\"text-align: center;\">Le simili se nettoie \u00e0 l\u2019aide d\u2019un chiffon microfibre humidifi\u00e9 \u00e0 l\u2019eau, ou \u00e0 l\u2019aide de savons noir pour les t\u00e2ches tenaces.<\/p>\n<p style=\"text-align: center;\">La structure et les pieds, sont quant \u00e0 eux, \u00e0 nettoyer uniquement avec un chiffon microfibre humidifi\u00e9 \u00e0 l\u2019eau.<br \/>\n\u00c9vitez tout produit m\u00e9nage agressif.<\/p>\n","protected":false},"excerpt":{"rendered":"<p>Les chaises en simi Duna offrent une option id\u00e9ale pour embellir votre espace int\u00e9rieur, que ce soit dans votre <a href=\"https:\/\/rdesignconcept.com\/index.php\/product-category\/sejour\/\">salon<\/a>, ou votre <a href=\"https:\/\/rdesignconcept.com\/index.php\/product-category\/salle-a-manger\/\">salle \u00e0 manger<\/a>. Ces chaises au style moderne sont con\u00e7ues pour s&#8217;harmoniser avec diverses esth\u00e9tiques int\u00e9rieures. Leur rev\u00eatement en simi ajoute un niveau de confort appr\u00e9ciable. En les associant \u00e0 une table \u00e0 manger, ce mod\u00e8le contribue \u00e0 cr\u00e9er une esth\u00e9tique plaisante dans votre int\u00e9rieur.<\/p>\n<p>vendu par lot de 2. Existe \u00e9galement en velours.<\/p>\n<p>Livraison sous 2 semaines selon le stock disponible<\/p>\n","protected":false},"featured_media":101484,"comment_status":"open","ping_status":"closed","template":"","meta":{"om_disable_all_campaigns":false,"_mi_skip_tracking":false,"_monsterinsights_sitenote_active":false,"_monsterinsights_sitenote_note":"","_monsterinsights_sitenote_category":0},"product_cat":[324,292],"product_tag":[377],"aioseo_notices":[],"jetpack_sharing_enabled":true,"_links":{"self":[{"href":"https:\/\/rdesignconcept.com\/index.php\/wp-json\/wp\/v2\/product\/101475"}],"collection":[{"href":"https:\/\/rdesignconcept.com\/index.php\/wp-json\/wp\/v2\/product"}],"about":[{"href":"https:\/\/rdesignconcept.com\/index.php\/wp-json\/wp\/v2\/types\/product"}],"replies":[{"embeddable":true,"href":"https:\/\/rdesignconcept.com\/index.php\/wp-json\/wp\/v2\/comments?post=101475"}],"wp:featuredmedia":[{"embeddable":true,"href":"https:\/\/rdesignconcept.com\/index.php\/wp-json\/wp\/v2\/media\/101484"}],"wp:attachment":[{"href":"https:\/\/rdesignconcept.com\/index.php\/wp-json\/wp\/v2\/media?parent=101475"}],"wp:term":[{"taxonomy":"product_cat","embeddable":true,"href":"https:\/\/rdesignconcept.com\/index.php\/wp-json\/wp\/v2\/product_cat?post=101475"},{"taxonomy":"product_tag","embeddable":true,"href":"https:\/\/rdesignconcept.com\/index.php\/wp-json\/wp\/v2\/product_tag?post=101475"}],"curies":[{"name":"wp","href":"https:\/\/api.w.org\/{rel}","templated":true}]}}