{"id":101119,"date":"2023-07-19T21:51:02","date_gmt":"2023-07-19T19:51:02","guid":{"rendered":"https:\/\/rdesignconcept.com\/?post_type=product&#038;p=101119"},"modified":"2023-11-29T00:47:28","modified_gmt":"2023-11-28T23:47:28","slug":"canape-carino","status":"publish","type":"product","link":"https:\/\/rdesignconcept.com\/index.php\/product\/canape-carino\/","title":{"rendered":"Canap\u00e9 Carino"},"content":{"rendered":"<p style=\"text-align: center;\"><span style=\"color: #1dadeb;\"><strong>\u2013 FABRICATION ET MATERIAUX \u2013<\/strong><\/span><\/p>\n<p style=\"text-align: center;\">Tissu de haute qualit\u00e9<br \/>\nDisponible en plusieurs coloris<br \/>\nBase robuste<\/p>\n<p style=\"text-align: center;\"><span style=\"color: #1dadeb;\"><strong>\u2013 DIMENSIONS \u2013<\/strong><\/span><\/p>\n<p style=\"text-align: center;\">Canap\u00e9 3 places<br \/>\nLargeur : 235 cm<br \/>\nHauteur : 81 cm<br \/>\nProfondeur : 91 cm<\/p>\n<p style=\"text-align: center;\">Canap\u00e9 1 place<br \/>\nLargeur : 66 cm<br \/>\nHauteur : 96 cm<br \/>\nProfondeur : 65 cm<\/p>\n<p style=\"text-align: center;\"><span style=\"color: #1dadeb;\"><strong>\u2013 ENTRETIEN \u2013<\/strong><\/span><\/p>\n<p style=\"text-align: center;\">Le canap\u00e9 se nettoie \u00e0 l\u2019aide d\u2019un chiffon microfibre humidifi\u00e9 \u00e0 l\u2019eau, ou \u00e0 l\u2019aide de savon noir pour les t\u00e2ches tenaces.<\/p>\n<p style=\"text-align: center;\">La structure et les pieds, sont quant \u00e0 eux, \u00e0 nettoyer uniquement avec un chiffon microfibre humidifi\u00e9 \u00e0 l\u2019eau.<br \/>\n\u00c9vitez tout produit m\u00e9nage agressif<\/p>\n","protected":false},"excerpt":{"rendered":"<p>Avec ses d\u00e9tails d\u00e9licatement pens\u00e9s, Carino ajoute une atmosph\u00e8re compl\u00e9tement diff\u00e9rente aux pi\u00e8ces \u00e0 vivre. Son design qui privil\u00e9gie la simplicit\u00e9, cr\u00e9e une atmosph\u00e8re calme, sereine et paisible.<\/p>\n<p>&nbsp;<\/p>\n","protected":false},"featured_media":101145,"comment_status":"open","ping_status":"closed","template":"","meta":{"om_disable_all_campaigns":false,"_mi_skip_tracking":false,"_monsterinsights_sitenote_active":false,"_monsterinsights_sitenote_note":"","_monsterinsights_sitenote_category":0},"product_cat":[315,287],"product_tag":[351,352],"aioseo_notices":[],"jetpack_sharing_enabled":true,"_links":{"self":[{"href":"https:\/\/rdesignconcept.com\/index.php\/wp-json\/wp\/v2\/product\/101119"}],"collection":[{"href":"https:\/\/rdesignconcept.com\/index.php\/wp-json\/wp\/v2\/product"}],"about":[{"href":"https:\/\/rdesignconcept.com\/index.php\/wp-json\/wp\/v2\/types\/product"}],"replies":[{"embeddable":true,"href":"https:\/\/rdesignconcept.com\/index.php\/wp-json\/wp\/v2\/comments?post=101119"}],"wp:featuredmedia":[{"embeddable":true,"href":"https:\/\/rdesignconcept.com\/index.php\/wp-json\/wp\/v2\/media\/101145"}],"wp:attachment":[{"href":"https:\/\/rdesignconcept.com\/index.php\/wp-json\/wp\/v2\/media?parent=101119"}],"wp:term":[{"taxonomy":"product_cat","embeddable":true,"href":"https:\/\/rdesignconcept.com\/index.php\/wp-json\/wp\/v2\/product_cat?post=101119"},{"taxonomy":"product_tag","embeddable":true,"href":"https:\/\/rdesignconcept.com\/index.php\/wp-json\/wp\/v2\/product_tag?post=101119"}],"curies":[{"name":"wp","href":"https:\/\/api.w.org\/{rel}","templated":true}]}}