{"id":101082,"date":"2023-07-18T17:09:48","date_gmt":"2023-07-18T15:09:48","guid":{"rendered":"https:\/\/rdesignconcept.com\/?post_type=product&#038;p=101082"},"modified":"2023-11-29T00:49:21","modified_gmt":"2023-11-28T23:49:21","slug":"canapes-masko","status":"publish","type":"product","link":"https:\/\/rdesignconcept.com\/index.php\/product\/canapes-masko\/","title":{"rendered":"Canap\u00e9 Masko"},"content":{"rendered":"<p style=\"text-align: center;\"><span style=\"color: #1dadeb;\"><strong>\u2013 FABRICATION ET MATERIAUX \u2013<\/strong><\/span><\/p>\n<p style=\"text-align: center;\">Se transforme en lit<br \/>\nTissu de haute qualit\u00e9<br \/>\nDisponible en plusieurs coloris<br \/>\nBase robuste<\/p>\n<p style=\"text-align: center;\"><span style=\"color: #1dadeb;\"><strong>\u2013 DIMENSIONS \u2013<\/strong><\/span><\/p>\n<p style=\"text-align: center;\">Canap\u00e9 3 places<br \/>\nLargeur : 235 cm<br \/>\nHauteur : 85 cm<br \/>\nProfondeur : 95 cm<\/p>\n<p style=\"text-align: center;\">Canap\u00e9 1 place<br \/>\nLargeur : 80 cm<br \/>\nHauteur : 100 cm<br \/>\nProfondeur : 80 cm<\/p>\n<p style=\"text-align: center;\"><span style=\"color: #1dadeb;\"><strong>\u2013 ENTRETIEN \u2013<\/strong><\/span><\/p>\n<p style=\"text-align: center;\">Le canap\u00e9 se nettoie \u00e0 l\u2019aide d\u2019un chiffon microfibre humidifi\u00e9 \u00e0 l\u2019eau, ou \u00e0 l\u2019aide de savon noir pour les t\u00e2ches tenaces.<\/p>\n<p style=\"text-align: center;\">La structure et les pieds, sont quant \u00e0 eux, \u00e0 nettoyer uniquement avec un chiffon microfibre humidifi\u00e9 \u00e0 l\u2019eau.<br \/>\n\u00c9vitez tout produit m\u00e9nage agressif<\/p>\n","protected":false},"excerpt":{"rendered":"<p>Masko a \u00e9t\u00e9 con\u00e7u pour vous offrir un espace de vie reposant tout en simplicit\u00e9. Son look vous apportera la touche moderne recherch\u00e9. Le canap\u00e9 3 places est modulable pour se transformer en lit.<\/p>\n<p>Vous pouvez choisir la configuration souhaitez.<\/p>\n","protected":false},"featured_media":101143,"comment_status":"open","ping_status":"closed","template":"","meta":{"om_disable_all_campaigns":false,"_mi_skip_tracking":false,"_monsterinsights_sitenote_active":false,"_monsterinsights_sitenote_note":"","_monsterinsights_sitenote_category":0},"product_cat":[287,315],"product_tag":[351,352],"aioseo_notices":[],"jetpack_sharing_enabled":true,"_links":{"self":[{"href":"https:\/\/rdesignconcept.com\/index.php\/wp-json\/wp\/v2\/product\/101082"}],"collection":[{"href":"https:\/\/rdesignconcept.com\/index.php\/wp-json\/wp\/v2\/product"}],"about":[{"href":"https:\/\/rdesignconcept.com\/index.php\/wp-json\/wp\/v2\/types\/product"}],"replies":[{"embeddable":true,"href":"https:\/\/rdesignconcept.com\/index.php\/wp-json\/wp\/v2\/comments?post=101082"}],"wp:featuredmedia":[{"embeddable":true,"href":"https:\/\/rdesignconcept.com\/index.php\/wp-json\/wp\/v2\/media\/101143"}],"wp:attachment":[{"href":"https:\/\/rdesignconcept.com\/index.php\/wp-json\/wp\/v2\/media?parent=101082"}],"wp:term":[{"taxonomy":"product_cat","embeddable":true,"href":"https:\/\/rdesignconcept.com\/index.php\/wp-json\/wp\/v2\/product_cat?post=101082"},{"taxonomy":"product_tag","embeddable":true,"href":"https:\/\/rdesignconcept.com\/index.php\/wp-json\/wp\/v2\/product_tag?post=101082"}],"curies":[{"name":"wp","href":"https:\/\/api.w.org\/{rel}","templated":true}]}}