{"id":101039,"date":"2023-07-18T10:24:35","date_gmt":"2023-07-18T08:24:35","guid":{"rendered":"https:\/\/rdesignconcept.com\/?post_type=product&#038;p=101039"},"modified":"2023-11-29T01:18:43","modified_gmt":"2023-11-29T00:18:43","slug":"lit-coffre-berlin","status":"publish","type":"product","link":"https:\/\/rdesignconcept.com\/index.php\/product\/lit-coffre-berlin\/","title":{"rendered":"Lit-coffre\/Matelas Berlin"},"content":{"rendered":"<p style=\"text-align: center;\"><span style=\"color: #1dadeb;\"><strong>\u2013 FABRICATION ET MATERIAUX \u2013<\/strong><\/span><\/p>\n<p style=\"text-align: center;\"><span class=\"Y2IQFc\" lang=\"fr\">Production en diff\u00e9rentes tailles<br \/>\nStructure en tissu doux et soyeux, lavable<br \/>\n<\/span><span class=\"Y2IQFc\" lang=\"fr\">C<\/span><span class=\"Y2IQFc\" lang=\"fr\">onstruction en acier<br \/>\nSurfaces a\u00e9r\u00e9es<br \/>\nL&#8217;\u00e9paisseur du profil\u00e9 m\u00e9tallique du produit est de 2&#215;2 cm<br \/>\nEspace de rangement confortable gr\u00e2ce \u00e0 son grand volume int\u00e9rieur<br \/>\nUn stratifi\u00e9 de 8 mm est utilis\u00e9 dans le mat\u00e9riau int\u00e9rieur du socle<br \/>\nPlaque de base et support en acier qui r\u00e9partissent uniform\u00e9ment la r\u00e9sistance<br \/>\nSyst\u00e8me d&#8217;amortisseur \u00e0 double s\u00e9curit\u00e9<br \/>\nLes produits sont envoy\u00e9s d\u00e9mont\u00e9s, il est tr\u00e8s facile \u00e0 installer<br \/>\nLe mod\u00e8le est propos\u00e9 en sommier, lit, t\u00eate de lit ensemble<\/span><\/p>\n<p style=\"text-align: center;\"><span style=\"color: #1dadeb;\"><strong>\u2013 DIMENSIONS \u2013<\/strong><\/span><\/p>\n<p style=\"text-align: center;\">160 x 200 cm<\/p>\n<p style=\"text-align: center;\"><span style=\"color: #1dadeb;\"><strong>\u2013 ENTRETIEN \u2013<\/strong><\/span><\/p>\n<p style=\"text-align: center;\">Il est recommand\u00e9 de laver la t\u00eate de lit avec un chiffon humide<\/p>\n","protected":false},"excerpt":{"rendered":"<p>Le sommier Berlin est dot\u00e9 d&#8217;un tissu de haute qualit\u00e9. Il vous comblera \u00e9galement avec son style de production robuste et son grand volume de rangement.<\/p>\n<p>Livraison en 4 \u00e0 10 semaines selon le stock disponible<\/p>\n","protected":false},"featured_media":101040,"comment_status":"open","ping_status":"closed","template":"","meta":{"om_disable_all_campaigns":false,"_mi_skip_tracking":false,"_monsterinsights_sitenote_active":false,"_monsterinsights_sitenote_note":"","_monsterinsights_sitenote_category":0},"product_cat":[290,332],"product_tag":[134,362,361,135,360,359],"aioseo_notices":[],"jetpack_sharing_enabled":true,"_links":{"self":[{"href":"https:\/\/rdesignconcept.com\/index.php\/wp-json\/wp\/v2\/product\/101039"}],"collection":[{"href":"https:\/\/rdesignconcept.com\/index.php\/wp-json\/wp\/v2\/product"}],"about":[{"href":"https:\/\/rdesignconcept.com\/index.php\/wp-json\/wp\/v2\/types\/product"}],"replies":[{"embeddable":true,"href":"https:\/\/rdesignconcept.com\/index.php\/wp-json\/wp\/v2\/comments?post=101039"}],"wp:featuredmedia":[{"embeddable":true,"href":"https:\/\/rdesignconcept.com\/index.php\/wp-json\/wp\/v2\/media\/101040"}],"wp:attachment":[{"href":"https:\/\/rdesignconcept.com\/index.php\/wp-json\/wp\/v2\/media?parent=101039"}],"wp:term":[{"taxonomy":"product_cat","embeddable":true,"href":"https:\/\/rdesignconcept.com\/index.php\/wp-json\/wp\/v2\/product_cat?post=101039"},{"taxonomy":"product_tag","embeddable":true,"href":"https:\/\/rdesignconcept.com\/index.php\/wp-json\/wp\/v2\/product_tag?post=101039"}],"curies":[{"name":"wp","href":"https:\/\/api.w.org\/{rel}","templated":true}]}}