{"id":101016,"date":"2023-07-18T09:49:54","date_gmt":"2023-07-18T07:49:54","guid":{"rendered":"https:\/\/rdesignconcept.com\/?post_type=product&#038;p=101016"},"modified":"2025-08-10T11:11:24","modified_gmt":"2025-08-10T09:11:24","slug":"lit-coffre-golden","status":"publish","type":"product","link":"https:\/\/rdesignconcept.com\/index.php\/product\/lit-coffre-golden\/","title":{"rendered":"Lit-coffre\/Matelas Golden"},"content":{"rendered":"<p style=\"text-align: center;\"><span style=\"color: #1dadeb;\"><strong>\u2013 FABRICATION ET MATERIAUX \u2013<\/strong><\/span><\/p>\n<p id=\"tw-target-text\" class=\"tw-data-text tw-text-large tw-ta\" dir=\"ltr\" style=\"text-align: center;\" data-placeholder=\"Traduction\"><span class=\"Y2IQFc\" lang=\"fr\">Production en diff\u00e9rentes tailles<br \/>\nFibre antibact\u00e9rienne<br \/>\nStructure en tissu doux et soyeux<br \/>\nLa hauteur du lit est de 29 cm, hors sommier<br \/>\nSupport de syst\u00e8me de ressort SSS dans le matelas<br \/>\nLe mod\u00e8le est propos\u00e9 en sommier, lit, t\u00eate de lit ensemble<br \/>\nSyst\u00e8me d&#8217;amortisseur \u00e0 double s\u00e9curit\u00e9, mod\u00e8le de t\u00eate compatible avec le socle<br \/>\nPoints de haute pression sur la surface sup\u00e9rieure du matelas pour plus de confort<br \/>\nTissu antibact\u00e9rien \u00e0 texture douce et anti-transpirant<br \/>\nSyst\u00e8me d&#8217;\u00e9quilibre qui prot\u00e8ge la posture orthop\u00e9dique du syst\u00e8me musculo-squelettique<br \/>\n<\/span><\/p>\n<p style=\"text-align: center;\">Pour les d\u00e9tails de fabrication du matelas, veuillez vous r\u00e9f\u00e9rer \u00e0 l&#8217;image correspondante<\/p>\n<p style=\"text-align: center;\"><span style=\"color: #1dadeb;\"><strong>\u2013 DIMENSIONS \u2013<\/strong><\/span><\/p>\n<p style=\"text-align: center;\">160 x 200 cm<\/p>\n<p style=\"text-align: center;\"><span style=\"color: #1dadeb;\"><strong>\u2013 ENTRETIEN \u2013<\/strong><\/span><\/p>\n<p style=\"text-align: center;\">Il est recommand\u00e9 de laver la t\u00eate de lit avec un chiffon humide<\/p>\n","protected":false},"excerpt":{"rendered":"<p id=\"tw-target-text\" class=\"tw-data-text tw-text-large tw-ta\" dir=\"ltr\" data-placeholder=\"Traduction\"><span class=\"Y2IQFc\" lang=\"fr\">Avec son grand volume de rangement, Le sommier Golden vous comblera avec son style de production robuste. Avec le tissu de couleur beige utilis\u00e9 dans sa fabrication, il peut s&#8217;adapter \u00e0 n&#8217;importe quelle pi\u00e8ce et contribuer \u00e0 votre d\u00e9coration int\u00e9rieur.<\/span><\/p>\n<p dir=\"ltr\" data-placeholder=\"Traduction\">Livraison en 4 \u00e0 10 semaines selon le stock disponible<\/p>\n","protected":false},"featured_media":101017,"comment_status":"open","ping_status":"closed","template":"","meta":{"om_disable_all_campaigns":false,"_mi_skip_tracking":false,"_monsterinsights_sitenote_active":false,"_monsterinsights_sitenote_note":"","_monsterinsights_sitenote_category":0},"product_cat":[290,332],"product_tag":[134,362,361,135,360,359],"aioseo_notices":[],"jetpack_sharing_enabled":true,"_links":{"self":[{"href":"https:\/\/rdesignconcept.com\/index.php\/wp-json\/wp\/v2\/product\/101016"}],"collection":[{"href":"https:\/\/rdesignconcept.com\/index.php\/wp-json\/wp\/v2\/product"}],"about":[{"href":"https:\/\/rdesignconcept.com\/index.php\/wp-json\/wp\/v2\/types\/product"}],"replies":[{"embeddable":true,"href":"https:\/\/rdesignconcept.com\/index.php\/wp-json\/wp\/v2\/comments?post=101016"}],"wp:featuredmedia":[{"embeddable":true,"href":"https:\/\/rdesignconcept.com\/index.php\/wp-json\/wp\/v2\/media\/101017"}],"wp:attachment":[{"href":"https:\/\/rdesignconcept.com\/index.php\/wp-json\/wp\/v2\/media?parent=101016"}],"wp:term":[{"taxonomy":"product_cat","embeddable":true,"href":"https:\/\/rdesignconcept.com\/index.php\/wp-json\/wp\/v2\/product_cat?post=101016"},{"taxonomy":"product_tag","embeddable":true,"href":"https:\/\/rdesignconcept.com\/index.php\/wp-json\/wp\/v2\/product_tag?post=101016"}],"curies":[{"name":"wp","href":"https:\/\/api.w.org\/{rel}","templated":true}]}}