{"id":100993,"date":"2023-07-18T01:05:27","date_gmt":"2023-07-17T23:05:27","guid":{"rendered":"https:\/\/rdesignconcept.com\/?post_type=product&#038;p=100993"},"modified":"2023-11-29T01:19:21","modified_gmt":"2023-11-29T00:19:21","slug":"lit-equinox","status":"publish","type":"product","link":"https:\/\/rdesignconcept.com\/index.php\/product\/lit-equinox\/","title":{"rendered":"Lit-coffre\/Matelas Equinox"},"content":{"rendered":"<p style=\"text-align: center;\"><span style=\"color: #1dadeb;\"><strong>\u2013 FABRICATION ET MATERIAUX \u2013<\/strong><\/span><\/p>\n<p id=\"tw-target-text\" class=\"tw-data-text tw-text-large tw-ta\" dir=\"ltr\" style=\"text-align: center;\" data-placeholder=\"Traduction\"><span class=\"Y2IQFc\" lang=\"fr\">Tissu doux lavable<br \/>\nProduction en diff\u00e9rentes tailles<\/span><span class=\"Y2IQFc\" lang=\"fr\"><br \/>\nFibre antibact\u00e9rienne<br \/>\nSeule la hauteur du lit est de 36 cm, hors sommier<br \/>\nIl y a un support de syst\u00e8me de ressort SSS dans le matelas<br \/>\nLe mod\u00e8le est propos\u00e9 en sommier, lit, t\u00eate de lit ensemble<br \/>\nSurface orthop\u00e9dique qui soutient le syst\u00e8me musculo-squelettique<br \/>\nSyst\u00e8me d&#8217;amortisseur \u00e0 double s\u00e9curit\u00e9, mod\u00e8le de t\u00eate compatible avec le socle<br \/>\nPoints de haute pression sur la surface sup\u00e9rieure du matelas pour plus de confort<br \/>\nTissu antibact\u00e9rien \u00e0 texture douce et anti-transpirant<br \/>\n<\/span><\/p>\n<p style=\"text-align: center;\">Pour les d\u00e9tails de fabrication du matelas, veuillez vous r\u00e9f\u00e9rer \u00e0 l&#8217;image correspondante<\/p>\n<p style=\"text-align: center;\"><span style=\"color: #1dadeb;\"><strong>\u2013 DIMENSIONS \u2013<\/strong><\/span><\/p>\n<p style=\"text-align: center;\">160 x 200 cm<\/p>\n<p style=\"text-align: center;\"><span style=\"color: #1dadeb;\"><strong>\u2013 ENTRETIEN \u2013<\/strong><\/span><\/p>\n<p style=\"text-align: center;\">Il est recommand\u00e9 de laver la t\u00eate de lit avec un chiffon humide<\/p>\n","protected":false},"excerpt":{"rendered":"<p id=\"tw-target-text\" class=\"tw-data-text tw-text-large tw-ta\" dir=\"ltr\" data-placeholder=\"Traduction\">Ne vous fiez pas au fait qu&#8217;il cache sa structure avec son matelassage. Offrant un avantage d&#8217;utilisation maximal avec son grand espace de rangement, le sommier Equinox offre une solution fonctionnelle \u00e0 votre chambre \u00e0 coucher.<\/p>\n<p dir=\"ltr\" data-placeholder=\"Traduction\">Livraison en 4 \u00e0 10 semaines selon le stock disponible<\/p>\n","protected":false},"featured_media":100994,"comment_status":"open","ping_status":"closed","template":"","meta":{"om_disable_all_campaigns":false,"_mi_skip_tracking":false,"_monsterinsights_sitenote_active":false,"_monsterinsights_sitenote_note":"","_monsterinsights_sitenote_category":0},"product_cat":[290,332],"product_tag":[134,362,361,135,360,359],"aioseo_notices":[],"jetpack_sharing_enabled":true,"_links":{"self":[{"href":"https:\/\/rdesignconcept.com\/index.php\/wp-json\/wp\/v2\/product\/100993"}],"collection":[{"href":"https:\/\/rdesignconcept.com\/index.php\/wp-json\/wp\/v2\/product"}],"about":[{"href":"https:\/\/rdesignconcept.com\/index.php\/wp-json\/wp\/v2\/types\/product"}],"replies":[{"embeddable":true,"href":"https:\/\/rdesignconcept.com\/index.php\/wp-json\/wp\/v2\/comments?post=100993"}],"wp:featuredmedia":[{"embeddable":true,"href":"https:\/\/rdesignconcept.com\/index.php\/wp-json\/wp\/v2\/media\/100994"}],"wp:attachment":[{"href":"https:\/\/rdesignconcept.com\/index.php\/wp-json\/wp\/v2\/media?parent=100993"}],"wp:term":[{"taxonomy":"product_cat","embeddable":true,"href":"https:\/\/rdesignconcept.com\/index.php\/wp-json\/wp\/v2\/product_cat?post=100993"},{"taxonomy":"product_tag","embeddable":true,"href":"https:\/\/rdesignconcept.com\/index.php\/wp-json\/wp\/v2\/product_tag?post=100993"}],"curies":[{"name":"wp","href":"https:\/\/api.w.org\/{rel}","templated":true}]}}