{"id":100918,"date":"2023-07-10T11:47:57","date_gmt":"2023-07-10T09:47:57","guid":{"rendered":"https:\/\/rdesignconcept.com\/?post_type=product&#038;p=100918"},"modified":"2023-11-29T01:24:13","modified_gmt":"2023-11-29T00:24:13","slug":"lit-bruges","status":"publish","type":"product","link":"https:\/\/rdesignconcept.com\/index.php\/product\/lit-bruges\/","title":{"rendered":"Lit\/Matelas Bruges"},"content":{"rendered":"<p style=\"text-align: center;\"><span style=\"color: #1dadeb;\"><strong>\u2013 FABRICATION ET MATERIAUX \u2013<\/strong><\/span><\/p>\n<p style=\"text-align: center;\">Fabrication m\u00e9tallique<br \/>\nA\u00e9ration optimale<br \/>\nTissu doux simple \u00e0 nettoyer<br \/>\nDisponibles en plusieurs tailles<br \/>\nLit-coffre<br \/>\nInt\u00e9rieur spacieux pour un maximum de rangement<br \/>\nInt\u00e9rieur en bois lamin\u00e9 8mm<br \/>\nTable inf\u00e9rieure et support en acier qui r\u00e9partissent uniform\u00e9ment la r\u00e9sistance du poids<br \/>\nDouble amortisseur de s\u00e9curit\u00e9<br \/>\nLe produit arrive d\u00e9mont\u00e9, l&#8217;installation est simple<\/p>\n<p>&nbsp;<\/p>\n<p style=\"text-align: center;\">Pour le d\u00e9tail de fabrication du matelas veuillez vous r\u00e9f\u00e9rer \u00e0 l&#8217;image correspondante<\/p>\n<p style=\"text-align: center;\"><span style=\"color: #1dadeb;\"><strong>\u2013 ENTRETIEN \u2013<\/strong><\/span><\/p>\n<p style=\"text-align: center;\">Il est recommand\u00e9 de laver la t\u00eate de lit avec un chiffon humide<\/p>\n","protected":false},"excerpt":{"rendered":"<p>Livraison en 4 \u00e0 10 semaines selon le stock disponible<\/p>\n","protected":false},"featured_media":100963,"comment_status":"open","ping_status":"closed","template":"","meta":{"om_disable_all_campaigns":false,"_mi_skip_tracking":false,"_monsterinsights_sitenote_active":false,"_monsterinsights_sitenote_note":"","_monsterinsights_sitenote_category":0},"product_cat":[290,332],"product_tag":[134,362,361,360,359],"aioseo_notices":[],"jetpack_sharing_enabled":true,"_links":{"self":[{"href":"https:\/\/rdesignconcept.com\/index.php\/wp-json\/wp\/v2\/product\/100918"}],"collection":[{"href":"https:\/\/rdesignconcept.com\/index.php\/wp-json\/wp\/v2\/product"}],"about":[{"href":"https:\/\/rdesignconcept.com\/index.php\/wp-json\/wp\/v2\/types\/product"}],"replies":[{"embeddable":true,"href":"https:\/\/rdesignconcept.com\/index.php\/wp-json\/wp\/v2\/comments?post=100918"}],"wp:featuredmedia":[{"embeddable":true,"href":"https:\/\/rdesignconcept.com\/index.php\/wp-json\/wp\/v2\/media\/100963"}],"wp:attachment":[{"href":"https:\/\/rdesignconcept.com\/index.php\/wp-json\/wp\/v2\/media?parent=100918"}],"wp:term":[{"taxonomy":"product_cat","embeddable":true,"href":"https:\/\/rdesignconcept.com\/index.php\/wp-json\/wp\/v2\/product_cat?post=100918"},{"taxonomy":"product_tag","embeddable":true,"href":"https:\/\/rdesignconcept.com\/index.php\/wp-json\/wp\/v2\/product_tag?post=100918"}],"curies":[{"name":"wp","href":"https:\/\/api.w.org\/{rel}","templated":true}]}}