{"id":100859,"date":"2023-07-09T16:18:46","date_gmt":"2023-07-09T14:18:46","guid":{"rendered":"https:\/\/rdesignconcept.com\/?post_type=product&#038;p=100859"},"modified":"2023-11-29T01:32:02","modified_gmt":"2023-11-29T00:32:02","slug":"table-a-manger-carina","status":"publish","type":"product","link":"https:\/\/rdesignconcept.com\/index.php\/product\/table-a-manger-carina\/","title":{"rendered":"Table \u00e0 manger Carina"},"content":{"rendered":"<p style=\"text-align: center;\"><span style=\"color: #1dadeb;\"><strong>\u2013 DIMENSIONS \u2013<\/strong><\/span><\/p>\n<p style=\"text-align: center;\">Largeur : 170 cm<br \/>\nHauteur :\u00a0 80 cm<br \/>\nProfondeur :\u00a0 90 cm<\/p>\n<p style=\"text-align: center;\"><span style=\"color: #1dadeb;\"><strong>\u2013 ENTRETIEN \u2013<\/strong><\/span><\/p>\n<p style=\"text-align: center;\">Il est recommand\u00e9 d&#8217;essuyer la table \u00e0 manger uniquement avec un chiffon microfibre humidifi\u00e9 \u00e0 l\u2019eau.<br \/>\n\u00c9vitez tout produit m\u00e9nage agressif<\/p>\n","protected":false},"excerpt":{"rendered":"<p>L&#8217;ensemble salle \u00e0 manger Carina se fondra parfaitement dans le d\u00e9cor.<\/p>\n<p>N&#8217;oubliez pas de compl\u00e9ter l&#8217;ensemble Carina avec son ensemble TV, son lit, et son magnifique dressing.<\/p>\n<p>Livraison en 4 \u00e0 10 semaines selon le stock disponible<\/p>\n","protected":false},"featured_media":100858,"comment_status":"open","ping_status":"closed","template":"","meta":{"om_disable_all_campaigns":false,"_mi_skip_tracking":false,"_monsterinsights_sitenote_active":false,"_monsterinsights_sitenote_note":"","_monsterinsights_sitenote_category":0},"product_cat":[292,326],"product_tag":[357,358,356,355],"aioseo_notices":[],"jetpack_sharing_enabled":true,"_links":{"self":[{"href":"https:\/\/rdesignconcept.com\/index.php\/wp-json\/wp\/v2\/product\/100859"}],"collection":[{"href":"https:\/\/rdesignconcept.com\/index.php\/wp-json\/wp\/v2\/product"}],"about":[{"href":"https:\/\/rdesignconcept.com\/index.php\/wp-json\/wp\/v2\/types\/product"}],"replies":[{"embeddable":true,"href":"https:\/\/rdesignconcept.com\/index.php\/wp-json\/wp\/v2\/comments?post=100859"}],"wp:featuredmedia":[{"embeddable":true,"href":"https:\/\/rdesignconcept.com\/index.php\/wp-json\/wp\/v2\/media\/100858"}],"wp:attachment":[{"href":"https:\/\/rdesignconcept.com\/index.php\/wp-json\/wp\/v2\/media?parent=100859"}],"wp:term":[{"taxonomy":"product_cat","embeddable":true,"href":"https:\/\/rdesignconcept.com\/index.php\/wp-json\/wp\/v2\/product_cat?post=100859"},{"taxonomy":"product_tag","embeddable":true,"href":"https:\/\/rdesignconcept.com\/index.php\/wp-json\/wp\/v2\/product_tag?post=100859"}],"curies":[{"name":"wp","href":"https:\/\/api.w.org\/{rel}","templated":true}]}}