{"id":100847,"date":"2023-07-09T16:00:37","date_gmt":"2023-07-09T14:00:37","guid":{"rendered":"https:\/\/rdesignconcept.com\/?post_type=product&#038;p=100847"},"modified":"2023-11-29T01:35:19","modified_gmt":"2023-11-29T00:35:19","slug":"meuble-tv-bianca","status":"publish","type":"product","link":"https:\/\/rdesignconcept.com\/index.php\/product\/meuble-tv-bianca\/","title":{"rendered":"Meuble TV Bianca"},"content":{"rendered":"<p><strong>Un meuble TV de haute qualit\u00e9<\/strong><\/p>\n<p>Le meuble TV Bianca se fondra parfaitement dans le d\u00e9cor.<\/p>\n<p>N&#8217;oubliez pas de compl\u00e9ter l&#8217;ensemble Bianca avec son ensemble Salle \u00e0 manger, son lit, et son magnifique dressing.<\/p>\n<p>Livraison en 4 \u00e0 10 semaines<\/p>\n","protected":false},"excerpt":{"rendered":"<p>Un meuble TV de haute qualit\u00e9 Le meuble TV Bianca se fondra parfaitement dans le d\u00e9cor. N&#8217;oubliez pas de compl\u00e9ter l&#8217;ensemble Bianca avec son ensemble Salle \u00e0 manger, son lit, et son magnifique dressing. Livraison en 4 \u00e0 10 semaines<\/p>\n","protected":false},"featured_media":100848,"comment_status":"open","ping_status":"closed","template":"","meta":{"om_disable_all_campaigns":false,"_mi_skip_tracking":false,"_monsterinsights_sitenote_active":false,"_monsterinsights_sitenote_note":"","_monsterinsights_sitenote_category":0},"product_cat":[319,287],"product_tag":[363,364],"aioseo_notices":[],"jetpack_sharing_enabled":true,"_links":{"self":[{"href":"https:\/\/rdesignconcept.com\/index.php\/wp-json\/wp\/v2\/product\/100847"}],"collection":[{"href":"https:\/\/rdesignconcept.com\/index.php\/wp-json\/wp\/v2\/product"}],"about":[{"href":"https:\/\/rdesignconcept.com\/index.php\/wp-json\/wp\/v2\/types\/product"}],"replies":[{"embeddable":true,"href":"https:\/\/rdesignconcept.com\/index.php\/wp-json\/wp\/v2\/comments?post=100847"}],"wp:featuredmedia":[{"embeddable":true,"href":"https:\/\/rdesignconcept.com\/index.php\/wp-json\/wp\/v2\/media\/100848"}],"wp:attachment":[{"href":"https:\/\/rdesignconcept.com\/index.php\/wp-json\/wp\/v2\/media?parent=100847"}],"wp:term":[{"taxonomy":"product_cat","embeddable":true,"href":"https:\/\/rdesignconcept.com\/index.php\/wp-json\/wp\/v2\/product_cat?post=100847"},{"taxonomy":"product_tag","embeddable":true,"href":"https:\/\/rdesignconcept.com\/index.php\/wp-json\/wp\/v2\/product_tag?post=100847"}],"curies":[{"name":"wp","href":"https:\/\/api.w.org\/{rel}","templated":true}]}}