{"id":100828,"date":"2023-07-09T15:36:45","date_gmt":"2023-07-09T13:36:45","guid":{"rendered":"https:\/\/rdesignconcept.com\/?post_type=product&#038;p=100828"},"modified":"2023-11-29T01:25:02","modified_gmt":"2023-11-29T00:25:02","slug":"lit-bianca","status":"publish","type":"product","link":"https:\/\/rdesignconcept.com\/index.php\/product\/lit-bianca\/","title":{"rendered":"Bianca"},"content":{"rendered":"<p style=\"text-align: center;\"><span style=\"color: #1dadeb;\"><strong>\u2013 FABRICATION ET MATERIAUX \u2013<br \/>\n<\/strong><\/span><br \/>\nBase robuste<\/p>\n<p style=\"text-align: center;\"><span style=\"color: #1dadeb;\"><strong>\u2013 DIMENSIONS \u2013<\/strong><\/span><\/p>\n<p style=\"text-align: center;\">Lit : 160x200cm<br \/>\nDressing : 220x220x65cm<br \/>\nChevets : 65cm<\/p>\n<p style=\"text-align: center;\"><span style=\"color: #1dadeb;\"><strong>\u2013 ENTRETIEN \u2013<\/strong><\/span><\/p>\n<p style=\"text-align: center;\">Les diff\u00e9rents meubles se nettoient \u00e0 l\u2019aide d\u2019un chiffon microfibre humidifi\u00e9 \u00e0 l\u2019eau, ou \u00e0 l\u2019aide de savon noir pour les t\u00e2ches tenaces.<\/p>\n<p style=\"text-align: center;\">La structure et les pieds, sont quant \u00e0 eux, \u00e0 nettoyer uniquement avec un chiffon microfibre humidifi\u00e9 \u00e0 l\u2019eau.<br \/>\n\u00c9vitez tout produit m\u00e9nage agressif<\/p>\n","protected":false},"excerpt":{"rendered":"<p>L\u2019ensemble Bianca se fondra parfaitement dans le d\u00e9cor de votre chambre.<\/p>\n<p>N\u2019oubliez pas de compl\u00e9ter la chambre Bianca avec son ensemble TV et sa table \u00e0 manger.<\/p>\n<p>Livraison en 4 \u00e0 10 semaines selon le stock disponible<\/p>\n","protected":false},"featured_media":100832,"comment_status":"open","ping_status":"closed","template":"","meta":{"om_disable_all_campaigns":false,"_mi_skip_tracking":false,"_monsterinsights_sitenote_active":false,"_monsterinsights_sitenote_note":"","_monsterinsights_sitenote_category":0},"product_cat":[290,327],"product_tag":[134,362,361,360,359],"aioseo_notices":[],"jetpack_sharing_enabled":true,"_links":{"self":[{"href":"https:\/\/rdesignconcept.com\/index.php\/wp-json\/wp\/v2\/product\/100828"}],"collection":[{"href":"https:\/\/rdesignconcept.com\/index.php\/wp-json\/wp\/v2\/product"}],"about":[{"href":"https:\/\/rdesignconcept.com\/index.php\/wp-json\/wp\/v2\/types\/product"}],"replies":[{"embeddable":true,"href":"https:\/\/rdesignconcept.com\/index.php\/wp-json\/wp\/v2\/comments?post=100828"}],"wp:featuredmedia":[{"embeddable":true,"href":"https:\/\/rdesignconcept.com\/index.php\/wp-json\/wp\/v2\/media\/100832"}],"wp:attachment":[{"href":"https:\/\/rdesignconcept.com\/index.php\/wp-json\/wp\/v2\/media?parent=100828"}],"wp:term":[{"taxonomy":"product_cat","embeddable":true,"href":"https:\/\/rdesignconcept.com\/index.php\/wp-json\/wp\/v2\/product_cat?post=100828"},{"taxonomy":"product_tag","embeddable":true,"href":"https:\/\/rdesignconcept.com\/index.php\/wp-json\/wp\/v2\/product_tag?post=100828"}],"curies":[{"name":"wp","href":"https:\/\/api.w.org\/{rel}","templated":true}]}}