{"id":100817,"date":"2023-07-09T15:17:33","date_gmt":"2023-07-09T13:17:33","guid":{"rendered":"https:\/\/rdesignconcept.com\/?post_type=product&#038;p=100817"},"modified":"2023-11-29T01:00:13","modified_gmt":"2023-11-29T00:00:13","slug":"meuble-tv-capella","status":"publish","type":"product","link":"https:\/\/rdesignconcept.com\/index.php\/product\/meuble-tv-capella\/","title":{"rendered":"Meuble TV Capella"},"content":{"rendered":"<p><strong>Un ensemble qui vous ressemble<\/strong><\/p>\n<p>L&#8217;ensemble meuble TV Capella se fondra parfaitement dans le d\u00e9cor.<\/p>\n<p>N&#8217;oubliez pas de compl\u00e9ter l&#8217;ensemble Capella avec son ensemble Salle \u00e0 manger, son lit, et son magnifique dressing.<\/p>\n<p>Livraison en 4 \u00e0 10 semaines<\/p>\n<p>&nbsp;<\/p>\n","protected":false},"excerpt":{"rendered":"<p>Un ensemble qui vous ressemble L&#8217;ensemble meuble TV Capella se fondra parfaitement dans le d\u00e9cor. N&#8217;oubliez pas de compl\u00e9ter l&#8217;ensemble Capella avec son ensemble Salle \u00e0 manger, son lit, et son magnifique dressing. Livraison en 4 \u00e0 10 semaines &nbsp;<\/p>\n","protected":false},"featured_media":100818,"comment_status":"open","ping_status":"closed","template":"","meta":{"om_disable_all_campaigns":false,"_mi_skip_tracking":false,"_monsterinsights_sitenote_active":false,"_monsterinsights_sitenote_note":"","_monsterinsights_sitenote_category":0},"product_cat":[319,287],"product_tag":[363,364],"aioseo_notices":[],"jetpack_sharing_enabled":true,"_links":{"self":[{"href":"https:\/\/rdesignconcept.com\/index.php\/wp-json\/wp\/v2\/product\/100817"}],"collection":[{"href":"https:\/\/rdesignconcept.com\/index.php\/wp-json\/wp\/v2\/product"}],"about":[{"href":"https:\/\/rdesignconcept.com\/index.php\/wp-json\/wp\/v2\/types\/product"}],"replies":[{"embeddable":true,"href":"https:\/\/rdesignconcept.com\/index.php\/wp-json\/wp\/v2\/comments?post=100817"}],"wp:featuredmedia":[{"embeddable":true,"href":"https:\/\/rdesignconcept.com\/index.php\/wp-json\/wp\/v2\/media\/100818"}],"wp:attachment":[{"href":"https:\/\/rdesignconcept.com\/index.php\/wp-json\/wp\/v2\/media?parent=100817"}],"wp:term":[{"taxonomy":"product_cat","embeddable":true,"href":"https:\/\/rdesignconcept.com\/index.php\/wp-json\/wp\/v2\/product_cat?post=100817"},{"taxonomy":"product_tag","embeddable":true,"href":"https:\/\/rdesignconcept.com\/index.php\/wp-json\/wp\/v2\/product_tag?post=100817"}],"curies":[{"name":"wp","href":"https:\/\/api.w.org\/{rel}","templated":true}]}}