{"id":100804,"date":"2023-06-21T23:22:56","date_gmt":"2023-06-21T21:22:56","guid":{"rendered":"https:\/\/rdesignconcept.com\/?post_type=product&#038;p=100804"},"modified":"2023-11-29T01:28:03","modified_gmt":"2023-11-29T00:28:03","slug":"buffet-carmen","status":"publish","type":"product","link":"https:\/\/rdesignconcept.com\/index.php\/product\/buffet-carmen\/","title":{"rendered":"Buffet Carmen"},"content":{"rendered":"<p><strong>Un buffet qui vous ravira<\/strong><\/p>\n<p>L&#8217;ensemble salle \u00e0 manger Carmen se fondra parfaitement dans le d\u00e9cor.<\/p>\n<p>N&#8217;oubliez pas de compl\u00e9ter l&#8217;ensemble Carmen avec sa table \u00e0 manger, son ensemble TV ou encore m\u00eame son lit, et son magnifique dressing !<\/p>\n<p><strong>Conseil d&#8217;entretien<\/strong><\/p>\n<p>Vous pouvez nettoyer votre buffet avec un chiffon humide.<\/p>\n<p>Livraison en 4 \u00e0 10 semaines selon le stock disponible<\/p>\n","protected":false},"excerpt":{"rendered":"<p>Un buffet qui vous ravira L&#8217;ensemble salle \u00e0 manger Carmen se fondra parfaitement dans le d\u00e9cor. N&#8217;oubliez pas de compl\u00e9ter l&#8217;ensemble Carmen avec sa table \u00e0 manger, son ensemble TV ou encore m\u00eame son lit, et son magnifique dressing ! Conseil d&#8217;entretien Vous pouvez nettoyer votre buffet avec un chiffon humide. Livraison en 4 \u00e0 10 semaines selon le stock disponible<\/p>\n","protected":false},"featured_media":100795,"comment_status":"open","ping_status":"closed","template":"","meta":{"om_disable_all_campaigns":false,"_mi_skip_tracking":false,"_monsterinsights_sitenote_active":false,"_monsterinsights_sitenote_note":"","_monsterinsights_sitenote_category":0},"product_cat":[292,325],"product_tag":[357,358,356,355],"aioseo_notices":[],"jetpack_sharing_enabled":true,"_links":{"self":[{"href":"https:\/\/rdesignconcept.com\/index.php\/wp-json\/wp\/v2\/product\/100804"}],"collection":[{"href":"https:\/\/rdesignconcept.com\/index.php\/wp-json\/wp\/v2\/product"}],"about":[{"href":"https:\/\/rdesignconcept.com\/index.php\/wp-json\/wp\/v2\/types\/product"}],"replies":[{"embeddable":true,"href":"https:\/\/rdesignconcept.com\/index.php\/wp-json\/wp\/v2\/comments?post=100804"}],"wp:featuredmedia":[{"embeddable":true,"href":"https:\/\/rdesignconcept.com\/index.php\/wp-json\/wp\/v2\/media\/100795"}],"wp:attachment":[{"href":"https:\/\/rdesignconcept.com\/index.php\/wp-json\/wp\/v2\/media?parent=100804"}],"wp:term":[{"taxonomy":"product_cat","embeddable":true,"href":"https:\/\/rdesignconcept.com\/index.php\/wp-json\/wp\/v2\/product_cat?post=100804"},{"taxonomy":"product_tag","embeddable":true,"href":"https:\/\/rdesignconcept.com\/index.php\/wp-json\/wp\/v2\/product_tag?post=100804"}],"curies":[{"name":"wp","href":"https:\/\/api.w.org\/{rel}","templated":true}]}}