{"id":100797,"date":"2023-06-17T23:37:10","date_gmt":"2023-06-17T21:37:10","guid":{"rendered":"https:\/\/rdesignconcept.com\/?post_type=product&#038;p=100797"},"modified":"2023-11-29T01:20:33","modified_gmt":"2023-11-29T00:20:33","slug":"carmen","status":"publish","type":"product","link":"https:\/\/rdesignconcept.com\/index.php\/product\/carmen\/","title":{"rendered":"Carmen"},"content":{"rendered":"<p style=\"text-align: center;\"><span style=\"color: #1dadeb;\"><strong>\u2013 FABRICATION ET MATERIAUX \u2013<br \/>\n<\/strong><\/span><br \/>\nBase robuste en bois et m\u00e9tal<\/p>\n<p style=\"text-align: center;\"><span style=\"color: #1dadeb;\"><strong>\u2013 DIMENSIONS \u2013<\/strong><\/span><\/p>\n<p style=\"text-align: center;\">Lit coffre : 160x200cm<br \/>\nDressing : 180x220x65cm<br \/>\nChevets : 65cm<\/p>\n<p style=\"text-align: center;\"><span style=\"color: #1dadeb;\"><strong>\u2013 ENTRETIEN \u2013<\/strong><\/span><\/p>\n<p style=\"text-align: center;\">Les diff\u00e9rents meubles se nettoient \u00e0 l\u2019aide d\u2019un chiffon microfibre humidifi\u00e9 \u00e0 l\u2019eau, ou \u00e0 l\u2019aide de savon noir pour les t\u00e2ches tenaces.<\/p>\n<p style=\"text-align: center;\">La structure et les pieds, sont quant \u00e0 eux, \u00e0 nettoyer uniquement avec un chiffon microfibre humidifi\u00e9 \u00e0 l\u2019eau.<br \/>\n\u00c9vitez tout produit m\u00e9nage agressif<\/p>\n","protected":false},"excerpt":{"rendered":"<p>L&#8217;ensemble Carmen se fondra parfaitement dans le d\u00e9cor de votre chambre.<\/p>\n<p>Le dressing est modulable. L&#8217;article vendu ici est la partie ouverte que l&#8217;on visualise sur la photo. Si vous souhaitez un dressing sur-mesure, merci de nous contacter via le formulaire ou par t\u00e9l\u00e9phone.<\/p>\n<p>N&#8217;oubliez pas de compl\u00e9ter le lit Capella avec son ensemble TV et sa table \u00e0 manger.<\/p>\n<p>Livraison en 4 \u00e0 10 semaines selon le stock disponible<\/p>\n","protected":false},"featured_media":100798,"comment_status":"open","ping_status":"closed","template":"","meta":{"om_disable_all_campaigns":false,"_mi_skip_tracking":false,"_monsterinsights_sitenote_active":false,"_monsterinsights_sitenote_note":"","_monsterinsights_sitenote_category":0},"product_cat":[290,327],"product_tag":[134,362,361,360,359],"aioseo_notices":[],"jetpack_sharing_enabled":true,"_links":{"self":[{"href":"https:\/\/rdesignconcept.com\/index.php\/wp-json\/wp\/v2\/product\/100797"}],"collection":[{"href":"https:\/\/rdesignconcept.com\/index.php\/wp-json\/wp\/v2\/product"}],"about":[{"href":"https:\/\/rdesignconcept.com\/index.php\/wp-json\/wp\/v2\/types\/product"}],"replies":[{"embeddable":true,"href":"https:\/\/rdesignconcept.com\/index.php\/wp-json\/wp\/v2\/comments?post=100797"}],"wp:featuredmedia":[{"embeddable":true,"href":"https:\/\/rdesignconcept.com\/index.php\/wp-json\/wp\/v2\/media\/100798"}],"wp:attachment":[{"href":"https:\/\/rdesignconcept.com\/index.php\/wp-json\/wp\/v2\/media?parent=100797"}],"wp:term":[{"taxonomy":"product_cat","embeddable":true,"href":"https:\/\/rdesignconcept.com\/index.php\/wp-json\/wp\/v2\/product_cat?post=100797"},{"taxonomy":"product_tag","embeddable":true,"href":"https:\/\/rdesignconcept.com\/index.php\/wp-json\/wp\/v2\/product_tag?post=100797"}],"curies":[{"name":"wp","href":"https:\/\/api.w.org\/{rel}","templated":true}]}}