{"id":100752,"date":"2023-06-09T17:59:53","date_gmt":"2023-06-09T15:59:53","guid":{"rendered":"https:\/\/rdesignconcept.com\/?post_type=product&#038;p=100752"},"modified":"2023-11-29T01:21:00","modified_gmt":"2023-11-29T00:21:00","slug":"matelas-base","status":"publish","type":"product","link":"https:\/\/rdesignconcept.com\/index.php\/product\/matelas-base\/","title":{"rendered":"Matelas Base"},"content":{"rendered":"<p><strong>Offrez-vous des nuits de r\u00eave avec nos gammes Matelas.<\/strong><\/p>\n<p><span class=\"rtf-text body-s-400\" data-v-7480a6c0=\"\" data-v-ec03021c=\"\">\u2714 Un matelas respirant : les tissus utilis\u00e9s permettent une r\u00e9gularisation de la temp\u00e9rature du corps et vous \u00e9vite de transpirer.<br \/>\n<\/span><span class=\"rtf-text body-s-400\" data-v-7480a6c0=\"\" data-v-ec03021c=\"\">\u2714 Adapt\u00e9 \u00e0 toutes les positions de sommeil : la mousse \u00e0 m\u00e9moire de forme facilite vos mouvements. En s&#8217;adaptant \u00e0 la temp\u00e9rature et le poids corporel, notre matelas facilitera la circulation sanguine.<br \/>\n<\/span><span class=\"rtf-text body-s-400\" data-v-7480a6c0=\"\" data-v-ec03021c=\"\">\u2714 Un matelas qui vous veut du bien : avec la technologie &#8220;Gell-infused&#8221;, notre matelas offre un soutien v\u00e9ritable au zone cl\u00e9 de votre corps, ainsi qu&#8217;\u00e0 votre colonne vert\u00e9brale.<br \/>\n<\/span><span class=\"rtf-text body-s-400\" data-v-7480a6c0=\"\" data-v-ec03021c=\"\">\u2714 Un matelas doux : au toucher et au confort, nos mousses anti-allergiques soutiennent votre corps et r\u00e9gule sa temp\u00e9rature.<\/span><\/p>\n<p><strong>Fabrication et mat\u00e9riaux du matelas Base<\/strong><\/p>\n<p>5 couches de confort, du haut vers le bas :<\/p>\n<p><img decoding=\"async\" src=\"https:\/\/www.sleeptown.com.tr\/Data\/EditorFiles\/Yatak-Recete-Katmanlar\/base\/Base_Recete_Grup.jpg\" alt=\"Base-recete__.jpg (14 KB)\" \/><\/p>\n<p>&#8211; Tissu Air-Pass : Le tissu du matelas Air-pass, tricot\u00e9 \u00e0 partir de fils durables, offre une qualit\u00e9 de sommeil douce en \u00e9quilibrant la temp\u00e9rature corporelle.<br \/>\nIl emp\u00eache la transpiration pendant le sommeil et vous aide \u00e0 cr\u00e9er un environnement de sommeil hygi\u00e9nique.<\/p>\n<p>&#8211; Les matelas con\u00e7us avec de la mousse Hypersoft, une structure en \u00e9ponge douce soutiennent les points de pression de votre corps et \u00e9quilibrent la temp\u00e9rature de votre corps avec le flux d&#8217;air.<br \/>\nLes matelas Base RDesign, s&#8217;adaptent aux changements de saison, et offrent la qualit\u00e9 de sommeil que vous attendez \u00e9t\u00e9 comme hiver.<br \/>\nEn plus du confort qu&#8217;il procure avec des technologies innovantes, vous pouvez atteindre l&#8217;efficacit\u00e9 du sommeil recommand\u00e9e par les experts pour la sant\u00e9 de votre colonne vert\u00e9brale, gr\u00e2ce aux \u00e9ponges sp\u00e9cialement con\u00e7ues dans ses couches.<\/p>\n<p>&#8211; Mousse Visco est d\u00e9velopp\u00e9e avec la technologie &#8220;Gell-Infused&#8221; et soutient la sant\u00e9 de votre colonne vert\u00e9brale.<br \/>\nGr\u00e2ce \u00e0 cette technologie, la structure en couches offre une exp\u00e9rience de sommeil confortable en soutenant diff\u00e9rentes parties de votre corps.<br \/>\nGr\u00e2ce \u00e0 sa structure cellulaire, il emp\u00eache votre corps et votre lit de surchauffer pendant la nuit, pr\u00e9vient les probl\u00e8mes tels que la transpiration et le froid pendant le sommeil et offre une exp\u00e9rience de sommeil ininterrompue.<\/p>\n<p>&#8211; En transmettant au corps la r\u00e9action d&#8217;\u00e9quilibrage de pression cr\u00e9\u00e9e par la technologie des ressorts ensach\u00e9s High-Support Gravity dans la bonne proportion, il enveloppe votre corps et vous offre le soutien n\u00e9cessaire.<\/p>\n<p>&#8211; Gr\u00e2ce au tissu antid\u00e9rapant textur\u00e9 sp\u00e9cial sous la housse, vous pouvez l&#8217;utiliser en toute s\u00e9curit\u00e9 sur toutes les surfaces pendant longtemps.<\/p>\n<p>Epaisseur du matelas : 21cm.<\/p>\n<p><strong>Conseil d&#8217;entretien<\/strong><\/p>\n<p>Il est recommand\u00e9 de laver votre housse de matelas \u00e0 30 degr\u00e9s sur un cycle doux en retirant le tissu antid\u00e9rapant du dessous.<br \/>\nVeuillez ne pas s\u00e9cher au s\u00e8che-linge, suspendez la housse pour s\u00e9cher.<br \/>\nCela garantit que la housse reste durable et hygi\u00e9nique.<\/p>\n<p><strong>Nos certifications<\/strong><\/p>\n<p><img decoding=\"async\" class=\"\" src=\"https:\/\/www.sleeptown.com.tr\/Data\/EditorFiles\/tema\/img\/tasarimsubat2023\/BSCI.jpg\" alt=\"BSCI\" width=\"131\" height=\"46\" \/> <img decoding=\"async\" class=\"\" src=\"https:\/\/www.sleeptown.com.tr\/Data\/EditorFiles\/tema\/img\/tasarimsubat2023\/EUROPUR.jpg\" alt=\"EUROPUR\" width=\"148\" height=\"41\" \/><img decoding=\"async\" class=\"\" src=\"https:\/\/www.sleeptown.com.tr\/Data\/EditorFiles\/tema\/img\/tasarimsubat2023\/ISO_50001.jpg\" alt=\"ISO_50001\" width=\"132\" height=\"45\" \/><\/p>\n<p><img loading=\"lazy\" decoding=\"async\" class=\"\" src=\"https:\/\/www.sleeptown.com.tr\/Data\/EditorFiles\/tema\/img\/tasarimsubat2023\/OEKOTEX.jpg\" alt=\"OEKOTEX\" width=\"165\" height=\"54\" \/>\u00a0 \u00a0 \u00a0<img loading=\"lazy\" decoding=\"async\" class=\"\" src=\"https:\/\/www.sleeptown.com.tr\/Data\/EditorFiles\/tema\/img\/tasarimsubat2023\/SKOPBIO.jpg\" alt=\"SKOPBIO\" width=\"155\" height=\"46\" \/><\/p>\n","protected":false},"excerpt":{"rendered":"<p>Livraison en 4 \u00e0 10 semaines selon le stock disponible<\/p>\n","protected":false},"featured_media":100753,"comment_status":"open","ping_status":"closed","template":"","meta":{"om_disable_all_campaigns":false,"_mi_skip_tracking":false,"_monsterinsights_sitenote_active":false,"_monsterinsights_sitenote_note":"","_monsterinsights_sitenote_category":0},"product_cat":[290,332],"product_tag":[354],"aioseo_notices":[],"jetpack_sharing_enabled":true,"_links":{"self":[{"href":"https:\/\/rdesignconcept.com\/index.php\/wp-json\/wp\/v2\/product\/100752"}],"collection":[{"href":"https:\/\/rdesignconcept.com\/index.php\/wp-json\/wp\/v2\/product"}],"about":[{"href":"https:\/\/rdesignconcept.com\/index.php\/wp-json\/wp\/v2\/types\/product"}],"replies":[{"embeddable":true,"href":"https:\/\/rdesignconcept.com\/index.php\/wp-json\/wp\/v2\/comments?post=100752"}],"wp:featuredmedia":[{"embeddable":true,"href":"https:\/\/rdesignconcept.com\/index.php\/wp-json\/wp\/v2\/media\/100753"}],"wp:attachment":[{"href":"https:\/\/rdesignconcept.com\/index.php\/wp-json\/wp\/v2\/media?parent=100752"}],"wp:term":[{"taxonomy":"product_cat","embeddable":true,"href":"https:\/\/rdesignconcept.com\/index.php\/wp-json\/wp\/v2\/product_cat?post=100752"},{"taxonomy":"product_tag","embeddable":true,"href":"https:\/\/rdesignconcept.com\/index.php\/wp-json\/wp\/v2\/product_tag?post=100752"}],"curies":[{"name":"wp","href":"https:\/\/api.w.org\/{rel}","templated":true}]}}