{"id":9629,"date":"2018-01-05T05:22:01","date_gmt":"2018-01-05T05:22:01","guid":{"rendered":"https:\/\/hongo.themezaa.com\/?page_id=9629"},"modified":"2018-01-05T05:22:01","modified_gmt":"2018-01-05T05:22:01","slug":"recent-products","status":"publish","type":"page","link":"https:\/\/rdesignconcept.com\/index.php\/recent-products\/","title":{"rendered":"Recent products"},"content":{"rendered":"<section class=\"wpb-content-wrapper\"><section class=\"vc_row wpb_row vc_row-fluid\"><div class=\"wpb_column vc_column_container col-xs-mobile-fullwidth vc_col-sm-12\"><div class=\"vc_column-inner\"><div class=\"wpb_wrapper\"><div class=\"alt-font heading-style-5 vc_custom_1555159552914  hongo_responsive_1555159552919 heading-1 hongo-section-heading hongo_font_1555159552911\"><span>RECENT PRODUCTS<\/span><\/div><div class=\"woocommerce hongo-woocommerce-product-lists\"><div id=\"hongo-product-list-1\" class=\"recent-product-lists hongo-product-list-1\"><div class=\"woocommerce columns-4 \"><ul class=\"products columns-4 hongo-shop-classic hongo-shop-common-isotope hongo-product-list-common-wrap hongo-shop-col-4 hongo-shop-md-col-3 hongo-shop-sm-col-3 hongo-shop-xs-col-1 gutter-medium hongo-buttons-4 hongo-text-center\" data-col=\"4\">\n\t\t\t<li class=\"grid-sizer\"><\/li>\n\t\t<li class=\"hongo-alternate-image-wrap product type-product post-102523 status-publish first instock product_cat-chaises-tabourets product_cat-salle-a-manger product_tag-chaise has-post-thumbnail shipping-taxable purchasable product-type-simple add-to-wishlist-after_add_to_cart\">\n\t\t\t<div class=\"product-thumb-wrap\">\n\t\t<a href=\"https:\/\/rdesignconcept.com\/index.php\/product\/chaise-brittany\/\" class=\"woocommerce-LoopProduct-link woocommerce-loop-product__link\"><img fetchpriority=\"high\" decoding=\"async\" width=\"360\" height=\"270\" src=\"https:\/\/rdesignconcept.com\/wp-content\/uploads\/2023\/11\/Brittany3-360x270.png\" class=\"hongo-alternate-image attachment-woocommerce_thumbnail size-woocommerce_thumbnail\" alt=\"\" \/><\/a>\t\t\t\t<div class=\"product-buttons-wrap\" data-tooltip-position=\"top\">\n\t\t\t\t<a href=\"?add-to-cart=102523\" data-quantity=\"2\" class=\"alt-font hongo-loop-product-button button product_type_simple add_to_cart_button ajax_add_to_cart\" data-product_id=\"102523\" data-product_sku=\"\" aria-label=\"Ajouter &ldquo;Chaise Brittany&rdquo; \u00e0 votre panier\" aria-describedby=\"\" rel=\"nofollow\" data-product_name=\"Chaise Brittany\" data-price=\"170\"><i class=\"icon-basket\" title=\"Ajouter au panier\"><\/i><span class=\"add-to-cart-text button-text\">Ajouter au panier<\/span><\/a><a rel=\"nofollow\" href=\"javascript:void(0);\" data-product_id=\"102523\" class=\"alt-font button hongo-quick-view\"><i class=\"icon-eye icons\" title=\"Vue rapide\"><\/i><span class=\"quick-view-text button-text\">Vue rapide<\/span><\/a><a rel=\"nofollow\" href=\"javascript:void(0);\" data-product_id=\"102523\" class=\"alt-font button product_type_simple hongo-wishlist hongo-wishlist-add\"><i class=\"icon-heart\" title=\"Ajouter \u00e0 la liste de souhaits\"><\/i><span class=\"wish-list-text button-text\">Ajouter \u00e0 la liste de souhaits<\/span><\/a>\t\t\t\t<\/div><!-- .product-buttons-wrap -->\n\t\t\t\t\t\t\n\t<\/div><!-- .product-thumb-wrap -->\n\t<a href=\"https:\/\/rdesignconcept.com\/index.php\/product\/chaise-brittany\/\" class=\"hongo-LoopProduct-link\">\n\t\t\t<\/a>\n\t\n\t<span class=\"price\"><span class=\"woocommerce-Price-amount amount\"><bdi>170,00&nbsp;<span class=\"woocommerce-Price-currencySymbol\">&euro;<\/span><\/bdi><\/span><\/span>\n\n<div\n\tclass=\"yith-wcwl-add-to-wishlist add-to-wishlist-102523  wishlist-fragment on-first-load\"\n\tdata-fragment-ref=\"102523\"\n\tdata-fragment-options=\"{&quot;base_url&quot;:&quot;&quot;,&quot;in_default_wishlist&quot;:false,&quot;is_single&quot;:false,&quot;show_exists&quot;:false,&quot;product_id&quot;:102523,&quot;parent_product_id&quot;:102523,&quot;product_type&quot;:&quot;simple&quot;,&quot;show_view&quot;:false,&quot;browse_wishlist_text&quot;:&quot;Parcourir la liste de souhaits&quot;,&quot;already_in_wishslist_text&quot;:&quot;Le produit est d\\u00e9j\\u00e0 dans votre liste de souhaits!&quot;,&quot;product_added_text&quot;:&quot;Produit ajout\\u00e9!&quot;,&quot;heading_icon&quot;:&quot;fa-heart-o&quot;,&quot;available_multi_wishlist&quot;:false,&quot;disable_wishlist&quot;:false,&quot;show_count&quot;:false,&quot;ajax_loading&quot;:false,&quot;loop_position&quot;:&quot;after_add_to_cart&quot;,&quot;item&quot;:&quot;add_to_wishlist&quot;}\"\n>\n\t\t\t\n\t\t\t<!-- ADD TO WISHLIST -->\n\t\t\t\n<div class=\"yith-wcwl-add-button\">\n\t\t<a\n\t\thref=\"?add_to_wishlist=102523&#038;_wpnonce=aceac89627\"\n\t\tclass=\"add_to_wishlist single_add_to_wishlist\"\n\t\tdata-product-id=\"102523\"\n\t\tdata-product-type=\"simple\"\n\t\tdata-original-product-id=\"102523\"\n\t\tdata-title=\"Ajouter \u00e0 la liste de souhaits\"\n\t\trel=\"nofollow\"\n\t>\n\t\t<i class=\"yith-wcwl-icon fa fa-heart-o\"><\/i>\t\t<span>Ajouter \u00e0 la liste de souhaits<\/span>\n\t<\/a>\n<\/div>\n\n\t\t\t<!-- COUNT TEXT -->\n\t\t\t\n\t\t\t<\/div>\n<div class=\"hongo-rich-snippet display-none\"><span class=\"entry-title\">Chaise Brittany<\/span><span class=\"author vcard\"><a class=\"url fn n\" href=https:\/\/rdesignconcept.com\/index.php\/author\/ers-daggmail-com\/>Dagdelen Ersin<\/a><\/span><span class=\"published\">29 novembre 2023<\/span><time class=\"updated\" datetime=\"2025-05-24T17:28:31+02:00\">24 mai 2025<\/time><\/div>\t<\/li>\n\t<li class=\"hongo-alternate-image-wrap product type-product post-102516 status-publish instock product_cat-canapes product_cat-nos-ensembles-sejour product_cat-sejour product_tag-canapes product_tag-fauteuil has-post-thumbnail sale shipping-taxable purchasable product-type-variable add-to-wishlist-after_add_to_cart\">\n\t\t\t<div class=\"product-thumb-wrap\">\n\t\t<a href=\"https:\/\/rdesignconcept.com\/index.php\/product\/canape-royal\/\" class=\"woocommerce-LoopProduct-link woocommerce-loop-product__link\"><img decoding=\"async\" width=\"360\" height=\"270\" src=\"https:\/\/rdesignconcept.com\/wp-content\/uploads\/2023\/09\/11-royal-2-4-1-360x270.jpg\" class=\"hongo-alternate-image attachment-woocommerce_thumbnail size-woocommerce_thumbnail\" alt=\"\" \/><\/a>\t\t\t\t<div class=\"product-buttons-wrap\" data-tooltip-position=\"top\">\n\t\t\t\t<a href=\"https:\/\/rdesignconcept.com\/index.php\/product\/canape-royal\/\" data-quantity=\"1\" class=\"alt-font hongo-loop-product-button button product_type_variable add_to_cart_button\" data-product_id=\"102516\" data-product_sku=\"\" aria-label=\"S\u00e9lectionner les options pour &ldquo;Canap\u00e9 Royal&rdquo;\" aria-describedby=\"Ce produit a plusieurs variantes. Les options peuvent \u00eatre choisies sur la page de produit\" rel=\"nofollow\" data-product_name=\"Canap\u00e9 Royal\" data-price=\"590\"><i class=\"icon-layers\" title=\"Choix des options\"><\/i><span class=\"add-to-cart-text button-text\">Choix des options<\/span><\/a><a rel=\"nofollow\" href=\"javascript:void(0);\" data-product_id=\"102516\" class=\"alt-font button hongo-quick-view\"><i class=\"icon-eye icons\" title=\"Vue rapide\"><\/i><span class=\"quick-view-text button-text\">Vue rapide<\/span><\/a><a rel=\"nofollow\" href=\"javascript:void(0);\" data-product_id=\"102516\" class=\"alt-font button product_type_variable hongo-wishlist hongo-wishlist-add\"><i class=\"icon-heart\" title=\"Ajouter \u00e0 la liste de souhaits\"><\/i><span class=\"wish-list-text button-text\">Ajouter \u00e0 la liste de souhaits<\/span><\/a>\t\t\t\t<\/div><!-- .product-buttons-wrap -->\n\t\t\t\t\t\t\n\t<\/div><!-- .product-thumb-wrap -->\n\t<a href=\"https:\/\/rdesignconcept.com\/index.php\/product\/canape-royal\/\" class=\"hongo-LoopProduct-link\">\n\t\t\t<\/a>\n\t\n\t<span class=\"price\"><span class=\"woocommerce-Price-amount amount\"><bdi>590,00&nbsp;<span class=\"woocommerce-Price-currencySymbol\">&euro;<\/span><\/bdi><\/span> &ndash; <span class=\"woocommerce-Price-amount amount\"><bdi>2390,00&nbsp;<span class=\"woocommerce-Price-currencySymbol\">&euro;<\/span><\/bdi><\/span><\/span>\n\n<div\n\tclass=\"yith-wcwl-add-to-wishlist add-to-wishlist-102516  wishlist-fragment on-first-load\"\n\tdata-fragment-ref=\"102516\"\n\tdata-fragment-options=\"{&quot;base_url&quot;:&quot;&quot;,&quot;in_default_wishlist&quot;:false,&quot;is_single&quot;:false,&quot;show_exists&quot;:false,&quot;product_id&quot;:102516,&quot;parent_product_id&quot;:102516,&quot;product_type&quot;:&quot;variable&quot;,&quot;show_view&quot;:false,&quot;browse_wishlist_text&quot;:&quot;Parcourir la liste de souhaits&quot;,&quot;already_in_wishslist_text&quot;:&quot;Le produit est d\\u00e9j\\u00e0 dans votre liste de souhaits!&quot;,&quot;product_added_text&quot;:&quot;Produit ajout\\u00e9!&quot;,&quot;heading_icon&quot;:&quot;fa-heart-o&quot;,&quot;available_multi_wishlist&quot;:false,&quot;disable_wishlist&quot;:false,&quot;show_count&quot;:false,&quot;ajax_loading&quot;:false,&quot;loop_position&quot;:&quot;after_add_to_cart&quot;,&quot;item&quot;:&quot;add_to_wishlist&quot;}\"\n>\n\t\t\t\n\t\t\t<!-- ADD TO WISHLIST -->\n\t\t\t\n<div class=\"yith-wcwl-add-button\">\n\t\t<a\n\t\thref=\"?add_to_wishlist=102516&#038;_wpnonce=aceac89627\"\n\t\tclass=\"add_to_wishlist single_add_to_wishlist\"\n\t\tdata-product-id=\"102516\"\n\t\tdata-product-type=\"variable\"\n\t\tdata-original-product-id=\"102516\"\n\t\tdata-title=\"Ajouter \u00e0 la liste de souhaits\"\n\t\trel=\"nofollow\"\n\t>\n\t\t<i class=\"yith-wcwl-icon fa fa-heart-o\"><\/i>\t\t<span>Ajouter \u00e0 la liste de souhaits<\/span>\n\t<\/a>\n<\/div>\n\n\t\t\t<!-- COUNT TEXT -->\n\t\t\t\n\t\t\t<\/div>\n<div class=\"hongo-rich-snippet display-none\"><span class=\"entry-title\">Canap\u00e9 Royal<\/span><span class=\"author vcard\"><a class=\"url fn n\" href=https:\/\/rdesignconcept.com\/index.php\/author\/ers-daggmail-com\/>Dagdelen Ersin<\/a><\/span><span class=\"published\">29 novembre 2023<\/span><time class=\"updated\" datetime=\"2023-11-29T00:15:58+01:00\">29 novembre 2023<\/time><\/div>\t<\/li>\n\t<li class=\"hongo-alternate-image-wrap product type-product post-102512 status-publish instock product_cat-salle-a-manger product_cat-tables-de-repas product_cat-tout-voir-salle-a-manger product_tag-repas product_tag-table has-post-thumbnail featured shipping-taxable purchasable product-type-simple add-to-wishlist-after_add_to_cart\">\n\t\t\t<div class=\"product-thumb-wrap\">\n\t\t<a href=\"https:\/\/rdesignconcept.com\/index.php\/product\/table-vendome\/\" class=\"woocommerce-LoopProduct-link woocommerce-loop-product__link\"><img decoding=\"async\" width=\"360\" height=\"270\" src=\"https:\/\/rdesignconcept.com\/wp-content\/uploads\/2023\/11\/Vendome3-360x270.jpeg\" class=\"hongo-alternate-image attachment-woocommerce_thumbnail size-woocommerce_thumbnail\" alt=\"\" srcset=\"https:\/\/rdesignconcept.com\/wp-content\/uploads\/2023\/11\/Vendome3-360x270.jpeg 360w, https:\/\/rdesignconcept.com\/wp-content\/uploads\/2023\/11\/Vendome3-84x62.jpeg 84w\" sizes=\"(max-width: 360px) 100vw, 360px\" \/><\/a>\t\t\t\t<div class=\"product-buttons-wrap\" data-tooltip-position=\"top\">\n\t\t\t\t<a href=\"?add-to-cart=102512\" data-quantity=\"1\" class=\"alt-font hongo-loop-product-button button product_type_simple add_to_cart_button ajax_add_to_cart\" data-product_id=\"102512\" data-product_sku=\"\" aria-label=\"Ajouter &ldquo;Table Vendome&rdquo; \u00e0 votre panier\" aria-describedby=\"\" rel=\"nofollow\" data-product_name=\"Table Vendome\" data-price=\"490\"><i class=\"icon-basket\" title=\"Ajouter au panier\"><\/i><span class=\"add-to-cart-text button-text\">Ajouter au panier<\/span><\/a><a rel=\"nofollow\" href=\"javascript:void(0);\" data-product_id=\"102512\" class=\"alt-font button hongo-quick-view\"><i class=\"icon-eye icons\" title=\"Vue rapide\"><\/i><span class=\"quick-view-text button-text\">Vue rapide<\/span><\/a><a rel=\"nofollow\" href=\"javascript:void(0);\" data-product_id=\"102512\" class=\"alt-font button product_type_simple hongo-wishlist hongo-wishlist-add\"><i class=\"icon-heart\" title=\"Ajouter \u00e0 la liste de souhaits\"><\/i><span class=\"wish-list-text button-text\">Ajouter \u00e0 la liste de souhaits<\/span><\/a>\t\t\t\t<\/div><!-- .product-buttons-wrap -->\n\t\t\t\t\t\t\n\t<\/div><!-- .product-thumb-wrap -->\n\t<a href=\"https:\/\/rdesignconcept.com\/index.php\/product\/table-vendome\/\" class=\"hongo-LoopProduct-link\">\n\t\t\t<\/a>\n\t\n\t<span class=\"price\"><span class=\"woocommerce-Price-amount amount\"><bdi>490,00&nbsp;<span class=\"woocommerce-Price-currencySymbol\">&euro;<\/span><\/bdi><\/span><\/span>\n\n<div\n\tclass=\"yith-wcwl-add-to-wishlist add-to-wishlist-102512  wishlist-fragment on-first-load\"\n\tdata-fragment-ref=\"102512\"\n\tdata-fragment-options=\"{&quot;base_url&quot;:&quot;&quot;,&quot;in_default_wishlist&quot;:false,&quot;is_single&quot;:false,&quot;show_exists&quot;:false,&quot;product_id&quot;:102512,&quot;parent_product_id&quot;:102512,&quot;product_type&quot;:&quot;simple&quot;,&quot;show_view&quot;:false,&quot;browse_wishlist_text&quot;:&quot;Parcourir la liste de souhaits&quot;,&quot;already_in_wishslist_text&quot;:&quot;Le produit est d\\u00e9j\\u00e0 dans votre liste de souhaits!&quot;,&quot;product_added_text&quot;:&quot;Produit ajout\\u00e9!&quot;,&quot;heading_icon&quot;:&quot;fa-heart-o&quot;,&quot;available_multi_wishlist&quot;:false,&quot;disable_wishlist&quot;:false,&quot;show_count&quot;:false,&quot;ajax_loading&quot;:false,&quot;loop_position&quot;:&quot;after_add_to_cart&quot;,&quot;item&quot;:&quot;add_to_wishlist&quot;}\"\n>\n\t\t\t\n\t\t\t<!-- ADD TO WISHLIST -->\n\t\t\t\n<div class=\"yith-wcwl-add-button\">\n\t\t<a\n\t\thref=\"?add_to_wishlist=102512&#038;_wpnonce=aceac89627\"\n\t\tclass=\"add_to_wishlist single_add_to_wishlist\"\n\t\tdata-product-id=\"102512\"\n\t\tdata-product-type=\"simple\"\n\t\tdata-original-product-id=\"102512\"\n\t\tdata-title=\"Ajouter \u00e0 la liste de souhaits\"\n\t\trel=\"nofollow\"\n\t>\n\t\t<i class=\"yith-wcwl-icon fa fa-heart-o\"><\/i>\t\t<span>Ajouter \u00e0 la liste de souhaits<\/span>\n\t<\/a>\n<\/div>\n\n\t\t\t<!-- COUNT TEXT -->\n\t\t\t\n\t\t\t<\/div>\n<div class=\"hongo-rich-snippet display-none\"><span class=\"entry-title\">Table Vendome<\/span><span class=\"author vcard\"><a class=\"url fn n\" href=https:\/\/rdesignconcept.com\/index.php\/author\/ers-daggmail-com\/>Dagdelen Ersin<\/a><\/span><span class=\"published\">29 novembre 2023<\/span><time class=\"updated\" datetime=\"2023-11-29T01:13:32+01:00\">29 novembre 2023<\/time><\/div>\t<\/li>\n\t<li class=\"hongo-alternate-image-wrap product type-product post-102509 status-publish last instock product_cat-salle-a-manger product_cat-tables-de-repas product_cat-tout-voir-salle-a-manger product_tag-repas product_tag-table has-post-thumbnail featured shipping-taxable purchasable product-type-simple add-to-wishlist-after_add_to_cart\">\n\t\t\t<div class=\"product-thumb-wrap\">\n\t\t<a href=\"https:\/\/rdesignconcept.com\/index.php\/product\/table-balni\/\" class=\"woocommerce-LoopProduct-link woocommerce-loop-product__link\"><img loading=\"lazy\" decoding=\"async\" width=\"360\" height=\"270\" src=\"https:\/\/rdesignconcept.com\/wp-content\/uploads\/2023\/11\/Balni2-360x270.jpeg\" class=\"hongo-alternate-image attachment-woocommerce_thumbnail size-woocommerce_thumbnail\" alt=\"\" \/><\/a>\t\t\t\t<div class=\"product-buttons-wrap\" data-tooltip-position=\"top\">\n\t\t\t\t<a href=\"?add-to-cart=102509\" data-quantity=\"1\" class=\"alt-font hongo-loop-product-button button product_type_simple add_to_cart_button ajax_add_to_cart\" data-product_id=\"102509\" data-product_sku=\"\" aria-label=\"Ajouter &ldquo;Table Balni&rdquo; \u00e0 votre panier\" aria-describedby=\"\" rel=\"nofollow\" data-product_name=\"Table Balni\" data-price=\"549\"><i class=\"icon-basket\" title=\"Ajouter au panier\"><\/i><span class=\"add-to-cart-text button-text\">Ajouter au panier<\/span><\/a><a rel=\"nofollow\" href=\"javascript:void(0);\" data-product_id=\"102509\" class=\"alt-font button hongo-quick-view\"><i class=\"icon-eye icons\" title=\"Vue rapide\"><\/i><span class=\"quick-view-text button-text\">Vue rapide<\/span><\/a><a rel=\"nofollow\" href=\"javascript:void(0);\" data-product_id=\"102509\" class=\"alt-font button product_type_simple hongo-wishlist hongo-wishlist-add\"><i class=\"icon-heart\" title=\"Ajouter \u00e0 la liste de souhaits\"><\/i><span class=\"wish-list-text button-text\">Ajouter \u00e0 la liste de souhaits<\/span><\/a>\t\t\t\t<\/div><!-- .product-buttons-wrap -->\n\t\t\t\t\t\t\n\t<\/div><!-- .product-thumb-wrap -->\n\t<a href=\"https:\/\/rdesignconcept.com\/index.php\/product\/table-balni\/\" class=\"hongo-LoopProduct-link\">\n\t\t\t<\/a>\n\t\n\t<span class=\"price\"><span class=\"woocommerce-Price-amount amount\"><bdi>549,00&nbsp;<span class=\"woocommerce-Price-currencySymbol\">&euro;<\/span><\/bdi><\/span><\/span>\n\n<div\n\tclass=\"yith-wcwl-add-to-wishlist add-to-wishlist-102509  wishlist-fragment on-first-load\"\n\tdata-fragment-ref=\"102509\"\n\tdata-fragment-options=\"{&quot;base_url&quot;:&quot;&quot;,&quot;in_default_wishlist&quot;:false,&quot;is_single&quot;:false,&quot;show_exists&quot;:false,&quot;product_id&quot;:102509,&quot;parent_product_id&quot;:102509,&quot;product_type&quot;:&quot;simple&quot;,&quot;show_view&quot;:false,&quot;browse_wishlist_text&quot;:&quot;Parcourir la liste de souhaits&quot;,&quot;already_in_wishslist_text&quot;:&quot;Le produit est d\\u00e9j\\u00e0 dans votre liste de souhaits!&quot;,&quot;product_added_text&quot;:&quot;Produit ajout\\u00e9!&quot;,&quot;heading_icon&quot;:&quot;fa-heart-o&quot;,&quot;available_multi_wishlist&quot;:false,&quot;disable_wishlist&quot;:false,&quot;show_count&quot;:false,&quot;ajax_loading&quot;:false,&quot;loop_position&quot;:&quot;after_add_to_cart&quot;,&quot;item&quot;:&quot;add_to_wishlist&quot;}\"\n>\n\t\t\t\n\t\t\t<!-- ADD TO WISHLIST -->\n\t\t\t\n<div class=\"yith-wcwl-add-button\">\n\t\t<a\n\t\thref=\"?add_to_wishlist=102509&#038;_wpnonce=aceac89627\"\n\t\tclass=\"add_to_wishlist single_add_to_wishlist\"\n\t\tdata-product-id=\"102509\"\n\t\tdata-product-type=\"simple\"\n\t\tdata-original-product-id=\"102509\"\n\t\tdata-title=\"Ajouter \u00e0 la liste de souhaits\"\n\t\trel=\"nofollow\"\n\t>\n\t\t<i class=\"yith-wcwl-icon fa fa-heart-o\"><\/i>\t\t<span>Ajouter \u00e0 la liste de souhaits<\/span>\n\t<\/a>\n<\/div>\n\n\t\t\t<!-- COUNT TEXT -->\n\t\t\t\n\t\t\t<\/div>\n<div class=\"hongo-rich-snippet display-none\"><span class=\"entry-title\">Table Balni<\/span><span class=\"author vcard\"><a class=\"url fn n\" href=https:\/\/rdesignconcept.com\/index.php\/author\/ers-daggmail-com\/>Dagdelen Ersin<\/a><\/span><span class=\"published\">28 novembre 2023<\/span><time class=\"updated\" datetime=\"2023-11-29T01:13:37+01:00\">29 novembre 2023<\/time><\/div>\t<\/li>\n\t<\/ul>\n<\/div><\/div><\/div><\/div><\/div><\/div><\/section>\n<\/section>","protected":false},"excerpt":{"rendered":"RECENT PRODUCTS Ajouter au panierVue rapideAjouter \u00e0 la liste de souhaits 170,00&nbsp;&euro; Ajouter \u00e0 la liste de souhaits Chaise BrittanyDagdelen Ersin29 novembre 202324 mai 2025 Choix des optionsVue rapideAjouter \u00e0 la liste de souhaits 590,00&nbsp;&euro; &ndash; 2390,00&nbsp;&euro; Ajouter \u00e0 la liste de souhaits Canap\u00e9 RoyalDagdelen Ersin29 novembre 202329 novembre 2023 Ajouter au panierVue rapideAjouter \u00e0 la liste de souhaits 490,00&nbsp;&euro; Ajouter \u00e0 la liste de souhaits Table VendomeDagdelen Ersin29 novembre 202329 novembre 2023 Ajouter au panierVue rapideAjouter \u00e0 la liste de souhaits 549,00&nbsp;&euro; Ajouter \u00e0 la liste de souhaits Table BalniDagdelen Ersin28 novembre 202329 novembre 2023","protected":false},"author":1,"featured_media":0,"parent":0,"menu_order":0,"comment_status":"closed","ping_status":"closed","template":"","meta":{"om_disable_all_campaigns":false,"_mi_skip_tracking":false,"_monsterinsights_sitenote_active":false,"_monsterinsights_sitenote_note":"","_monsterinsights_sitenote_category":0,"footnotes":""},"aioseo_notices":[],"jetpack_sharing_enabled":true,"_links":{"self":[{"href":"https:\/\/rdesignconcept.com\/index.php\/wp-json\/wp\/v2\/pages\/9629"}],"collection":[{"href":"https:\/\/rdesignconcept.com\/index.php\/wp-json\/wp\/v2\/pages"}],"about":[{"href":"https:\/\/rdesignconcept.com\/index.php\/wp-json\/wp\/v2\/types\/page"}],"author":[{"embeddable":true,"href":"https:\/\/rdesignconcept.com\/index.php\/wp-json\/wp\/v2\/users\/1"}],"replies":[{"embeddable":true,"href":"https:\/\/rdesignconcept.com\/index.php\/wp-json\/wp\/v2\/comments?post=9629"}],"version-history":[{"count":0,"href":"https:\/\/rdesignconcept.com\/index.php\/wp-json\/wp\/v2\/pages\/9629\/revisions"}],"wp:attachment":[{"href":"https:\/\/rdesignconcept.com\/index.php\/wp-json\/wp\/v2\/media?parent=9629"}],"curies":[{"name":"wp","href":"https:\/\/api.w.org\/{rel}","templated":true}]}}