{"id":9625,"date":"2018-01-05T05:21:18","date_gmt":"2018-01-05T05:21:18","guid":{"rendered":"https:\/\/hongo.themezaa.com\/?page_id=9625"},"modified":"2018-01-05T05:21:18","modified_gmt":"2018-01-05T05:21:18","slug":"new-products","status":"publish","type":"page","link":"https:\/\/rdesignconcept.com\/index.php\/new-products\/","title":{"rendered":"New products"},"content":{"rendered":"<section class=\"wpb-content-wrapper\"><section class=\"vc_row wpb_row vc_row-fluid\"><div class=\"wpb_column vc_column_container col-xs-mobile-fullwidth vc_col-sm-12\"><div class=\"vc_column-inner\"><div class=\"wpb_wrapper\"><div class=\"alt-font heading-style-5 vc_custom_1555157833461  hongo_responsive_1555157833464 heading-1 hongo-section-heading hongo_font_1555157833460\"><span>NEW PRODUCTS<\/span><\/div><div class=\"woocommerce hongo-woocommerce-product-lists\"><div id=\"hongo-product-list-1\" class=\"new-product-lists hongo-product-list-1\"><div class=\"woocommerce columns-4 \"><ul class=\"products columns-4 hongo-shop-classic hongo-shop-common-isotope hongo-product-list-common-wrap hongo-shop-col-4 hongo-shop-md-col-3 hongo-shop-sm-col-3 hongo-shop-xs-col-1 gutter-medium hongo-buttons-4 hongo-text-center\" data-col=\"4\">\n\t\t\t<li class=\"grid-sizer\"><\/li>\n\t\t<li class=\"hongo-alternate-image-wrap product type-product post-100828 status-publish first instock product_cat-chambre product_cat-nos-ensembles-chambre product_tag-lit product_tag-lit-2-place product_tag-lit-2-places product_tag-lit-deux-places product_tag-literie has-post-thumbnail featured shipping-taxable purchasable product-type-variable add-to-wishlist-after_add_to_cart\">\n\t\t\t<div class=\"product-thumb-wrap\">\n\t\t<a href=\"https:\/\/rdesignconcept.com\/index.php\/product\/lit-bianca\/\" class=\"woocommerce-LoopProduct-link woocommerce-loop-product__link\"><img fetchpriority=\"high\" decoding=\"async\" width=\"360\" height=\"270\" src=\"https:\/\/rdesignconcept.com\/wp-content\/uploads\/2023\/07\/Bianca_lit_coffre-1-360x270.jpg\" class=\"hongo-alternate-image attachment-woocommerce_thumbnail size-woocommerce_thumbnail\" alt=\"\" \/><\/a>\t\t\t\t<div class=\"product-buttons-wrap\" data-tooltip-position=\"top\">\n\t\t\t\t<a href=\"https:\/\/rdesignconcept.com\/index.php\/product\/lit-bianca\/\" data-quantity=\"1\" class=\"alt-font hongo-loop-product-button button product_type_variable add_to_cart_button\" data-product_id=\"100828\" data-product_sku=\"\" aria-label=\"S\u00e9lectionner les options pour &ldquo;Bianca&rdquo;\" aria-describedby=\"Ce produit a plusieurs variantes. Les options peuvent \u00eatre choisies sur la page de produit\" rel=\"nofollow\" data-product_name=\"Bianca\" data-price=\"600\"><i class=\"icon-layers\" title=\"Choix des options\"><\/i><span class=\"add-to-cart-text button-text\">Choix des options<\/span><\/a><a rel=\"nofollow\" href=\"javascript:void(0);\" data-product_id=\"100828\" class=\"alt-font button hongo-quick-view\"><i class=\"icon-eye icons\" title=\"Vue rapide\"><\/i><span class=\"quick-view-text button-text\">Vue rapide<\/span><\/a><a rel=\"nofollow\" href=\"javascript:void(0);\" data-product_id=\"100828\" class=\"alt-font button product_type_variable hongo-wishlist hongo-wishlist-add\"><i class=\"icon-heart\" title=\"Ajouter \u00e0 la liste de souhaits\"><\/i><span class=\"wish-list-text button-text\">Ajouter \u00e0 la liste de souhaits<\/span><\/a>\t\t\t\t<\/div><!-- .product-buttons-wrap -->\n\t\t\t\t\t\t\n\t<\/div><!-- .product-thumb-wrap -->\n\t<a href=\"https:\/\/rdesignconcept.com\/index.php\/product\/lit-bianca\/\" class=\"hongo-LoopProduct-link\">\n\t\t\t<\/a>\n\t\n\t<span class=\"price\"><span class=\"woocommerce-Price-amount amount\"><bdi>600,00&nbsp;<span class=\"woocommerce-Price-currencySymbol\">&euro;<\/span><\/bdi><\/span> &ndash; <span class=\"woocommerce-Price-amount amount\"><bdi>2790,00&nbsp;<span class=\"woocommerce-Price-currencySymbol\">&euro;<\/span><\/bdi><\/span><\/span>\n\n<div\n\tclass=\"yith-wcwl-add-to-wishlist add-to-wishlist-100828  wishlist-fragment on-first-load\"\n\tdata-fragment-ref=\"100828\"\n\tdata-fragment-options=\"{&quot;base_url&quot;:&quot;&quot;,&quot;in_default_wishlist&quot;:false,&quot;is_single&quot;:false,&quot;show_exists&quot;:false,&quot;product_id&quot;:100828,&quot;parent_product_id&quot;:100828,&quot;product_type&quot;:&quot;variable&quot;,&quot;show_view&quot;:false,&quot;browse_wishlist_text&quot;:&quot;Parcourir la liste de souhaits&quot;,&quot;already_in_wishslist_text&quot;:&quot;Le produit est d\\u00e9j\\u00e0 dans votre liste de souhaits!&quot;,&quot;product_added_text&quot;:&quot;Produit ajout\\u00e9!&quot;,&quot;heading_icon&quot;:&quot;fa-heart-o&quot;,&quot;available_multi_wishlist&quot;:false,&quot;disable_wishlist&quot;:false,&quot;show_count&quot;:false,&quot;ajax_loading&quot;:false,&quot;loop_position&quot;:&quot;after_add_to_cart&quot;,&quot;item&quot;:&quot;add_to_wishlist&quot;}\"\n>\n\t\t\t\n\t\t\t<!-- ADD TO WISHLIST -->\n\t\t\t\n<div class=\"yith-wcwl-add-button\">\n\t\t<a\n\t\thref=\"?add_to_wishlist=100828&#038;_wpnonce=b1466df0bc\"\n\t\tclass=\"add_to_wishlist single_add_to_wishlist\"\n\t\tdata-product-id=\"100828\"\n\t\tdata-product-type=\"variable\"\n\t\tdata-original-product-id=\"100828\"\n\t\tdata-title=\"Ajouter \u00e0 la liste de souhaits\"\n\t\trel=\"nofollow\"\n\t>\n\t\t<i class=\"yith-wcwl-icon fa fa-heart-o\"><\/i>\t\t<span>Ajouter \u00e0 la liste de souhaits<\/span>\n\t<\/a>\n<\/div>\n\n\t\t\t<!-- COUNT TEXT -->\n\t\t\t\n\t\t\t<\/div>\n<div class=\"hongo-rich-snippet display-none\"><span class=\"entry-title\">Bianca<\/span><span class=\"author vcard\"><a class=\"url fn n\" href=https:\/\/rdesignconcept.com\/index.php\/author\/ers-daggmail-com\/>Dagdelen Ersin<\/a><\/span><span class=\"published\">9 juillet 2023<\/span><time class=\"updated\" datetime=\"2023-11-29T01:25:02+01:00\">29 novembre 2023<\/time><\/div>\t<\/li>\n\t<li class=\"hongo-alternate-image-wrap product type-product post-102152 status-publish instock product_cat-buffets product_cat-salle-a-manger product_tag-buffet product_tag-repas product_tag-table product_tag-table-a-manger has-post-thumbnail featured shipping-taxable purchasable product-type-simple add-to-wishlist-after_add_to_cart\">\n\t\t\t<div class=\"product-thumb-wrap\">\n\t\t<a href=\"https:\/\/rdesignconcept.com\/index.php\/product\/buffet-aris\/\" class=\"woocommerce-LoopProduct-link woocommerce-loop-product__link\"><img decoding=\"async\" width=\"360\" height=\"270\" src=\"https:\/\/rdesignconcept.com\/wp-content\/uploads\/2023\/10\/Aris-9-360x270.jpg\" class=\"hongo-alternate-image attachment-woocommerce_thumbnail size-woocommerce_thumbnail\" alt=\"\" \/><\/a>\t\t\t\t<div class=\"product-buttons-wrap\" data-tooltip-position=\"top\">\n\t\t\t\t<a href=\"?add-to-cart=102152\" data-quantity=\"1\" class=\"alt-font hongo-loop-product-button button product_type_simple add_to_cart_button ajax_add_to_cart\" data-product_id=\"102152\" data-product_sku=\"\" aria-label=\"Ajouter &ldquo;Buffet Aris&rdquo; \u00e0 votre panier\" aria-describedby=\"\" rel=\"nofollow\" data-product_name=\"Buffet Aris\" data-price=\"1150\"><i class=\"icon-basket\" title=\"Ajouter au panier\"><\/i><span class=\"add-to-cart-text button-text\">Ajouter au panier<\/span><\/a><a rel=\"nofollow\" href=\"javascript:void(0);\" data-product_id=\"102152\" class=\"alt-font button hongo-quick-view\"><i class=\"icon-eye icons\" title=\"Vue rapide\"><\/i><span class=\"quick-view-text button-text\">Vue rapide<\/span><\/a><a rel=\"nofollow\" href=\"javascript:void(0);\" data-product_id=\"102152\" class=\"alt-font button product_type_simple hongo-wishlist hongo-wishlist-add\"><i class=\"icon-heart\" title=\"Ajouter \u00e0 la liste de souhaits\"><\/i><span class=\"wish-list-text button-text\">Ajouter \u00e0 la liste de souhaits<\/span><\/a>\t\t\t\t<\/div><!-- .product-buttons-wrap -->\n\t\t\t\t\t\t\n\t<\/div><!-- .product-thumb-wrap -->\n\t<a href=\"https:\/\/rdesignconcept.com\/index.php\/product\/buffet-aris\/\" class=\"hongo-LoopProduct-link\">\n\t\t\t<\/a>\n\t\n\t<span class=\"price\"><span class=\"woocommerce-Price-amount amount\"><bdi>1150,00&nbsp;<span class=\"woocommerce-Price-currencySymbol\">&euro;<\/span><\/bdi><\/span><\/span>\n\n<div\n\tclass=\"yith-wcwl-add-to-wishlist add-to-wishlist-102152  wishlist-fragment on-first-load\"\n\tdata-fragment-ref=\"102152\"\n\tdata-fragment-options=\"{&quot;base_url&quot;:&quot;&quot;,&quot;in_default_wishlist&quot;:false,&quot;is_single&quot;:false,&quot;show_exists&quot;:false,&quot;product_id&quot;:102152,&quot;parent_product_id&quot;:102152,&quot;product_type&quot;:&quot;simple&quot;,&quot;show_view&quot;:false,&quot;browse_wishlist_text&quot;:&quot;Parcourir la liste de souhaits&quot;,&quot;already_in_wishslist_text&quot;:&quot;Le produit est d\\u00e9j\\u00e0 dans votre liste de souhaits!&quot;,&quot;product_added_text&quot;:&quot;Produit ajout\\u00e9!&quot;,&quot;heading_icon&quot;:&quot;fa-heart-o&quot;,&quot;available_multi_wishlist&quot;:false,&quot;disable_wishlist&quot;:false,&quot;show_count&quot;:false,&quot;ajax_loading&quot;:false,&quot;loop_position&quot;:&quot;after_add_to_cart&quot;,&quot;item&quot;:&quot;add_to_wishlist&quot;}\"\n>\n\t\t\t\n\t\t\t<!-- ADD TO WISHLIST -->\n\t\t\t\n<div class=\"yith-wcwl-add-button\">\n\t\t<a\n\t\thref=\"?add_to_wishlist=102152&#038;_wpnonce=b1466df0bc\"\n\t\tclass=\"add_to_wishlist single_add_to_wishlist\"\n\t\tdata-product-id=\"102152\"\n\t\tdata-product-type=\"simple\"\n\t\tdata-original-product-id=\"102152\"\n\t\tdata-title=\"Ajouter \u00e0 la liste de souhaits\"\n\t\trel=\"nofollow\"\n\t>\n\t\t<i class=\"yith-wcwl-icon fa fa-heart-o\"><\/i>\t\t<span>Ajouter \u00e0 la liste de souhaits<\/span>\n\t<\/a>\n<\/div>\n\n\t\t\t<!-- COUNT TEXT -->\n\t\t\t\n\t\t\t<\/div>\n<div class=\"hongo-rich-snippet display-none\"><span class=\"entry-title\">Buffet Aris<\/span><span class=\"author vcard\"><a class=\"url fn n\" href=https:\/\/rdesignconcept.com\/index.php\/author\/ers-daggmail-com\/>Dagdelen Ersin<\/a><\/span><span class=\"published\">28 octobre 2023<\/span><time class=\"updated\" datetime=\"2023-11-29T01:27:22+01:00\">29 novembre 2023<\/time><\/div>\t<\/li>\n\t<li class=\"product type-product post-100838 status-publish instock product_cat-buffets product_cat-salle-a-manger product_tag-buffet product_tag-repas product_tag-table product_tag-table-a-manger has-post-thumbnail featured shipping-taxable purchasable product-type-simple add-to-wishlist-after_add_to_cart\">\n\t\t\t<div class=\"product-thumb-wrap\">\n\t\t<a href=\"https:\/\/rdesignconcept.com\/index.php\/product\/buffet-bianca\/\" class=\"woocommerce-LoopProduct-link woocommerce-loop-product__link\"><\/a>\t\t\t\t<div class=\"product-buttons-wrap\" data-tooltip-position=\"top\">\n\t\t\t\t<a href=\"?add-to-cart=100838\" data-quantity=\"1\" class=\"alt-font hongo-loop-product-button button product_type_simple add_to_cart_button ajax_add_to_cart\" data-product_id=\"100838\" data-product_sku=\"\" aria-label=\"Ajouter &ldquo;Buffet Bianca&rdquo; \u00e0 votre panier\" aria-describedby=\"\" rel=\"nofollow\" data-product_name=\"Buffet Bianca\" data-price=\"1150\"><i class=\"icon-basket\" title=\"Ajouter au panier\"><\/i><span class=\"add-to-cart-text button-text\">Ajouter au panier<\/span><\/a><a rel=\"nofollow\" href=\"javascript:void(0);\" data-product_id=\"100838\" class=\"alt-font button hongo-quick-view\"><i class=\"icon-eye icons\" title=\"Vue rapide\"><\/i><span class=\"quick-view-text button-text\">Vue rapide<\/span><\/a><a rel=\"nofollow\" href=\"javascript:void(0);\" data-product_id=\"100838\" class=\"alt-font button product_type_simple hongo-wishlist hongo-wishlist-add\"><i class=\"icon-heart\" title=\"Ajouter \u00e0 la liste de souhaits\"><\/i><span class=\"wish-list-text button-text\">Ajouter \u00e0 la liste de souhaits<\/span><\/a>\t\t\t\t<\/div><!-- .product-buttons-wrap -->\n\t\t\t\t\t\t\n\t<\/div><!-- .product-thumb-wrap -->\n\t<a href=\"https:\/\/rdesignconcept.com\/index.php\/product\/buffet-bianca\/\" class=\"hongo-LoopProduct-link\">\n\t\t\t<\/a>\n\t\n\t<span class=\"price\"><span class=\"woocommerce-Price-amount amount\"><bdi>1150,00&nbsp;<span class=\"woocommerce-Price-currencySymbol\">&euro;<\/span><\/bdi><\/span><\/span>\n\n<div\n\tclass=\"yith-wcwl-add-to-wishlist add-to-wishlist-100838  wishlist-fragment on-first-load\"\n\tdata-fragment-ref=\"100838\"\n\tdata-fragment-options=\"{&quot;base_url&quot;:&quot;&quot;,&quot;in_default_wishlist&quot;:false,&quot;is_single&quot;:false,&quot;show_exists&quot;:false,&quot;product_id&quot;:100838,&quot;parent_product_id&quot;:100838,&quot;product_type&quot;:&quot;simple&quot;,&quot;show_view&quot;:false,&quot;browse_wishlist_text&quot;:&quot;Parcourir la liste de souhaits&quot;,&quot;already_in_wishslist_text&quot;:&quot;Le produit est d\\u00e9j\\u00e0 dans votre liste de souhaits!&quot;,&quot;product_added_text&quot;:&quot;Produit ajout\\u00e9!&quot;,&quot;heading_icon&quot;:&quot;fa-heart-o&quot;,&quot;available_multi_wishlist&quot;:false,&quot;disable_wishlist&quot;:false,&quot;show_count&quot;:false,&quot;ajax_loading&quot;:false,&quot;loop_position&quot;:&quot;after_add_to_cart&quot;,&quot;item&quot;:&quot;add_to_wishlist&quot;}\"\n>\n\t\t\t\n\t\t\t<!-- ADD TO WISHLIST -->\n\t\t\t\n<div class=\"yith-wcwl-add-button\">\n\t\t<a\n\t\thref=\"?add_to_wishlist=100838&#038;_wpnonce=b1466df0bc\"\n\t\tclass=\"add_to_wishlist single_add_to_wishlist\"\n\t\tdata-product-id=\"100838\"\n\t\tdata-product-type=\"simple\"\n\t\tdata-original-product-id=\"100838\"\n\t\tdata-title=\"Ajouter \u00e0 la liste de souhaits\"\n\t\trel=\"nofollow\"\n\t>\n\t\t<i class=\"yith-wcwl-icon fa fa-heart-o\"><\/i>\t\t<span>Ajouter \u00e0 la liste de souhaits<\/span>\n\t<\/a>\n<\/div>\n\n\t\t\t<!-- COUNT TEXT -->\n\t\t\t\n\t\t\t<\/div>\n<div class=\"hongo-rich-snippet display-none\"><span class=\"entry-title\">Buffet Bianca<\/span><span class=\"author vcard\"><a class=\"url fn n\" href=https:\/\/rdesignconcept.com\/index.php\/author\/ers-daggmail-com\/>Dagdelen Ersin<\/a><\/span><span class=\"published\">9 juillet 2023<\/span><time class=\"updated\" datetime=\"2023-11-29T01:27:40+01:00\">29 novembre 2023<\/time><\/div>\t<\/li>\n\t<li class=\"hongo-alternate-image-wrap product type-product post-102157 status-publish last instock product_cat-buffets product_cat-salle-a-manger product_tag-buffet product_tag-repas product_tag-table product_tag-table-a-manger has-post-thumbnail featured shipping-taxable purchasable product-type-simple add-to-wishlist-after_add_to_cart\">\n\t\t\t<div class=\"product-thumb-wrap\">\n\t\t<a href=\"https:\/\/rdesignconcept.com\/index.php\/product\/buffet-bogata\/\" class=\"woocommerce-LoopProduct-link woocommerce-loop-product__link\"><img decoding=\"async\" width=\"360\" height=\"270\" src=\"https:\/\/rdesignconcept.com\/wp-content\/uploads\/2023\/10\/Bogata-buffet2-360x270.jpg\" class=\"hongo-alternate-image attachment-woocommerce_thumbnail size-woocommerce_thumbnail\" alt=\"\" \/><\/a>\t\t\t\t<div class=\"product-buttons-wrap\" data-tooltip-position=\"top\">\n\t\t\t\t<a href=\"?add-to-cart=102157\" data-quantity=\"1\" class=\"alt-font hongo-loop-product-button button product_type_simple add_to_cart_button ajax_add_to_cart\" data-product_id=\"102157\" data-product_sku=\"\" aria-label=\"Ajouter &ldquo;Buffet Bogata&rdquo; \u00e0 votre panier\" aria-describedby=\"\" rel=\"nofollow\" data-product_name=\"Buffet Bogata\" data-price=\"1150\"><i class=\"icon-basket\" title=\"Ajouter au panier\"><\/i><span class=\"add-to-cart-text button-text\">Ajouter au panier<\/span><\/a><a rel=\"nofollow\" href=\"javascript:void(0);\" data-product_id=\"102157\" class=\"alt-font button hongo-quick-view\"><i class=\"icon-eye icons\" title=\"Vue rapide\"><\/i><span class=\"quick-view-text button-text\">Vue rapide<\/span><\/a><a rel=\"nofollow\" href=\"javascript:void(0);\" data-product_id=\"102157\" class=\"alt-font button product_type_simple hongo-wishlist hongo-wishlist-add\"><i class=\"icon-heart\" title=\"Ajouter \u00e0 la liste de souhaits\"><\/i><span class=\"wish-list-text button-text\">Ajouter \u00e0 la liste de souhaits<\/span><\/a>\t\t\t\t<\/div><!-- .product-buttons-wrap -->\n\t\t\t\t\t\t\n\t<\/div><!-- .product-thumb-wrap -->\n\t<a href=\"https:\/\/rdesignconcept.com\/index.php\/product\/buffet-bogata\/\" class=\"hongo-LoopProduct-link\">\n\t\t\t<\/a>\n\t\n\t<span class=\"price\"><span class=\"woocommerce-Price-amount amount\"><bdi>1150,00&nbsp;<span class=\"woocommerce-Price-currencySymbol\">&euro;<\/span><\/bdi><\/span><\/span>\n\n<div\n\tclass=\"yith-wcwl-add-to-wishlist add-to-wishlist-102157  wishlist-fragment on-first-load\"\n\tdata-fragment-ref=\"102157\"\n\tdata-fragment-options=\"{&quot;base_url&quot;:&quot;&quot;,&quot;in_default_wishlist&quot;:false,&quot;is_single&quot;:false,&quot;show_exists&quot;:false,&quot;product_id&quot;:102157,&quot;parent_product_id&quot;:102157,&quot;product_type&quot;:&quot;simple&quot;,&quot;show_view&quot;:false,&quot;browse_wishlist_text&quot;:&quot;Parcourir la liste de souhaits&quot;,&quot;already_in_wishslist_text&quot;:&quot;Le produit est d\\u00e9j\\u00e0 dans votre liste de souhaits!&quot;,&quot;product_added_text&quot;:&quot;Produit ajout\\u00e9!&quot;,&quot;heading_icon&quot;:&quot;fa-heart-o&quot;,&quot;available_multi_wishlist&quot;:false,&quot;disable_wishlist&quot;:false,&quot;show_count&quot;:false,&quot;ajax_loading&quot;:false,&quot;loop_position&quot;:&quot;after_add_to_cart&quot;,&quot;item&quot;:&quot;add_to_wishlist&quot;}\"\n>\n\t\t\t\n\t\t\t<!-- ADD TO WISHLIST -->\n\t\t\t\n<div class=\"yith-wcwl-add-button\">\n\t\t<a\n\t\thref=\"?add_to_wishlist=102157&#038;_wpnonce=b1466df0bc\"\n\t\tclass=\"add_to_wishlist single_add_to_wishlist\"\n\t\tdata-product-id=\"102157\"\n\t\tdata-product-type=\"simple\"\n\t\tdata-original-product-id=\"102157\"\n\t\tdata-title=\"Ajouter \u00e0 la liste de souhaits\"\n\t\trel=\"nofollow\"\n\t>\n\t\t<i class=\"yith-wcwl-icon fa fa-heart-o\"><\/i>\t\t<span>Ajouter \u00e0 la liste de souhaits<\/span>\n\t<\/a>\n<\/div>\n\n\t\t\t<!-- COUNT TEXT -->\n\t\t\t\n\t\t\t<\/div>\n<div class=\"hongo-rich-snippet display-none\"><span class=\"entry-title\">Buffet Bogata<\/span><span class=\"author vcard\"><a class=\"url fn n\" href=https:\/\/rdesignconcept.com\/index.php\/author\/ers-daggmail-com\/>Dagdelen Ersin<\/a><\/span><span class=\"published\">28 octobre 2023<\/span><time class=\"updated\" datetime=\"2023-11-29T01:27:12+01:00\">29 novembre 2023<\/time><\/div>\t<\/li>\n\t<\/ul>\n<\/div><\/div><\/div><\/div><\/div><\/div><\/section>\n<\/section>","protected":false},"excerpt":{"rendered":"NEW PRODUCTS Choix des optionsVue rapideAjouter \u00e0 la liste de souhaits 600,00&nbsp;&euro; &ndash; 2790,00&nbsp;&euro; Ajouter \u00e0 la liste de souhaits BiancaDagdelen Ersin9 juillet 202329 novembre 2023 Ajouter au panierVue rapideAjouter \u00e0 la liste de souhaits 1150,00&nbsp;&euro; Ajouter \u00e0 la liste de souhaits Buffet ArisDagdelen Ersin28 octobre 202329 novembre 2023 Ajouter au panierVue rapideAjouter \u00e0 la liste de souhaits 1150,00&nbsp;&euro; Ajouter \u00e0 la liste de souhaits Buffet BiancaDagdelen Ersin9 juillet 202329 novembre 2023 Ajouter au panierVue rapideAjouter \u00e0 la liste de souhaits 1150,00&nbsp;&euro; Ajouter \u00e0 la liste de souhaits Buffet BogataDagdelen Ersin28 octobre 202329 novembre 2023","protected":false},"author":1,"featured_media":0,"parent":0,"menu_order":0,"comment_status":"closed","ping_status":"closed","template":"","meta":{"om_disable_all_campaigns":false,"_mi_skip_tracking":false,"_monsterinsights_sitenote_active":false,"_monsterinsights_sitenote_note":"","_monsterinsights_sitenote_category":0,"footnotes":""},"aioseo_notices":[],"jetpack_sharing_enabled":true,"_links":{"self":[{"href":"https:\/\/rdesignconcept.com\/index.php\/wp-json\/wp\/v2\/pages\/9625"}],"collection":[{"href":"https:\/\/rdesignconcept.com\/index.php\/wp-json\/wp\/v2\/pages"}],"about":[{"href":"https:\/\/rdesignconcept.com\/index.php\/wp-json\/wp\/v2\/types\/page"}],"author":[{"embeddable":true,"href":"https:\/\/rdesignconcept.com\/index.php\/wp-json\/wp\/v2\/users\/1"}],"replies":[{"embeddable":true,"href":"https:\/\/rdesignconcept.com\/index.php\/wp-json\/wp\/v2\/comments?post=9625"}],"version-history":[{"count":0,"href":"https:\/\/rdesignconcept.com\/index.php\/wp-json\/wp\/v2\/pages\/9625\/revisions"}],"wp:attachment":[{"href":"https:\/\/rdesignconcept.com\/index.php\/wp-json\/wp\/v2\/media?parent=9625"}],"curies":[{"name":"wp","href":"https:\/\/api.w.org\/{rel}","templated":true}]}}