{"id":9623,"date":"2018-01-05T05:20:58","date_gmt":"2018-01-05T05:20:58","guid":{"rendered":"https:\/\/hongo.themezaa.com\/?page_id=9623"},"modified":"2018-01-05T05:20:58","modified_gmt":"2018-01-05T05:20:58","slug":"featured-products","status":"publish","type":"page","link":"https:\/\/rdesignconcept.com\/index.php\/featured-products\/","title":{"rendered":"Featured products"},"content":{"rendered":"<section class=\"wpb-content-wrapper\"><section data-vc-full-width=\"true\" data-vc-full-width-init=\"false\" class=\"vc_row wpb_row vc_row-fluid     hongo-stretch-content hongo-stretch-row-container\"><div class=\"wpb_column vc_column_container col-xs-mobile-fullwidth vc_col-sm-12\"><div class=\"vc_column-inner\"><div class=\"wpb_wrapper\"><div class=\"alt-font heading-style-5 vc_custom_1555157449245  hongo_responsive_1555157449252 heading-1 hongo-section-heading hongo_font_1555157449243\"><span>FEATURED PRODUCTS<\/span><\/div><div class=\"woocommerce hongo-woocommerce-product-lists\"><div id=\"hongo-product-list-1\" class=\"featured-product-lists hongo-product-list-1\"><div class=\"woocommerce columns-4 \"><ul class=\"products columns-4 hongo-shop-classic hongo-shop-common-isotope hongo-product-list-common-wrap hongo-shop-col-4 hongo-shop-md-col-3 hongo-shop-sm-col-3 hongo-shop-xs-col-1 gutter-medium hongo-buttons-4 hongo-text-center\" data-col=\"4\">\n\t\t\t<li class=\"grid-sizer\"><\/li>\n\t\t<li class=\"hongo-alternate-image-wrap product type-product post-102512 status-publish first instock product_cat-salle-a-manger product_cat-tables-de-repas product_cat-tout-voir-salle-a-manger product_tag-repas product_tag-table has-post-thumbnail featured shipping-taxable purchasable product-type-simple add-to-wishlist-after_add_to_cart\">\n\t\t\t<div class=\"product-thumb-wrap\">\n\t\t<a href=\"https:\/\/rdesignconcept.com\/index.php\/product\/table-vendome\/\" class=\"woocommerce-LoopProduct-link woocommerce-loop-product__link\"><img fetchpriority=\"high\" decoding=\"async\" width=\"360\" height=\"270\" src=\"https:\/\/rdesignconcept.com\/wp-content\/uploads\/2023\/11\/Vendome3-360x270.jpeg\" class=\"hongo-alternate-image attachment-woocommerce_thumbnail size-woocommerce_thumbnail\" alt=\"\" srcset=\"https:\/\/rdesignconcept.com\/wp-content\/uploads\/2023\/11\/Vendome3-360x270.jpeg 360w, https:\/\/rdesignconcept.com\/wp-content\/uploads\/2023\/11\/Vendome3-84x62.jpeg 84w\" sizes=\"(max-width: 360px) 100vw, 360px\" \/><\/a>\t\t\t\t<div class=\"product-buttons-wrap\" data-tooltip-position=\"top\">\n\t\t\t\t<a href=\"?add-to-cart=102512\" data-quantity=\"1\" class=\"alt-font hongo-loop-product-button button product_type_simple add_to_cart_button ajax_add_to_cart\" data-product_id=\"102512\" data-product_sku=\"\" aria-label=\"Ajouter &ldquo;Table Vendome&rdquo; \u00e0 votre panier\" aria-describedby=\"\" rel=\"nofollow\" data-product_name=\"Table Vendome\" data-price=\"490\"><i class=\"icon-basket\" title=\"Ajouter au panier\"><\/i><span class=\"add-to-cart-text button-text\">Ajouter au panier<\/span><\/a><a rel=\"nofollow\" href=\"javascript:void(0);\" data-product_id=\"102512\" class=\"alt-font button hongo-quick-view\"><i class=\"icon-eye icons\" title=\"Vue rapide\"><\/i><span class=\"quick-view-text button-text\">Vue rapide<\/span><\/a><a rel=\"nofollow\" href=\"javascript:void(0);\" data-product_id=\"102512\" class=\"alt-font button product_type_simple hongo-wishlist hongo-wishlist-add\"><i class=\"icon-heart\" title=\"Ajouter \u00e0 la liste de souhaits\"><\/i><span class=\"wish-list-text button-text\">Ajouter \u00e0 la liste de souhaits<\/span><\/a>\t\t\t\t<\/div><!-- .product-buttons-wrap -->\n\t\t\t\t\t\t\n\t<\/div><!-- .product-thumb-wrap -->\n\t<a href=\"https:\/\/rdesignconcept.com\/index.php\/product\/table-vendome\/\" class=\"hongo-LoopProduct-link\">\n\t\t\t<\/a>\n\t\n\t<span class=\"price\"><span class=\"woocommerce-Price-amount amount\"><bdi>490,00&nbsp;<span class=\"woocommerce-Price-currencySymbol\">&euro;<\/span><\/bdi><\/span><\/span>\n\n<div\n\tclass=\"yith-wcwl-add-to-wishlist add-to-wishlist-102512  wishlist-fragment on-first-load\"\n\tdata-fragment-ref=\"102512\"\n\tdata-fragment-options=\"{&quot;base_url&quot;:&quot;&quot;,&quot;in_default_wishlist&quot;:false,&quot;is_single&quot;:false,&quot;show_exists&quot;:false,&quot;product_id&quot;:102512,&quot;parent_product_id&quot;:102512,&quot;product_type&quot;:&quot;simple&quot;,&quot;show_view&quot;:false,&quot;browse_wishlist_text&quot;:&quot;Parcourir la liste de souhaits&quot;,&quot;already_in_wishslist_text&quot;:&quot;Le produit est d\\u00e9j\\u00e0 dans votre liste de souhaits!&quot;,&quot;product_added_text&quot;:&quot;Produit ajout\\u00e9!&quot;,&quot;heading_icon&quot;:&quot;fa-heart-o&quot;,&quot;available_multi_wishlist&quot;:false,&quot;disable_wishlist&quot;:false,&quot;show_count&quot;:false,&quot;ajax_loading&quot;:false,&quot;loop_position&quot;:&quot;after_add_to_cart&quot;,&quot;item&quot;:&quot;add_to_wishlist&quot;}\"\n>\n\t\t\t\n\t\t\t<!-- ADD TO WISHLIST -->\n\t\t\t\n<div class=\"yith-wcwl-add-button\">\n\t\t<a\n\t\thref=\"?add_to_wishlist=102512&#038;_wpnonce=ff0f27c3cd\"\n\t\tclass=\"add_to_wishlist single_add_to_wishlist\"\n\t\tdata-product-id=\"102512\"\n\t\tdata-product-type=\"simple\"\n\t\tdata-original-product-id=\"102512\"\n\t\tdata-title=\"Ajouter \u00e0 la liste de souhaits\"\n\t\trel=\"nofollow\"\n\t>\n\t\t<i class=\"yith-wcwl-icon fa fa-heart-o\"><\/i>\t\t<span>Ajouter \u00e0 la liste de souhaits<\/span>\n\t<\/a>\n<\/div>\n\n\t\t\t<!-- COUNT TEXT -->\n\t\t\t\n\t\t\t<\/div>\n<div class=\"hongo-rich-snippet display-none\"><span class=\"entry-title\">Table Vendome<\/span><span class=\"author vcard\"><a class=\"url fn n\" href=https:\/\/rdesignconcept.com\/index.php\/author\/ers-daggmail-com\/>Dagdelen Ersin<\/a><\/span><span class=\"published\">29 novembre 2023<\/span><time class=\"updated\" datetime=\"2023-11-29T01:13:32+01:00\">29 novembre 2023<\/time><\/div>\t<\/li>\n\t<li class=\"hongo-alternate-image-wrap product type-product post-102509 status-publish instock product_cat-salle-a-manger product_cat-tables-de-repas product_cat-tout-voir-salle-a-manger product_tag-repas product_tag-table has-post-thumbnail featured shipping-taxable purchasable product-type-simple add-to-wishlist-after_add_to_cart\">\n\t\t\t<div class=\"product-thumb-wrap\">\n\t\t<a href=\"https:\/\/rdesignconcept.com\/index.php\/product\/table-balni\/\" class=\"woocommerce-LoopProduct-link woocommerce-loop-product__link\"><img decoding=\"async\" width=\"360\" height=\"270\" src=\"https:\/\/rdesignconcept.com\/wp-content\/uploads\/2023\/11\/Balni2-360x270.jpeg\" class=\"hongo-alternate-image attachment-woocommerce_thumbnail size-woocommerce_thumbnail\" alt=\"\" \/><\/a>\t\t\t\t<div class=\"product-buttons-wrap\" data-tooltip-position=\"top\">\n\t\t\t\t<a href=\"?add-to-cart=102509\" data-quantity=\"1\" class=\"alt-font hongo-loop-product-button button product_type_simple add_to_cart_button ajax_add_to_cart\" data-product_id=\"102509\" data-product_sku=\"\" aria-label=\"Ajouter &ldquo;Table Balni&rdquo; \u00e0 votre panier\" aria-describedby=\"\" rel=\"nofollow\" data-product_name=\"Table Balni\" data-price=\"549\"><i class=\"icon-basket\" title=\"Ajouter au panier\"><\/i><span class=\"add-to-cart-text button-text\">Ajouter au panier<\/span><\/a><a rel=\"nofollow\" href=\"javascript:void(0);\" data-product_id=\"102509\" class=\"alt-font button hongo-quick-view\"><i class=\"icon-eye icons\" title=\"Vue rapide\"><\/i><span class=\"quick-view-text button-text\">Vue rapide<\/span><\/a><a rel=\"nofollow\" href=\"javascript:void(0);\" data-product_id=\"102509\" class=\"alt-font button product_type_simple hongo-wishlist hongo-wishlist-add\"><i class=\"icon-heart\" title=\"Ajouter \u00e0 la liste de souhaits\"><\/i><span class=\"wish-list-text button-text\">Ajouter \u00e0 la liste de souhaits<\/span><\/a>\t\t\t\t<\/div><!-- .product-buttons-wrap -->\n\t\t\t\t\t\t\n\t<\/div><!-- .product-thumb-wrap -->\n\t<a href=\"https:\/\/rdesignconcept.com\/index.php\/product\/table-balni\/\" class=\"hongo-LoopProduct-link\">\n\t\t\t<\/a>\n\t\n\t<span class=\"price\"><span class=\"woocommerce-Price-amount amount\"><bdi>549,00&nbsp;<span class=\"woocommerce-Price-currencySymbol\">&euro;<\/span><\/bdi><\/span><\/span>\n\n<div\n\tclass=\"yith-wcwl-add-to-wishlist add-to-wishlist-102509  wishlist-fragment on-first-load\"\n\tdata-fragment-ref=\"102509\"\n\tdata-fragment-options=\"{&quot;base_url&quot;:&quot;&quot;,&quot;in_default_wishlist&quot;:false,&quot;is_single&quot;:false,&quot;show_exists&quot;:false,&quot;product_id&quot;:102509,&quot;parent_product_id&quot;:102509,&quot;product_type&quot;:&quot;simple&quot;,&quot;show_view&quot;:false,&quot;browse_wishlist_text&quot;:&quot;Parcourir la liste de souhaits&quot;,&quot;already_in_wishslist_text&quot;:&quot;Le produit est d\\u00e9j\\u00e0 dans votre liste de souhaits!&quot;,&quot;product_added_text&quot;:&quot;Produit ajout\\u00e9!&quot;,&quot;heading_icon&quot;:&quot;fa-heart-o&quot;,&quot;available_multi_wishlist&quot;:false,&quot;disable_wishlist&quot;:false,&quot;show_count&quot;:false,&quot;ajax_loading&quot;:false,&quot;loop_position&quot;:&quot;after_add_to_cart&quot;,&quot;item&quot;:&quot;add_to_wishlist&quot;}\"\n>\n\t\t\t\n\t\t\t<!-- ADD TO WISHLIST -->\n\t\t\t\n<div class=\"yith-wcwl-add-button\">\n\t\t<a\n\t\thref=\"?add_to_wishlist=102509&#038;_wpnonce=ff0f27c3cd\"\n\t\tclass=\"add_to_wishlist single_add_to_wishlist\"\n\t\tdata-product-id=\"102509\"\n\t\tdata-product-type=\"simple\"\n\t\tdata-original-product-id=\"102509\"\n\t\tdata-title=\"Ajouter \u00e0 la liste de souhaits\"\n\t\trel=\"nofollow\"\n\t>\n\t\t<i class=\"yith-wcwl-icon fa fa-heart-o\"><\/i>\t\t<span>Ajouter \u00e0 la liste de souhaits<\/span>\n\t<\/a>\n<\/div>\n\n\t\t\t<!-- COUNT TEXT -->\n\t\t\t\n\t\t\t<\/div>\n<div class=\"hongo-rich-snippet display-none\"><span class=\"entry-title\">Table Balni<\/span><span class=\"author vcard\"><a class=\"url fn n\" href=https:\/\/rdesignconcept.com\/index.php\/author\/ers-daggmail-com\/>Dagdelen Ersin<\/a><\/span><span class=\"published\">28 novembre 2023<\/span><time class=\"updated\" datetime=\"2023-11-29T01:13:37+01:00\">29 novembre 2023<\/time><\/div>\t<\/li>\n\t<li class=\"product type-product post-102506 status-publish instock product_cat-salle-a-manger product_cat-tables-de-repas product_cat-tout-voir-salle-a-manger product_tag-repas product_tag-table product_tag-table-basse has-post-thumbnail featured shipping-taxable purchasable product-type-simple add-to-wishlist-after_add_to_cart\">\n\t\t\t<div class=\"product-thumb-wrap\">\n\t\t<a href=\"https:\/\/rdesignconcept.com\/index.php\/product\/table-basse-baieta-beige\/\" class=\"woocommerce-LoopProduct-link woocommerce-loop-product__link\"><\/a>\t\t\t\t<div class=\"product-buttons-wrap\" data-tooltip-position=\"top\">\n\t\t\t\t<a href=\"?add-to-cart=102506\" data-quantity=\"1\" class=\"alt-font hongo-loop-product-button button product_type_simple add_to_cart_button ajax_add_to_cart\" data-product_id=\"102506\" data-product_sku=\"\" aria-label=\"Ajouter &ldquo;Table Baieta beige&rdquo; \u00e0 votre panier\" aria-describedby=\"\" rel=\"nofollow\" data-product_name=\"Table Baieta beige\" data-price=\"549\"><i class=\"icon-basket\" title=\"Ajouter au panier\"><\/i><span class=\"add-to-cart-text button-text\">Ajouter au panier<\/span><\/a><a rel=\"nofollow\" href=\"javascript:void(0);\" data-product_id=\"102506\" class=\"alt-font button hongo-quick-view\"><i class=\"icon-eye icons\" title=\"Vue rapide\"><\/i><span class=\"quick-view-text button-text\">Vue rapide<\/span><\/a><a rel=\"nofollow\" href=\"javascript:void(0);\" data-product_id=\"102506\" class=\"alt-font button product_type_simple hongo-wishlist hongo-wishlist-add\"><i class=\"icon-heart\" title=\"Ajouter \u00e0 la liste de souhaits\"><\/i><span class=\"wish-list-text button-text\">Ajouter \u00e0 la liste de souhaits<\/span><\/a>\t\t\t\t<\/div><!-- .product-buttons-wrap -->\n\t\t\t\t\t\t\n\t<\/div><!-- .product-thumb-wrap -->\n\t<a href=\"https:\/\/rdesignconcept.com\/index.php\/product\/table-basse-baieta-beige\/\" class=\"hongo-LoopProduct-link\">\n\t\t\t<\/a>\n\t\n\t<span class=\"price\"><span class=\"woocommerce-Price-amount amount\"><bdi>549,00&nbsp;<span class=\"woocommerce-Price-currencySymbol\">&euro;<\/span><\/bdi><\/span><\/span>\n\n<div\n\tclass=\"yith-wcwl-add-to-wishlist add-to-wishlist-102506  wishlist-fragment on-first-load\"\n\tdata-fragment-ref=\"102506\"\n\tdata-fragment-options=\"{&quot;base_url&quot;:&quot;&quot;,&quot;in_default_wishlist&quot;:false,&quot;is_single&quot;:false,&quot;show_exists&quot;:false,&quot;product_id&quot;:102506,&quot;parent_product_id&quot;:102506,&quot;product_type&quot;:&quot;simple&quot;,&quot;show_view&quot;:false,&quot;browse_wishlist_text&quot;:&quot;Parcourir la liste de souhaits&quot;,&quot;already_in_wishslist_text&quot;:&quot;Le produit est d\\u00e9j\\u00e0 dans votre liste de souhaits!&quot;,&quot;product_added_text&quot;:&quot;Produit ajout\\u00e9!&quot;,&quot;heading_icon&quot;:&quot;fa-heart-o&quot;,&quot;available_multi_wishlist&quot;:false,&quot;disable_wishlist&quot;:false,&quot;show_count&quot;:false,&quot;ajax_loading&quot;:false,&quot;loop_position&quot;:&quot;after_add_to_cart&quot;,&quot;item&quot;:&quot;add_to_wishlist&quot;}\"\n>\n\t\t\t\n\t\t\t<!-- ADD TO WISHLIST -->\n\t\t\t\n<div class=\"yith-wcwl-add-button\">\n\t\t<a\n\t\thref=\"?add_to_wishlist=102506&#038;_wpnonce=ff0f27c3cd\"\n\t\tclass=\"add_to_wishlist single_add_to_wishlist\"\n\t\tdata-product-id=\"102506\"\n\t\tdata-product-type=\"simple\"\n\t\tdata-original-product-id=\"102506\"\n\t\tdata-title=\"Ajouter \u00e0 la liste de souhaits\"\n\t\trel=\"nofollow\"\n\t>\n\t\t<i class=\"yith-wcwl-icon fa fa-heart-o\"><\/i>\t\t<span>Ajouter \u00e0 la liste de souhaits<\/span>\n\t<\/a>\n<\/div>\n\n\t\t\t<!-- COUNT TEXT -->\n\t\t\t\n\t\t\t<\/div>\n<div class=\"hongo-rich-snippet display-none\"><span class=\"entry-title\">Table Baieta beige<\/span><span class=\"author vcard\"><a class=\"url fn n\" href=https:\/\/rdesignconcept.com\/index.php\/author\/ers-daggmail-com\/>Dagdelen Ersin<\/a><\/span><span class=\"published\">28 novembre 2023<\/span><time class=\"updated\" datetime=\"2023-11-29T01:13:43+01:00\">29 novembre 2023<\/time><\/div>\t<\/li>\n\t<li class=\"product type-product post-102504 status-publish last instock product_cat-salle-a-manger product_cat-tables-de-repas product_cat-tout-voir-salle-a-manger product_tag-repas product_tag-table product_tag-table-basse has-post-thumbnail featured shipping-taxable purchasable product-type-simple add-to-wishlist-after_add_to_cart\">\n\t\t\t<div class=\"product-thumb-wrap\">\n\t\t<a href=\"https:\/\/rdesignconcept.com\/index.php\/product\/table-basse-baieta-noir\/\" class=\"woocommerce-LoopProduct-link woocommerce-loop-product__link\"><\/a>\t\t\t\t<div class=\"product-buttons-wrap\" data-tooltip-position=\"top\">\n\t\t\t\t<a href=\"?add-to-cart=102504\" data-quantity=\"1\" class=\"alt-font hongo-loop-product-button button product_type_simple add_to_cart_button ajax_add_to_cart\" data-product_id=\"102504\" data-product_sku=\"\" aria-label=\"Ajouter &ldquo;Table Baieta noir&rdquo; \u00e0 votre panier\" aria-describedby=\"\" rel=\"nofollow\" data-product_name=\"Table Baieta noir\" data-price=\"549\"><i class=\"icon-basket\" title=\"Ajouter au panier\"><\/i><span class=\"add-to-cart-text button-text\">Ajouter au panier<\/span><\/a><a rel=\"nofollow\" href=\"javascript:void(0);\" data-product_id=\"102504\" class=\"alt-font button hongo-quick-view\"><i class=\"icon-eye icons\" title=\"Vue rapide\"><\/i><span class=\"quick-view-text button-text\">Vue rapide<\/span><\/a><a rel=\"nofollow\" href=\"javascript:void(0);\" data-product_id=\"102504\" class=\"alt-font button product_type_simple hongo-wishlist hongo-wishlist-add\"><i class=\"icon-heart\" title=\"Ajouter \u00e0 la liste de souhaits\"><\/i><span class=\"wish-list-text button-text\">Ajouter \u00e0 la liste de souhaits<\/span><\/a>\t\t\t\t<\/div><!-- .product-buttons-wrap -->\n\t\t\t\t\t\t\n\t<\/div><!-- .product-thumb-wrap -->\n\t<a href=\"https:\/\/rdesignconcept.com\/index.php\/product\/table-basse-baieta-noir\/\" class=\"hongo-LoopProduct-link\">\n\t\t\t<\/a>\n\t\n\t<span class=\"price\"><span class=\"woocommerce-Price-amount amount\"><bdi>549,00&nbsp;<span class=\"woocommerce-Price-currencySymbol\">&euro;<\/span><\/bdi><\/span><\/span>\n\n<div\n\tclass=\"yith-wcwl-add-to-wishlist add-to-wishlist-102504  wishlist-fragment on-first-load\"\n\tdata-fragment-ref=\"102504\"\n\tdata-fragment-options=\"{&quot;base_url&quot;:&quot;&quot;,&quot;in_default_wishlist&quot;:false,&quot;is_single&quot;:false,&quot;show_exists&quot;:false,&quot;product_id&quot;:102504,&quot;parent_product_id&quot;:102504,&quot;product_type&quot;:&quot;simple&quot;,&quot;show_view&quot;:false,&quot;browse_wishlist_text&quot;:&quot;Parcourir la liste de souhaits&quot;,&quot;already_in_wishslist_text&quot;:&quot;Le produit est d\\u00e9j\\u00e0 dans votre liste de souhaits!&quot;,&quot;product_added_text&quot;:&quot;Produit ajout\\u00e9!&quot;,&quot;heading_icon&quot;:&quot;fa-heart-o&quot;,&quot;available_multi_wishlist&quot;:false,&quot;disable_wishlist&quot;:false,&quot;show_count&quot;:false,&quot;ajax_loading&quot;:false,&quot;loop_position&quot;:&quot;after_add_to_cart&quot;,&quot;item&quot;:&quot;add_to_wishlist&quot;}\"\n>\n\t\t\t\n\t\t\t<!-- ADD TO WISHLIST -->\n\t\t\t\n<div class=\"yith-wcwl-add-button\">\n\t\t<a\n\t\thref=\"?add_to_wishlist=102504&#038;_wpnonce=ff0f27c3cd\"\n\t\tclass=\"add_to_wishlist single_add_to_wishlist\"\n\t\tdata-product-id=\"102504\"\n\t\tdata-product-type=\"simple\"\n\t\tdata-original-product-id=\"102504\"\n\t\tdata-title=\"Ajouter \u00e0 la liste de souhaits\"\n\t\trel=\"nofollow\"\n\t>\n\t\t<i class=\"yith-wcwl-icon fa fa-heart-o\"><\/i>\t\t<span>Ajouter \u00e0 la liste de souhaits<\/span>\n\t<\/a>\n<\/div>\n\n\t\t\t<!-- COUNT TEXT -->\n\t\t\t\n\t\t\t<\/div>\n<div class=\"hongo-rich-snippet display-none\"><span class=\"entry-title\">Table Baieta noir<\/span><span class=\"author vcard\"><a class=\"url fn n\" href=https:\/\/rdesignconcept.com\/index.php\/author\/ers-daggmail-com\/>Dagdelen Ersin<\/a><\/span><span class=\"published\">28 novembre 2023<\/span><time class=\"updated\" datetime=\"2023-11-29T01:13:50+01:00\">29 novembre 2023<\/time><\/div>\t<\/li>\n\t<\/ul>\n<\/div><\/div><\/div><\/div><\/div><\/div><\/section><div class=\"vc_row-full-width vc_clearfix\"><\/div>\n<\/section>","protected":false},"excerpt":{"rendered":"FEATURED PRODUCTS Ajouter au panierVue rapideAjouter \u00e0 la liste de souhaits 490,00&nbsp;&euro; Ajouter \u00e0 la liste de souhaits Table VendomeDagdelen Ersin29 novembre 202329 novembre 2023 Ajouter au panierVue rapideAjouter \u00e0 la liste de souhaits 549,00&nbsp;&euro; Ajouter \u00e0 la liste de souhaits Table BalniDagdelen Ersin28 novembre 202329 novembre 2023 Ajouter au panierVue rapideAjouter \u00e0 la liste de souhaits 549,00&nbsp;&euro; Ajouter \u00e0 la liste de souhaits Table Baieta beigeDagdelen Ersin28 novembre 202329 novembre 2023 Ajouter au panierVue rapideAjouter \u00e0 la liste de souhaits 549,00&nbsp;&euro; Ajouter \u00e0 la liste de souhaits Table Baieta noirDagdelen Ersin28 novembre 202329 novembre 2023","protected":false},"author":1,"featured_media":0,"parent":0,"menu_order":0,"comment_status":"closed","ping_status":"closed","template":"","meta":{"om_disable_all_campaigns":false,"_mi_skip_tracking":false,"_monsterinsights_sitenote_active":false,"_monsterinsights_sitenote_note":"","_monsterinsights_sitenote_category":0,"footnotes":""},"aioseo_notices":[],"jetpack_sharing_enabled":true,"_links":{"self":[{"href":"https:\/\/rdesignconcept.com\/index.php\/wp-json\/wp\/v2\/pages\/9623"}],"collection":[{"href":"https:\/\/rdesignconcept.com\/index.php\/wp-json\/wp\/v2\/pages"}],"about":[{"href":"https:\/\/rdesignconcept.com\/index.php\/wp-json\/wp\/v2\/types\/page"}],"author":[{"embeddable":true,"href":"https:\/\/rdesignconcept.com\/index.php\/wp-json\/wp\/v2\/users\/1"}],"replies":[{"embeddable":true,"href":"https:\/\/rdesignconcept.com\/index.php\/wp-json\/wp\/v2\/comments?post=9623"}],"version-history":[{"count":0,"href":"https:\/\/rdesignconcept.com\/index.php\/wp-json\/wp\/v2\/pages\/9623\/revisions"}],"wp:attachment":[{"href":"https:\/\/rdesignconcept.com\/index.php\/wp-json\/wp\/v2\/media?parent=9623"}],"curies":[{"name":"wp","href":"https:\/\/api.w.org\/{rel}","templated":true}]}}