{"id":9323,"date":"2018-06-30T06:56:22","date_gmt":"2018-06-30T06:56:22","guid":{"rendered":"https:\/\/hongo.themezaa.com\/?page_id=9323"},"modified":"2023-11-27T12:26:09","modified_gmt":"2023-11-27T11:26:09","slug":"contactez-nous","status":"publish","type":"page","link":"https:\/\/rdesignconcept.com\/index.php\/contactez-nous\/","title":{"rendered":"Contactez-nous"},"content":{"rendered":"<section class=\"wpb-content-wrapper\"><section data-vc-full-width=\"true\" data-vc-full-width-init=\"false\" data-vc-stretch-content=\"true\" class=\"vc_row wpb_row vc_row-fluid  vc_custom_1560321409799   hongo-stretch-content vc_row-no-padding hongo-stretch-content-fluid vc_row-o-equal-height vc_row-o-content-middle vc_row-flex\"><div class=\"wpb_column vc_column_container col-xs-mobile-fullwidth vc_col-sm-12 vc_col-lg-8 vc_col-md-7\"><div class=\"vc_column-inner\"><div class=\"wpb_wrapper\"><div class=\"vc_row wpb_row vc_inner vc_row-fluid\"><div class=\"wpb_column vc_column_container vc_col-has-fill col-xs-mobile-fullwidth vc_col-sm-12\"><div class=\"vc_column-inner cover-background vc_custom_1570956299861  hongo_responsive_1570956299866\" style=\"z-index:1;  min-height: 850px;\"><div class=\"wpb_wrapper\">[vc_gmaps link=&#8221;#E-8_JTNDaWZyYW1lJTIwc3JjJTNEJTIyaHR0cHMlM0ElMkYlMkZtYXBzLmdvb2dsZS5jb20lMkZtYXBzJTNGd2lkdGglM0QxMDAlMjUyNSUyNmFtcCUzQmhlaWdodCUzRDYwMCUyNmFtcCUzQmhsJTNEZW4lMjZhbXAlM0JxJTNEMjYlMjUyMFJ1ZSUyNTIwZGUlMjUyMGxhJTI1MjBTYWJsb25uaSUyNUMzJTI1QThyZSUyQyUyNTIwOTQxOTAlMjUyMFZhbGVudG9uJTJCJTI4UiUyNTIwRGVzaWduJTI1MjBDb25jZXB0JTI5JTI2YW1wJTNCdCUzRCUyNmFtcCUzQnolM0QxNCUyNmFtcCUzQmllJTNEVVRGOCUyNmFtcCUzQml3bG9jJTNEQiUyNmFtcCUzQm91dHB1dCUzRGVtYmVkJTIyJTIwd2lkdGglM0QlMjI2MDAlMjIlMjBoZWlnaHQlM0QlMjI0NTAlMjIlMjBmcmFtZWJvcmRlciUzRCUyMjAlMjIlMjBzdHlsZSUzRCUyMmJvcmRlciUzQTAlMjIlMjBhbGxvd2Z1bGxzY3JlZW4lM0UlM0MlMkZpZnJhbWUlM0U=&#8221; size=&#8221;850&#8243;]<\/div><\/div><\/div><\/div><div class=\"vc_row wpb_row vc_inner vc_row-fluid\"><div class=\"wpb_column vc_column_container col-xs-mobile-fullwidth vc_col-sm-12 sm-text-center xs-text-center\"><div class=\"vc_column-inner vc_custom_1573300599330  hongo_responsive_1573300599335\"><div class=\"wpb_wrapper\"><div class=\"alt-font heading-style-2 vc_custom_1573300720843  hongo_responsive_1573300720847 heading-1 hongo-section-heading hongo_font_1573300720842\">contact<\/div><\/div><\/div><\/div><\/div><\/div><\/div><\/div><div class=\"wpb_column vc_column_container vc_col-has-fill col-xs-mobile-fullwidth vc_col-sm-12 vc_col-lg-4 vc_col-md-5\"><div class=\"vc_column-inner vc_custom_1563455875219  hongo_responsive_1563455875230\"><div class=\"wpb_wrapper\"><div class=\"separator-style-2 vc_custom_1567431692829  hongo_responsive_1567431692832 separator-style2-1\"><\/div><div class=\"alt-font heading-style-3 vc_custom_1685451813143  hongo_responsive_1685451813144 heading-2 hongo-section-heading hongo_font_1685451813143\">Nos aimons \u00e9changer avec nos clients<\/div><div class=\"hongo-featurebox-wrap hongo-product-featurebox vc_custom_1685451786082  hongo_responsive_1685451786083 icon-text-style-4 equal_height_disable icon_text4-1\"><div class=\"hongo-featurebox-wrapper\"><div class=\"hongo-featurebox-img\"><i class=\"base-color ti-world icon-medium\"><\/i><\/div><div class=\"hongo-featurebox-text hongo_font_1685451786077 alt-font\">Nos adresses<\/div><div class=\"sub-title hongo_font_1685451786079\">28 Rue de la Sablonni\u00e8re<br \/>94190 Valenton <br \/> <br \/> 107bis avenue du pr\u00e9sident J.F Kennedy<br \/>94190 Villeneuve-Saint-Georges<\/div><\/div><\/div><div class=\"hongo-featurebox-wrap hongo-product-featurebox vc_custom_1701084364961  hongo_responsive_1701084364963 icon-text-style-4 equal_height_disable icon_text4-2\"><div class=\"hongo-featurebox-wrapper\"><div class=\"hongo-featurebox-img\"><i class=\"base-color ti-email icon-medium\"><\/i><\/div><div class=\"hongo-featurebox-text hongo_font_1701084364954 alt-font\">E-mail<\/div><div class=\"sub-title hongo_font_1701084364957\">rdesignmobilier@gmail.com<\/div><\/div><\/div><div class=\"hongo-featurebox-wrap hongo-product-featurebox vc_custom_1701084291187  hongo_responsive_1701084291189 icon-text-style-4 equal_height_disable icon_text4-3\"><div class=\"hongo-featurebox-wrapper\"><div class=\"hongo-featurebox-img\"><i class=\"base-color ti-headphone-alt icon-medium\"><\/i><\/div><div class=\"hongo-featurebox-text hongo_font_1701084291180 alt-font\">T\u00e9l\u00e9phone<\/div><div class=\"sub-title hongo_font_1701084291183\">01 45 99 50 11<\/div><\/div><\/div><div class=\"hongo-featurebox-wrap hongo-product-featurebox vc_custom_1685451520205  hongo_responsive_1685451520207 icon-text-style-4 equal_height_disable icon_text4-4\"><div class=\"hongo-featurebox-wrapper\"><div class=\"hongo-featurebox-img\"><i class=\"base-color ti-timer icon-medium\"><\/i><\/div><div class=\"hongo-featurebox-text hongo_font_1685451520202 alt-font\">Horaires d'ouverture<\/div><div class=\"sub-title hongo_font_1685451520203\">Lundi \u2013 Samedi : 10:00 \u2013 19:00 <br \/>Dimanche : 13:00 \u2013 18:00<\/div><\/div><\/div><div  class=\"hongo-social-links social-icon-style-14 social-icon-1 text-uppercase\"><ul class=\"very-small-icon\"><li><a class=\"facebook-f\" target=\"_blank\" href=\"https:\/\/fr-fr.facebook.com\/people\/Rdesignmobilier-concept\/100057874402439\/\"><span class=\"brand-icon fa-brands fa-facebook-f\"><\/span><span class=\"brand-label alt-font\">Facebook<\/span><\/a><\/li><li><a class=\"instagram\" target=\"_blank\" href=\"https:\/\/www.instagram.com\/rdesignmobilier\/\"><span class=\"brand-icon fa-brands fa-instagram\"><\/span><span class=\"brand-label alt-font\">Instagram<\/span><\/a><\/li><\/ul><\/div><\/div><\/div><\/div><\/section><div class=\"vc_row-full-width vc_clearfix\"><\/div><section class=\"vc_row wpb_row vc_row-fluid\"><div class=\"wpb_column vc_column_container col-xs-mobile-fullwidth vc_col-sm-12\"><div class=\"vc_column-inner\"><div class=\"wpb_wrapper\"><\/div><\/div><\/div><\/section><section data-vc-full-width=\"true\" data-vc-full-width-init=\"false\" data-vc-stretch-content=\"true\" class=\"vc_row wpb_row vc_row-fluid  vc_custom_1563778035559   hongo-stretch-content hongo-stretch-content-fluid vc_row-o-equal-height vc_row-o-content-middle vc_row-flex  hongo_responsive_1563778035566\"><div class=\"wpb_column vc_column_container vc_col-has-fill col-xs-mobile-fullwidth vc_col-sm-12 vc_col-lg-8 vc_col-md-12 wow fadeInLeft\" data-wow-duration= 1200ms><div class=\"vc_column-inner vc_custom_1564394273294  hongo_responsive_1564394273297\"><div class=\"wpb_wrapper\"><div class=\"vc_row wpb_row vc_inner vc_row-fluid\"><div class=\"wpb_column vc_column_container col-xs-mobile-fullwidth vc_col-sm-5 wow fadeInLeft\" data-wow-duration= 1200ms><div class=\"vc_column-inner\"><div class=\"wpb_wrapper\"><div class=\"separator-style-2 vc_custom_1567431776781 separator-style2-2\"><\/div><div class=\"alt-font heading-style-3 vc_custom_1685452088429  hongo_responsive_1685452088430 heading-3 hongo-section-heading hongo_font_1685452088429\">Nos clients sont au coeur de notre activit\u00e9<\/div><div class=\"alt-font heading-style-5 vc_custom_1685452168201  hongo_responsive_1685452168202 heading-4 hongo-section-heading hongo_font_1685452168200\"><span>Appelez-nous ou \u00e9crivez-nous quand vous le voulez. Nous reviendrons vers vous tr\u00e8s rapidement.<\/span><\/div><div class=\"alt-font display-inline-block heading-style-3 vc_custom_1685452276280  hongo_responsive_1685452276281 heading-5 hongo-section-heading hongo_font_1685452276280\" data-wow-delay= 500ms data-wow-duration= 1500ms><\/div><\/div><\/div><\/div><div class=\"wpb_column vc_column_container vc_col-has-fill col-xs-mobile-fullwidth vc_col-sm-7 wow fadeInLeft\" data-wow-duration= 1200ms><div class=\"vc_column-inner vc_custom_1564394242151  hongo_responsive_1564394242158\"><div class=\"wpb_wrapper\"><div class=\"alt-font heading-style-1 vc_custom_1685452040856 heading-6 hongo-section-heading hongo_font_1685452040856\">ECRIVEZ-NOUS ET NOUS REVIENDRONS VERS VOUS<\/div>\n<div class=\"wpcf7 no-js\" id=\"wpcf7-f9658-o1\" lang=\"en-US\" dir=\"ltr\">\n<div class=\"screen-reader-response\"><p role=\"status\" aria-live=\"polite\" aria-atomic=\"true\"><\/p> <ul><\/ul><\/div>\n<form action=\"\/index.php\/wp-json\/wp\/v2\/pages\/9323#wpcf7-f9658-o1\" method=\"post\" class=\"wpcf7-form init\" aria-label=\"Contact form\" novalidate=\"novalidate\" data-status=\"init\">\n<div style=\"display: none;\">\n<input type=\"hidden\" name=\"_wpcf7\" value=\"9658\" \/>\n<input type=\"hidden\" name=\"_wpcf7_version\" value=\"5.8.4\" \/>\n<input type=\"hidden\" name=\"_wpcf7_locale\" value=\"en_US\" \/>\n<input type=\"hidden\" name=\"_wpcf7_unit_tag\" value=\"wpcf7-f9658-o1\" \/>\n<input type=\"hidden\" name=\"_wpcf7_container_post\" value=\"0\" \/>\n<input type=\"hidden\" name=\"_wpcf7_posted_data_hash\" value=\"\" \/>\n<\/div>\n<div class=\"hongo-contact-form-style-1\">\n\t<p><span class=\"wpcf7-form-control-wrap\" data-name=\"contact-name\"><input size=\"40\" class=\"wpcf7-form-control wpcf7-text wpcf7-validates-as-required\" aria-required=\"true\" aria-invalid=\"false\" placeholder=\"Nom*\" value=\"\" type=\"text\" name=\"contact-name\" \/><\/span><br \/>\n<span class=\"wpcf7-form-control-wrap\" data-name=\"contact-email\"><input size=\"40\" class=\"wpcf7-form-control wpcf7-email wpcf7-validates-as-required wpcf7-text wpcf7-validates-as-email\" aria-required=\"true\" aria-invalid=\"false\" placeholder=\"E-mail*\" value=\"\" type=\"email\" name=\"contact-email\" \/><\/span><br \/>\n<span class=\"wpcf7-form-control-wrap\" data-name=\"contact-subject\"><input size=\"40\" class=\"wpcf7-form-control wpcf7-text\" aria-invalid=\"false\" placeholder=\"Sujet\" value=\"\" type=\"text\" name=\"contact-subject\" \/><\/span><br \/>\n<span class=\"wpcf7-form-control-wrap\" data-name=\"contact-message\"><textarea cols=\"40\" rows=\"3\" class=\"wpcf7-form-control wpcf7-textarea\" aria-invalid=\"false\" placeholder=\"Votre message\" name=\"contact-message\"><\/textarea><\/span><br \/>\n<input class=\"wpcf7-form-control wpcf7-submit has-spinner btn btn-small alt-font\" type=\"submit\" value=\"Envoyez\" \/>\n\t<\/p>\n<\/div><p style=\"display: none !important;\"><label>&#916;<textarea name=\"_wpcf7_ak_hp_textarea\" cols=\"45\" rows=\"8\" maxlength=\"100\"><\/textarea><\/label><input type=\"hidden\" id=\"ak_js_1\" name=\"_wpcf7_ak_js\" value=\"207\"\/><script>document.getElementById( \"ak_js_1\" ).setAttribute( \"value\", ( new Date() ).getTime() );<\/script><\/p><div class=\"wpcf7-response-output\" aria-hidden=\"true\"><\/div>\n<\/form>\n<\/div>\n<\/div><\/div><\/div><\/div><\/div><\/div><\/div><div class=\"wpb_column vc_column_container vc_col-has-fill col-xs-mobile-fullwidth vc_col-sm-12 vc_col-lg-4 vc_col-md-12 wow fadeInRight\" data-wow-delay= 300ms data-wow-duration= 1200ms><div class=\"vc_column-inner vc_custom_1567431784923  hongo_responsive_1567431784929\"><div class=\"wpb_wrapper\"><div class=\"hongo-testimonial-1 testimonial-style-3\"><div class=\"testimonial-icon\"><i class=\"fa-solid fa-quote-left base-color icon-small\" style=\"color:#232323;\"><\/i><\/div><div class=\"testimonial-content-title alt-font hongo_font_1685451987571\">La d\u00e9coration int\u00e9rieur...<\/div><div class=\"testimonial-content hongo_font_1685451987571\"><p>Une maison est bien plus qu\u2019un simple abri. Elle doit nous \u00e9lever \u00e9motionnellement et spirituellement.<\/p>\n<\/div><div class=\"testimonial-meta\"><div class=\"testimonial-name hongo_font_1685451987570\">JOHN SALDINO<\/div><\/div><\/div><\/div><\/div><\/div><\/section><div class=\"vc_row-full-width vc_clearfix\"><\/div><section data-vc-full-width=\"true\" data-vc-full-width-init=\"false\" data-vc-stretch-content=\"true\" class=\"vc_row wpb_row vc_row-fluid  vc_custom_1563774681971   hongo-stretch-content hongo-stretch-content-fluid vc_row-o-equal-height vc_row-o-content-bottom vc_row-flex  hongo_responsive_1563774681979\"><div class=\"wpb_column vc_column_container col-xs-mobile-fullwidth vc_col-sm-2 vc_col-lg-4 vc_col-md-2 wow fadeInRight xs-display-none\" data-wow-delay= 100ms data-wow-duration= 1200ms><div class=\"vc_column-inner vc_custom_1564394158251\"><div class=\"wpb_wrapper\"><div class=\"separator-style-2 separator-style2-3\"><\/div><\/div><\/div><\/div><div class=\"wpb_column vc_column_container col-xs-mobile-fullwidth vc_col-sm-7 vc_col-lg-5 vc_col-md-7 wow fadeInRight xs-text-center\" data-wow-delay= 300ms data-wow-duration= 1200ms><div class=\"vc_column-inner  hongo_responsive_1564394171778\"><div class=\"wpb_wrapper\"><div class=\"alt-font heading-style-3 heading-7 hongo-section-heading hongo_font_1685452330199\">En attendant notre retour, vous pouvez consulter notre FAQ<\/div><\/div><\/div><\/div><div class=\"wpb_column vc_column_container col-xs-mobile-fullwidth vc_col-sm-3 wow fadeInRight xs-text-center\" data-wow-delay= 500ms data-wow-duration= 1200ms><div class=\"vc_column-inner  hongo_responsive_1564394188010\"><div class=\"wpb_wrapper\"><a href=\"https:\/\/rdesignconcept.com\/index.php\/faqs\/\"  class=\"hongo-button-1 btn btn-dark-gray alt-font btn-large\">FAQs<i class=\"ti-info-alt right-icon\" aria-hidden=\"true\"><\/i><\/a><\/div><\/div><\/div><\/section><div class=\"vc_row-full-width vc_clearfix\"><\/div>\n<\/section>","protected":false},"excerpt":{"rendered":"[vc_gmaps link=\"#E-8_JTNDaWZyYW1lJTIwc3JjJTNEJTIyaHR0cHMlM0ElMkYlMkZtYXBzLmdvb2dsZS5jb20lMkZtYXBzJTNGd2lkdGglM0QxMDAlMjUyNSUyNmFtcCUzQmhlaWdodCUzRDYwMCUyNmFtcCUzQmhsJTNEZW4lMjZhbXAlM0JxJTNEMjYlMjUyMFJ1ZSUyNTIwZGUlMjUyMGxhJTI1MjBTYWJsb25uaSUyNUMzJTI1QThyZSUyQyUyNTIwOTQxOTAlMjUyMFZhbGVudG9uJTJCJTI4UiUyNTIwRGVzaWduJTI1MjBDb25jZXB0JTI5JTI2YW1wJTNCdCUzRCUyNmFtcCUzQnolM0QxNCUyNmFtcCUzQmllJTNEVVRGOCUyNmFtcCUzQml3bG9jJTNEQiUyNmFtcCUzQm91dHB1dCUzRGVtYmVkJTIyJTIwd2lkdGglM0QlMjI2MDAlMjIlMjBoZWlnaHQlM0QlMjI0NTAlMjIlMjBmcmFtZWJvcmRlciUzRCUyMjAlMjIlMjBzdHlsZSUzRCUyMmJvcmRlciUzQTAlMjIlMjBhbGxvd2Z1bGxzY3JlZW4lM0UlM0MlMkZpZnJhbWUlM0U=\" size=\"850\"]contactNos aimons \u00e9changer avec nos clientsNos adresses28 Rue de la Sablonni\u00e8re94190 Valenton 107bis avenue du pr\u00e9sident J.F Kennedy94190 Villeneuve-Saint-GeorgesE-mailrdesignmobilier@gmail.comT\u00e9l\u00e9phone01 45 99 50 11Horaires d'ouvertureLundi \u2013 Samedi : 10:00 \u2013 19:00 Dimanche : 13:00 \u2013 18:00FacebookInstagramNos clients sont au coeur de notre activit\u00e9Appelez-nous ou \u00e9crivez-nous quand vous le voulez. Nous reviendrons vers vous tr\u00e8s rapidement.ECRIVEZ-NOUS ET NOUS REVIENDRONS VERS VOUS &#916; La d\u00e9coration int\u00e9rieur...Une maison est bien plus qu\u2019un simple abri. Elle doit nous \u00e9lever \u00e9motionnellement et spirituellement. JOHN SALDINOEn attendant notre retour, vous pouvez consulter notre FAQFAQs","protected":false},"author":1,"featured_media":0,"parent":0,"menu_order":0,"comment_status":"closed","ping_status":"closed","template":"","meta":{"om_disable_all_campaigns":false,"_mi_skip_tracking":false,"_monsterinsights_sitenote_active":false,"_monsterinsights_sitenote_note":"","_monsterinsights_sitenote_category":0,"footnotes":""},"aioseo_notices":[],"jetpack_sharing_enabled":true,"_links":{"self":[{"href":"https:\/\/rdesignconcept.com\/index.php\/wp-json\/wp\/v2\/pages\/9323"}],"collection":[{"href":"https:\/\/rdesignconcept.com\/index.php\/wp-json\/wp\/v2\/pages"}],"about":[{"href":"https:\/\/rdesignconcept.com\/index.php\/wp-json\/wp\/v2\/types\/page"}],"author":[{"embeddable":true,"href":"https:\/\/rdesignconcept.com\/index.php\/wp-json\/wp\/v2\/users\/1"}],"replies":[{"embeddable":true,"href":"https:\/\/rdesignconcept.com\/index.php\/wp-json\/wp\/v2\/comments?post=9323"}],"version-history":[{"count":30,"href":"https:\/\/rdesignconcept.com\/index.php\/wp-json\/wp\/v2\/pages\/9323\/revisions"}],"predecessor-version":[{"id":102334,"href":"https:\/\/rdesignconcept.com\/index.php\/wp-json\/wp\/v2\/pages\/9323\/revisions\/102334"}],"wp:attachment":[{"href":"https:\/\/rdesignconcept.com\/index.php\/wp-json\/wp\/v2\/media?parent=9323"}],"curies":[{"name":"wp","href":"https:\/\/api.w.org\/{rel}","templated":true}]}}