{"id":9321,"date":"2018-06-30T06:55:54","date_gmt":"2018-06-30T06:55:54","guid":{"rendered":"https:\/\/hongo.themezaa.com\/?page_id=9321"},"modified":"2023-07-27T04:05:34","modified_gmt":"2023-07-27T02:05:34","slug":"nos-magasins","status":"publish","type":"page","link":"https:\/\/rdesignconcept.com\/index.php\/nos-magasins\/","title":{"rendered":"Nos magasins"},"content":{"rendered":"<section class=\"wpb-content-wrapper\"><section data-vc-full-width=\"true\" data-vc-full-width-init=\"false\" data-vc-stretch-content=\"true\" class=\"vc_row wpb_row vc_row-fluid  vc_custom_1689983221835   hongo-stretch-content vc_row-no-padding hongo-stretch-content-fluid\"><div class=\"wpb_column vc_column_container col-xs-mobile-fullwidth vc_col-sm-12\"><div class=\"vc_column-inner\"><div class=\"wpb_wrapper\"><div class=\"alt-font wow slideInDown heading-style-1 vc_custom_1689983390174 heading-1 hongo-section-heading hongo_font_1689983390174\">Nous serons heureux de vous accueillir dans nos magasins !<\/div><\/div><\/div><\/div><\/section><div class=\"vc_row-full-width vc_clearfix\"><\/div><section id=\"locations\" data-vc-full-width=\"true\" data-vc-full-width-init=\"false\" class=\"vc_row wpb_row vc_row-fluid  vc_custom_1567401202687   vc_row-has-fill hongo-stretch-content hongo-stretch-row-container  hongo_responsive_1567401202691\"><div class=\"wpb_column vc_column_container col-xs-mobile-fullwidth vc_col-sm-3 wow fadeIn\" data-wow-duration= 1200ms><div class=\"vc_column-inner  hongo_responsive_1569218956796\"><div class=\"wpb_wrapper\"><div class=\"hongo-featurebox-wrap hongo-product-featurebox info-banner-style-4 equal_height_disable hongo-info-banner-4-1\"><div class=\"hongo-info-wrapper\"><div class=\"hongo-info-content-box\"><div class=\"hongo-featurebox-text alt-font\"><img fetchpriority=\"high\" decoding=\"async\" width=\"360\" height=\"216\" src=\"https:\/\/rdesignconcept.com\/wp-content\/uploads\/2023\/06\/france.png\" class=\"\" alt=\"\" title=\"\" srcset=\"https:\/\/rdesignconcept.com\/wp-content\/uploads\/2023\/06\/france.png 360w, https:\/\/rdesignconcept.com\/wp-content\/uploads\/2023\/06\/france-300x180.png 300w, https:\/\/rdesignconcept.com\/wp-content\/uploads\/2023\/06\/france-84x50.png 84w, https:\/\/rdesignconcept.com\/wp-content\/uploads\/2023\/06\/france-200x120.png 200w\" sizes=\"(max-width: 360px) 100vw, 360px\" \/>FRANCE<\/div><div class=\"hongo-info-content\">28 Rue de la Sablonni\u00e8re<br \/>\n94190 Valenton<\/div><span class=\"alt-font\"><strong>T\u00e9l :<\/strong> 09 58 93 91 81<\/span><span class=\"alt-font\"><strong>Lundi-Samedi :<\/strong> 10h-19h<strong><br \/>\nDimanche :<\/strong> 13h-18h<\/span><\/div><\/div><\/div><\/div><\/div><\/div><div class=\"wpb_column vc_column_container col-xs-mobile-fullwidth vc_col-sm-3 wow fadeIn\" data-wow-delay= 200ms data-wow-duration= 1200ms><div class=\"vc_column-inner  hongo_responsive_1569218962186\"><div class=\"wpb_wrapper\"><div class=\"hongo-featurebox-wrap hongo-product-featurebox info-banner-style-4 equal_height_disable hongo-info-banner-4-2\"><div class=\"hongo-info-wrapper\"><div class=\"hongo-info-content-box\"><div class=\"hongo-featurebox-text alt-font\"><img fetchpriority=\"high\" decoding=\"async\" width=\"360\" height=\"216\" src=\"https:\/\/rdesignconcept.com\/wp-content\/uploads\/2023\/06\/france.png\" class=\"\" alt=\"\" title=\"\" srcset=\"https:\/\/rdesignconcept.com\/wp-content\/uploads\/2023\/06\/france.png 360w, https:\/\/rdesignconcept.com\/wp-content\/uploads\/2023\/06\/france-300x180.png 300w, https:\/\/rdesignconcept.com\/wp-content\/uploads\/2023\/06\/france-84x50.png 84w, https:\/\/rdesignconcept.com\/wp-content\/uploads\/2023\/06\/france-200x120.png 200w\" sizes=\"(max-width: 360px) 100vw, 360px\" \/>FRANCE<\/div><div class=\"hongo-info-content\">107bis Avenue du pr\u00e9sident J.F Kennedy,<br \/>\n94190 Villeneuve-Saint-Georges<\/div><span class=\"alt-font\"><strong>T\u00e9l :<\/strong> 09 58 93 91 81<\/span><span class=\"alt-font\"><strong>Lundi-Samedi :<\/strong> 10h-19h<br \/>\n<strong>Dimanche :<\/strong> 13h-18h<\/span><\/div><\/div><\/div><\/div><\/div><\/div><div class=\"wpb_column vc_column_container col-xs-mobile-fullwidth vc_col-sm-3\"><div class=\"vc_column-inner\"><div class=\"wpb_wrapper\"><div class=\"hongo-featurebox-wrap hongo-product-featurebox info-banner-style-4 hongo-info-banner-4-3\"><div class=\"hongo-info-wrapper\"><div class=\"hongo-info-content-box\"><div class=\"hongo-featurebox-text alt-font\"><img decoding=\"async\" width=\"360\" height=\"209\" src=\"https:\/\/rdesignconcept.com\/wp-content\/uploads\/2023\/06\/us.png\" class=\"\" alt=\"\" title=\"\" srcset=\"https:\/\/rdesignconcept.com\/wp-content\/uploads\/2023\/06\/us.png 360w, https:\/\/rdesignconcept.com\/wp-content\/uploads\/2023\/06\/us-300x174.png 300w, https:\/\/rdesignconcept.com\/wp-content\/uploads\/2023\/06\/us-84x49.png 84w, https:\/\/rdesignconcept.com\/wp-content\/uploads\/2023\/06\/us-200x116.png 200w\" sizes=\"(max-width: 360px) 100vw, 360px\" \/>ETATS-UNIS<\/div><div class=\"hongo-info-content\">4647 N Stenton ave Philadelphia PA 19144<\/div><span class=\"alt-font\"><strong>T\u00e9l :<\/strong> +1 (267) 244 3369<\/span><span class=\"alt-font\"><strong>Lundi-Samedi :<\/strong> 9h-19h <strong>Dimanche :<\/strong> 11h-18h<\/span><\/div><\/div><\/div><\/div><\/div><\/div><div class=\"wpb_column vc_column_container col-xs-mobile-fullwidth vc_col-sm-3\"><div class=\"vc_column-inner\"><div class=\"wpb_wrapper\"><div class=\"hongo-featurebox-wrap hongo-product-featurebox info-banner-style-4 equal_height_disable hongo-info-banner-4-4\"><div class=\"hongo-info-wrapper\"><div class=\"hongo-info-content-box\"><div class=\"hongo-featurebox-text alt-font\"><img decoding=\"async\" width=\"360\" height=\"224\" src=\"https:\/\/rdesignconcept.com\/wp-content\/uploads\/2023\/06\/portugal.png\" class=\"\" alt=\"\" title=\"\" srcset=\"https:\/\/rdesignconcept.com\/wp-content\/uploads\/2023\/06\/portugal.png 360w, https:\/\/rdesignconcept.com\/wp-content\/uploads\/2023\/06\/portugal-300x187.png 300w, https:\/\/rdesignconcept.com\/wp-content\/uploads\/2023\/06\/portugal-84x52.png 84w, https:\/\/rdesignconcept.com\/wp-content\/uploads\/2023\/06\/portugal-200x124.png 200w\" sizes=\"(max-width: 360px) 100vw, 360px\" \/>PORTUGAL<\/div><div class=\"hongo-info-content\">Information \u00e0 venir<br \/>\n...<\/div><span class=\"alt-font\"><strong>T\u00e9l :<\/strong><\/span><span class=\"alt-font\"><strong>Lundi-Samedi :<\/strong><br \/>\n<strong>Dimanche :<\/strong><\/span><\/div><\/div><\/div><\/div><\/div><\/div><div class=\"wpb_column vc_column_container col-xs-mobile-fullwidth vc_col-sm-12\"><div class=\"vc_column-inner\"><div class=\"wpb_wrapper\"><\/div><\/div><\/div><\/section><div class=\"vc_row-full-width vc_clearfix\"><\/div><section data-vc-full-width=\"true\" data-vc-full-width-init=\"false\" class=\"vc_row wpb_row vc_row-fluid  vc_custom_1689983536569   hongo-stretch-content hongo-stretch-row-container\"><div class=\"wpb_column vc_column_container col-xs-mobile-fullwidth vc_col-sm-4 text-center\"><div class=\"vc_column-inner  hongo_responsive_1572613196981\"><div class=\"wpb_wrapper\"><div class=\"hongo-featurebox-wrap hongo-product-featurebox icon-text-style-6 icon_text6-1\"><div class=\"hongo-featurebox-wrapper\"><div class=\"hongo-featurebox-img\"><i class=\"ti-home icon-extra-medium\"><\/i><\/div><div class=\"hongo-featurebox-text hongo_font_1686174595651 alt-font\">Nos livraisons<\/div><div class=\"content\">Gratuite si sup\u00e9rieur \u00e0 2000\u20ac d'achat.<br \/>\nNous faisons tout pour une exp\u00e9dition rapide, selon le stock disponible.<\/div><\/div><\/div><\/div><\/div><\/div><div class=\"wpb_column vc_column_container col-xs-mobile-fullwidth vc_col-sm-4 text-center\"><div class=\"vc_column-inner  hongo_responsive_1572613204265\"><div class=\"wpb_wrapper\"><div class=\"hongo-featurebox-wrap hongo-product-featurebox icon-text-style-6 icon_text6-2\"><div class=\"hongo-featurebox-wrapper\"><div class=\"hongo-featurebox-img\"><i class=\"ti-headphone-alt icon-extra-medium\"><\/i><\/div><div class=\"hongo-featurebox-text hongo_font_1686174476716 alt-font\">Service support<\/div><div class=\"content\">Nous sommes l\u00e0 pour vous, 7J\/7.<br \/>\nNous vous apportons aide et solution efficacement.<\/div><\/div><\/div><\/div><\/div><\/div><div class=\"wpb_column vc_column_container col-xs-mobile-fullwidth vc_col-sm-4 text-center\"><div class=\"vc_column-inner\"><div class=\"wpb_wrapper\"><div class=\"hongo-featurebox-wrap hongo-product-featurebox icon-text-style-6 icon_text6-3\"><div class=\"hongo-featurebox-wrapper\"><div class=\"hongo-featurebox-img\"><i class=\"ti-bag icon-extra-medium\"><\/i><\/div><div class=\"hongo-featurebox-text hongo_font_1689983565178 alt-font\">Moyens de paiements<\/div><div class=\"content\">Chez Rdesign, nous proposons plusieurs moyens de paiements s\u00e9curis\u00e9s.<br \/>\nComptant, ou en plusieurs fois.<\/div><\/div><\/div><\/div><\/div><\/div><\/section><div class=\"vc_row-full-width vc_clearfix\"><\/div><section class=\"vc_row wpb_row vc_row-fluid  vc_custom_1563531104714   vc_row-o-equal-height vc_row-o-content-middle vc_row-flex  hongo_responsive_1563531104721\"><div class=\"wpb_column vc_column_container vc_col-has-fill col-xs-mobile-fullwidth vc_col-sm-6 wow fadeIn text-center\" data-wow-delay= 200ms><div class=\"vc_column-inner vc_custom_1573291363474  hongo_responsive_1573291363479\"><div class=\"wpb_wrapper\"><div class=\"counter-style3 counter-style counter-style3-1\"><h5 data-postfix=\"\" data-to=\"+200\" data-speed=\"2000\" class=\"timer hongo_font_1686174105830 alt-font\">+200<\/h5><span class=\"counter-title hongo_font_1686174105831 alt-font\">UN LARGE CHOIX DE PRODUITS<\/span><\/div><\/div><\/div><\/div><div class=\"wpb_column vc_column_container col-xs-mobile-fullwidth vc_col-sm-6 wow fadeIn xs-text-center\" data-wow-delay= 400ms><div class=\"vc_column-inner vc_custom_1568456838821  hongo_responsive_1568456838827\"><div class=\"wpb_wrapper\"><div class=\"alt-font heading-style-3 heading-2 hongo-section-heading hongo_font_1690059848656\">Notre marque est faite pour vous faire ressentir des choses sp\u00e9ciales. Autrement, nous ne serions pas l\u00e0.<\/div><\/div><\/div><\/div><\/section>\n<\/section>","protected":false},"excerpt":{"rendered":"Nous serons heureux de vous accueillir dans nos magasins !FRANCE28 Rue de la Sablonni\u00e8re 94190 ValentonT\u00e9l : 09 58 93 91 81Lundi-Samedi : 10h-19h Dimanche : 13h-18hFRANCE107bis Avenue du pr\u00e9sident J.F Kennedy, 94190 Villeneuve-Saint-GeorgesT\u00e9l : 09 58 93 91 81Lundi-Samedi : 10h-19h Dimanche : 13h-18hETATS-UNIS4647 N Stenton ave Philadelphia PA 19144T\u00e9l : +1 (267) 244 3369Lundi-Samedi : 9h-19h Dimanche : 11h-18hPORTUGALInformation \u00e0 venir ...T\u00e9l :Lundi-Samedi : Dimanche :Nos livraisonsGratuite si sup\u00e9rieur \u00e0 2000\u20ac d'achat. Nous faisons tout pour une exp\u00e9dition rapide, selon le stock disponible.Service supportNous sommes l\u00e0 pour vous, 7J\/7. Nous vous apportons aide et solution efficacement.Moyens de paiementsChez Rdesign, nous proposons plusieurs moyens de paiements s\u00e9curis\u00e9s. Comptant, ou en plusieurs fois.+200UN LARGE CHOIX DE PRODUITSNotre marque est faite pour vous faire ressentir des choses sp\u00e9ciales. Autrement, nous ne serions pas l\u00e0.","protected":false},"author":1,"featured_media":0,"parent":0,"menu_order":0,"comment_status":"closed","ping_status":"closed","template":"","meta":{"om_disable_all_campaigns":false,"_mi_skip_tracking":false,"_monsterinsights_sitenote_active":false,"_monsterinsights_sitenote_note":"","_monsterinsights_sitenote_category":0,"footnotes":""},"aioseo_notices":[],"jetpack_sharing_enabled":true,"_links":{"self":[{"href":"https:\/\/rdesignconcept.com\/index.php\/wp-json\/wp\/v2\/pages\/9321"}],"collection":[{"href":"https:\/\/rdesignconcept.com\/index.php\/wp-json\/wp\/v2\/pages"}],"about":[{"href":"https:\/\/rdesignconcept.com\/index.php\/wp-json\/wp\/v2\/types\/page"}],"author":[{"embeddable":true,"href":"https:\/\/rdesignconcept.com\/index.php\/wp-json\/wp\/v2\/users\/1"}],"replies":[{"embeddable":true,"href":"https:\/\/rdesignconcept.com\/index.php\/wp-json\/wp\/v2\/comments?post=9321"}],"version-history":[{"count":56,"href":"https:\/\/rdesignconcept.com\/index.php\/wp-json\/wp\/v2\/pages\/9321\/revisions"}],"predecessor-version":[{"id":101352,"href":"https:\/\/rdesignconcept.com\/index.php\/wp-json\/wp\/v2\/pages\/9321\/revisions\/101352"}],"wp:attachment":[{"href":"https:\/\/rdesignconcept.com\/index.php\/wp-json\/wp\/v2\/media?parent=9321"}],"curies":[{"name":"wp","href":"https:\/\/api.w.org\/{rel}","templated":true}]}}