{"id":31108,"date":"2018-05-01T05:02:20","date_gmt":"2018-05-01T05:02:20","guid":{"rendered":"https:\/\/hongo.themezaa.com\/?page_id=3"},"modified":"2023-11-18T15:12:56","modified_gmt":"2023-11-18T14:12:56","slug":"mentions-legales","status":"publish","type":"page","link":"https:\/\/rdesignconcept.com\/index.php\/mentions-legales\/","title":{"rendered":"Mentions l\u00e9gales"},"content":{"rendered":"<section class=\"wpb-content-wrapper\"><section class=\"vc_row wpb_row vc_row-fluid  vc_custom_1568290043072    hongo_responsive_1568290043082\"><div class=\"wpb_column vc_column_container col-xs-mobile-fullwidth vc_col-sm-12\"><div class=\"vc_column-inner vc_custom_1564120821420  hongo_responsive_1564120821424\"><div class=\"wpb_wrapper\"><div class=\"text-block-content hongo-text-block-1 vc_custom_1685783494284 last-paragraph-no-margin\"><p>Conform\u00e9ment aux dispositions de l\u2019article 6 III 1\u00b0 de la loi n\u00b02004-575 du 21 juin 2004 pour la confiance dans l\u2019\u00e9conomie num\u00e9rique, nous vous informons que : Soci\u00e9t\u00e9 propri\u00e9taire du &#8220;www.rdesignconcept.com&#8221;. Le pr\u00e9sent site a \u00e9t\u00e9 r\u00e9alis\u00e9 et est la propri\u00e9t\u00e9 de RDESIGN CONCEPT SAS au capital de 1.000\u20ac. Si\u00e8ge social : 28 RUE DE LA SABLONNIERE, 94460 VALENTON, T\u00e9l\u00a0 : 0145995011, rdesignmobilier@gmail.com. Immatricul\u00e9e au Registre du commerce sous le num\u00e9ro 21827515248. L&#8217;h\u00e9bergement du site est r\u00e9alis\u00e9 par la soci\u00e9t\u00e9 Hostinger.<\/p>\n<p>&nbsp;<\/p>\n<p><strong>Conditions g\u00e9n\u00e9rales d\u2019utilisation <\/strong><\/p>\n<p><strong>Article 1 :<\/strong> <strong>Pr\u00e9ambule<\/strong><\/p>\n<p>Les utilisateurs ne peuvent b\u00e9n\u00e9ficier des services\/produits qui leur sont propos\u00e9s sur le site que sous r\u00e9serve de l\u2019acceptation des pr\u00e9sentes conditions d\u2019utilisation. L\u2019utilisateur du site reconna\u00eet avoir pris connaissance des pr\u00e9sentes conditions d\u2019utilisation et s\u2019engage \u00e0 les respecter. L\u2019utilisateur reconna\u00eet disposer de la comp\u00e9tence et des moyens n\u00e9cessaires pour acc\u00e9der et utiliser le site.<\/p>\n<p><strong>Article 2 : Objet<\/strong><\/p>\n<p>Les pr\u00e9sentes Conditions G\u00e9n\u00e9rales d\u2019utilisation ont pour objet de fixer les conditions d\u2019utilisation du site web accessible \u00e0 l\u2019adresse www.rdesignconcept.com.<\/p>\n<p><strong>Article 3 : Entr\u00e9e en vigueur \u2013 Dur\u00e9e<\/strong><\/p>\n<p>Les pr\u00e9sentes conditions d\u2019utilisation entrent en vigueur \u00e0 la date de leur mise en ligne et seront opposables \u00e0 la date de la premi\u00e8re utilisation du site par l\u2019utilisateur. Les pr\u00e9sentes conditions d\u2019utilisation sont opposables pendant toute la dur\u00e9e d\u2019utilisation du site et jusqu\u2019\u00e0 ce que de nouvelles conditions d\u2019utilisation remplacent les pr\u00e9sentes. L\u2019utilisateur peut \u00e0 tout moment renoncer \u00e0 utiliser les services et le site mais reste responsable de toute utilisation ant\u00e9rieure.<\/p>\n<p><b>Article 4 : Liens<\/b><\/p>\n<p>Rdesign concept se r\u00e9serve la possibilit\u00e9 de mettre en place des liens sur son site web donnant acc\u00e8s \u00e0 des pages web autres que celles de son site. Les utilisateurs sont inform\u00e9s que les sites auxquels ils peuvent acc\u00e9der par l\u2019interm\u00e9diaire des liens n\u2019appartiennent pas \u00e0 RDESIGN CONCEPT. RDESIGN CONCEPT d\u00e9cline toute responsabilit\u00e9 quant au contenu des informations fournies sur ces sites au titre de l\u2019activation du lien. La mise en place d\u2019un lien en direction de ce site web sans l\u2019autorisation expresse et pr\u00e9alable de RDESIGN CONCEPT. est interdite. L\u2019\u00e9diteur du site ne saurait \u00eatre responsable de l\u2019acc\u00e8s par les utilisateurs par les liens pr\u00e9sents sur le site \u00e0 d\u2019autres ressources pr\u00e9sentes sur le r\u00e9seau internet.<\/p>\n<p><strong>Article 5 : Cookies <\/strong><\/p>\n<p>L\u2019utilisateur est inform\u00e9 que, lors de ses visites sur le site, un cookie peut s\u2019installer automatiquement sur son logiciel de navigation. Les cookies enregistrent certaines informations qui sont stock\u00e9es dans la m\u00e9moire<br \/>\ndu disque de l\u2019utilisateur. En aucun cas, les cookies ne contiennent d\u2019information confidentielle mais ils permettent de garder en m\u00e9moire les pages sur lesquelles l\u2019utilisateur a navigu\u00e9.<br \/>\nConform\u00e9ment \u00e0 la loi, l\u2019utilisateur dispose d\u2019un droit d\u2019acc\u00e8s, de retrait et de modification des donn\u00e9es personnelles le concernant communiqu\u00e9es par le biais des cookies. Le param\u00e9trage du logiciel de navigation permet d\u2019informer de la pr\u00e9sence de cookies et \u00e9ventuellement de la refuser de la mani\u00e8re d\u00e9crite \u00e0 l\u2019adresse suivante : http:\/\/www.cnil.fr.<\/p>\n<p><strong>Article 6 : Responsabilit\u00e9 de l\u2019\u00e9diteur du site RDESIGN CONCEPT ne saurait \u00eatre responsable :<\/strong><\/p>\n<p>&#8211; des commentaires ext\u00e9rieurs sur les produits,<br \/>\n&#8211; de la perturbation de l\u2019utilisation du site,<br \/>\n&#8211; des photographies et dessins des produits qui ne sont pas contractuels,<br \/>\n&#8211; de l\u2019impossibilit\u00e9 d\u2019utiliser le site,<br \/>\n&#8211; des atteintes \u00e0 la s\u00e9curit\u00e9 informatique, pouvant causer des dommages aux mat\u00e9riels informatiques des utilisateurs et \u00e0 leurs donn\u00e9es,<br \/>\n&#8211; de l\u2019atteinte aux droits des utilisateurs de mani\u00e8re g\u00e9n\u00e9rale.<\/p>\n<p>L\u2019\u00e9diteur du site met tout en \u0153uvre pour offrir aux utilisateurs des informations et\/ou outils disponibles et v\u00e9rifi\u00e9s mais ne saurait \u00eatre tenu pour responsable des erreurs, d\u2019une absence de disponibilit\u00e9 des informations et\/ou de la pr\u00e9sence de virus, dont la violation est passible de sanctions p\u00e9nales sur le site. Les informations fournies par l\u2019\u00e9diteur du site ne sauraient dispenser l\u2019utilisateur d\u2019une analyse compl\u00e9mentaire et personnalis\u00e9e.<br \/>\nL\u2019\u00e9diteur du site ne saurait garantir l\u2019exactitude, la compl\u00e9tude, l\u2019actualit\u00e9 des informations diffus\u00e9es sur le site.<\/p>\n<p>En cons\u00e9quence, l\u2019utilisateur reconna\u00eet utiliser ces informations sous sa responsabilit\u00e9 exclusive<\/p>\n<\/div><\/div><\/div><\/div><\/section>\n<\/section>","protected":false},"excerpt":{"rendered":"Conform\u00e9ment aux dispositions de l\u2019article 6 III 1\u00b0 de la loi n\u00b02004-575 du 21 juin 2004 pour la confiance dans l\u2019\u00e9conomie num\u00e9rique, nous vous informons que : Soci\u00e9t\u00e9 propri\u00e9taire du \"www.rdesignconcept.com\". Le pr\u00e9sent site a \u00e9t\u00e9 r\u00e9alis\u00e9 et est la propri\u00e9t\u00e9 de RDESIGN CONCEPT SAS au capital de 1.000\u20ac. Si\u00e8ge social : 28 RUE DE LA SABLONNIERE, 94460 VALENTON, T\u00e9l\u00a0 : 0145995011, rdesignmobilier@gmail.com. Immatricul\u00e9e au Registre du commerce sous le num\u00e9ro 21827515248. L'h\u00e9bergement du site est r\u00e9alis\u00e9 par la soci\u00e9t\u00e9 Hostinger. &nbsp; Conditions g\u00e9n\u00e9rales d\u2019utilisation Article 1 : Pr\u00e9ambule Les utilisateurs ne peuvent b\u00e9n\u00e9ficier des services\/produits qui leur sont propos\u00e9s sur le site que sous r\u00e9serve de l\u2019acceptation des pr\u00e9sentes conditions d\u2019utilisation. L\u2019utilisateur du site reconna\u00eet avoir pris connaissance des pr\u00e9sentes conditions d\u2019utilisation et s\u2019engage \u00e0 les respecter. L\u2019utilisateur reconna\u00eet disposer de la comp\u00e9tence et des moyens n\u00e9cessaires pour acc\u00e9der et utiliser le site. Article 2 : Objet Les pr\u00e9sentes Conditions G\u00e9n\u00e9rales d\u2019utilisation ont pour objet de fixer les conditions d\u2019utilisation du site web accessible \u00e0 l\u2019adresse www.rdesignconcept.com. Article 3 : Entr\u00e9e en vigueur \u2013 Dur\u00e9e Les pr\u00e9sentes conditions d\u2019utilisation entrent en vigueur \u00e0 la date de leur mise en ligne et seront opposables \u00e0 la date de la premi\u00e8re...","protected":false},"author":1,"featured_media":0,"parent":0,"menu_order":0,"comment_status":"closed","ping_status":"closed","template":"","meta":{"om_disable_all_campaigns":false,"_mi_skip_tracking":false,"_monsterinsights_sitenote_active":false,"_monsterinsights_sitenote_note":"","_monsterinsights_sitenote_category":0,"footnotes":""},"aioseo_notices":[],"jetpack_sharing_enabled":true,"_links":{"self":[{"href":"https:\/\/rdesignconcept.com\/index.php\/wp-json\/wp\/v2\/pages\/31108"}],"collection":[{"href":"https:\/\/rdesignconcept.com\/index.php\/wp-json\/wp\/v2\/pages"}],"about":[{"href":"https:\/\/rdesignconcept.com\/index.php\/wp-json\/wp\/v2\/types\/page"}],"author":[{"embeddable":true,"href":"https:\/\/rdesignconcept.com\/index.php\/wp-json\/wp\/v2\/users\/1"}],"replies":[{"embeddable":true,"href":"https:\/\/rdesignconcept.com\/index.php\/wp-json\/wp\/v2\/comments?post=31108"}],"version-history":[{"count":8,"href":"https:\/\/rdesignconcept.com\/index.php\/wp-json\/wp\/v2\/pages\/31108\/revisions"}],"predecessor-version":[{"id":100663,"href":"https:\/\/rdesignconcept.com\/index.php\/wp-json\/wp\/v2\/pages\/31108\/revisions\/100663"}],"wp:attachment":[{"href":"https:\/\/rdesignconcept.com\/index.php\/wp-json\/wp\/v2\/media?parent=31108"}],"curies":[{"name":"wp","href":"https:\/\/api.w.org\/{rel}","templated":true}]}}